 

{"id":3406,"date":"2020-06-11T09:44:56","date_gmt":"2020-06-11T07:44:56","guid":{"rendered":"http:\/\/tngkpad.cluster026.hosting.ovh.net\/?page_id=3406"},"modified":"2024-11-14T16:09:31","modified_gmt":"2024-11-14T15:09:31","slug":"%e9%a6%96%e9%a1%b5","status":"publish","type":"page","link":"https:\/\/www.carrerivegauche.com\/zh-hans\/","title":{"rendered":"\u9996\u9875"},"content":{"rendered":"<div class=\"wpb-content-wrapper\"><p>[vc_row][vc_column][vc_single_image image=&#8221;27619&#8243; img_size=&#8221;full&#8221; alignment=&#8221;center&#8221; onclick=&#8221;custom_link&#8221; css=&#8221;&#8221; link=&#8221;https:\/\/www.carrerivegauche.com\/zh-hans\/events\/&#8221;][vc_empty_space height=&#8221;30px&#8221;][vc_column_text css=&#8221;&#8221;]<\/p>\n<p style=\"text-align: center;\">En cette fin d\u2019ann\u00e9e, nous renouvelons l&#8217;\u00e9v\u00e9nement CARR\u00c9 DES ARTS du mercredi 20 novembre au vendredi 20 d\u00e9cembre 2024.<\/p>\n<p style=\"text-align: center;\">C&#8217;est l&#8217;occasion de rappeler que le terme \u00ab Carr\u00e9 \u00bb, en tant qu\u2019adjectif, symbolise notre rigueur, notre s\u00e9rieux et nos expertises.<br \/>\nUn achat dans une galerie doit \u00eatre une exp\u00e9rience simple, s\u00fbre, et r\u00e9alis\u00e9e en toute confiance quant \u00e0 l\u2019origine, l\u2019authenticit\u00e9, l\u2019\u00e9tat et la valeur des \u0153uvres.<br \/>\nParmi nos adh\u00e9rents, nombreux sont ceux qui appartiennent \u00e0 un syndicat et\/ou \u00e0 une chambre d&#8217;experts.<\/p>\n<p>[\/vc_column_text][vc_empty_space height=&#8221;50px&#8221;][vc_btn title=&#8221;VOIR LE PLAN DES GALERIES&#8221; color=&#8221;warning&#8221; align=&#8221;center&#8221; link=&#8221;url:https%3A%2F%2Fwww.carrerivegauche.com%2Fwp-content%2Fuploads%2F2024%2F06%2FPLAN.06.2024-scaled.jpg|target:_blank|&#8221;][vc_empty_space height=&#8221;50px&#8221;][vc_column_text]<\/p>\n<hr width=\"100%\" \/>\n<p>[\/vc_column_text][vc_empty_space height=&#8221;50px&#8221;][vc_row_inner gap=&#8221;20&#8243;][vc_column_inner width=&#8221;1\/4&#8243;][\/vc_column_inner][vc_column_inner width=&#8221;1\/2&#8243;][vc_video link=&#8221;https:\/\/youtu.be\/JB8iuO_yOXA?feature=shared&#8221; align=&#8221;center&#8221; css=&#8221;&#8221;][vc_empty_space height=&#8221;50px&#8221;][\/vc_column_inner][vc_column_inner width=&#8221;1\/4&#8243;][\/vc_column_inner][\/vc_row_inner][\/vc_column][\/vc_row][vc_row][vc_column][vc_column_text]<\/p>\n<hr width=\"100%\" \/>\n<p>[\/vc_column_text][vc_empty_space height=&#8221;50px&#8221;][vc_column_text]<\/p>\n<h4 style=\"text-align: center;\">Avant votre visite, d\u00e9couvrez une s\u00e9lection des pi\u00e8ces dans notre Eshop que vous pourrez trouver chez nos antiquaires et galeristes.<br \/>\nUn coup de c\u0153ur ? Commandez et faites-vous livrer.<\/h4>\n<h1 style=\"text-align: center;\"><a href=\"https:\/\/www.carrerivegauche.com\/boutique-crg\/\"><span style=\"color: #cca146;\">Eshop<\/span><\/a><\/h1>\n<p>[\/vc_column_text][vc_empty_space height=&#8221;30px&#8221;][\/vc_column][\/vc_row][vc_row][vc_column width=&#8221;1\/5&#8243;][vc_single_image image=&#8221;22626&#8243; img_size=&#8221;261&#215;261&#8243; alignment=&#8221;center&#8221; onclick=&#8221;custom_link&#8221; link=&#8221;https:\/\/www.carrerivegauche.com\/boutique-crg\/&#8221;][vc_empty_space height=&#8221;40px&#8221;][\/vc_column][vc_column width=&#8221;1\/5&#8243;][vc_single_image image=&#8221;22629&#8243; img_size=&#8221;full&#8221; alignment=&#8221;center&#8221; onclick=&#8221;custom_link&#8221; link=&#8221;https:\/\/www.carrerivegauche.com\/boutique-crg\/&#8221;][vc_empty_space height=&#8221;40px&#8221;][\/vc_column][vc_column width=&#8221;1\/5&#8243;][vc_single_image image=&#8221;22632&#8243; img_size=&#8221;full&#8221; alignment=&#8221;center&#8221; onclick=&#8221;custom_link&#8221; link=&#8221;https:\/\/www.carrerivegauche.com\/boutique-crg\/&#8221;][vc_empty_space height=&#8221;40px&#8221;][\/vc_column][vc_column width=&#8221;1\/5&#8243;][vc_single_image image=&#8221;22635&#8243; img_size=&#8221;full&#8221; alignment=&#8221;center&#8221; onclick=&#8221;custom_link&#8221; link=&#8221;https:\/\/www.carrerivegauche.com\/boutique-crg\/&#8221;][vc_empty_space height=&#8221;40px&#8221;][\/vc_column][vc_column width=&#8221;1\/5&#8243;][vc_single_image image=&#8221;22638&#8243; img_size=&#8221;full&#8221; alignment=&#8221;center&#8221; onclick=&#8221;custom_link&#8221; link=&#8221;https:\/\/www.carrerivegauche.com\/boutique-crg\/&#8221;][vc_empty_space height=&#8221;40px&#8221;][\/vc_column][\/vc_row][vc_row][vc_column width=&#8221;1\/5&#8243;][vc_single_image image=&#8221;22644&#8243; img_size=&#8221;full&#8221; alignment=&#8221;center&#8221; onclick=&#8221;custom_link&#8221; link=&#8221;https:\/\/www.carrerivegauche.com\/boutique-crg\/&#8221;][vc_empty_space height=&#8221;40px&#8221;][\/vc_column][vc_column width=&#8221;1\/5&#8243;][vc_single_image image=&#8221;22641&#8243; img_size=&#8221;full&#8221; alignment=&#8221;center&#8221; onclick=&#8221;custom_link&#8221; link=&#8221;https:\/\/www.carrerivegauche.com\/boutique-crg\/&#8221;][vc_empty_space height=&#8221;40px&#8221;][\/vc_column][vc_column width=&#8221;1\/5&#8243;][vc_single_image image=&#8221;22647&#8243; img_size=&#8221;full&#8221; alignment=&#8221;center&#8221; onclick=&#8221;custom_link&#8221; link=&#8221;https:\/\/www.carrerivegauche.com\/boutique-crg\/&#8221;][vc_empty_space height=&#8221;40px&#8221;][\/vc_column][vc_column width=&#8221;1\/5&#8243;][vc_single_image image=&#8221;22650&#8243; img_size=&#8221;full&#8221; alignment=&#8221;center&#8221; onclick=&#8221;custom_link&#8221; link=&#8221;https:\/\/www.carrerivegauche.com\/boutique-crg\/&#8221;][vc_empty_space height=&#8221;40px&#8221;][\/vc_column][vc_column width=&#8221;1\/5&#8243;][vc_single_image image=&#8221;22653&#8243; img_size=&#8221;full&#8221; alignment=&#8221;center&#8221; onclick=&#8221;custom_link&#8221; link=&#8221;https:\/\/www.carrerivegauche.com\/boutique-crg\/&#8221;][vc_empty_space height=&#8221;40px&#8221;][\/vc_column][\/vc_row][vc_row][vc_column][vc_empty_space height=&#8221;30px&#8221;][vc_btn title=&#8221;CALCULER VOTRE DEVIS TRANSPORT AVEC CONVELIO&#8221; color=&#8221;warning&#8221; align=&#8221;center&#8221; link=&#8221;url:https%3A%2F%2Fwww.convelio.com%2Ffr%2Faccueil%2F|target:_blank|&#8221;][vc_empty_space height=&#8221;50px&#8221;][vc_column_text]<\/p>\n<hr width=\"100%\" \/>\n<p>[\/vc_column_text][vc_empty_space height=&#8221;30px&#8221;][vc_column_text]<\/p>\n<h4 style=\"text-align: center;\">Les galeries et antiquaires du <span style=\"color: #cca146;\">Carr\u00e9 Rive Gauche<\/span> vous proposent de recevoir vos clients, en leur offrant <span style=\"color: #cca146;\">un accueil VIP<\/span>.<\/h4>\n<p>[\/vc_column_text][vc_empty_space height=&#8221;30px&#8221;][vc_single_image image=&#8221;19254&#8243; img_size=&#8221;full&#8221; alignment=&#8221;center&#8221; onclick=&#8221;custom_link&#8221; link=&#8221;.\/conciergerie\/&#8221;][vc_empty_space height=&#8221;50px&#8221;][vc_column_text]<\/p>\n<hr width=\"100%\" \/>\n<p>[\/vc_column_text][vc_empty_space height=&#8221;50px&#8221;][vc_single_image image=&#8221;26033&#8243; img_size=&#8221;full&#8221; alignment=&#8221;center&#8221; onclick=&#8221;custom_link&#8221; link=&#8221;.\/partenaires\/&#8221;][\/vc_column][\/vc_row]<\/p>\n<\/div>","protected":false},"excerpt":{"rendered":"<p>[vc_row][vc_column][vc_single_image image=&#8221;27619&#038;&hellip;<\/p>\n","protected":false},"author":1,"featured_media":0,"parent":0,"menu_order":0,"comment_status":"closed","ping_status":"closed","template":"","meta":{"footnotes":""},"class_list":["post-3406","page","type-page","status-publish","hentry","description-off"],"aioseo_notices":[],"_links":{"self":[{"href":"https:\/\/www.carrerivegauche.com\/zh-hans\/wp-json\/wp\/v2\/pages\/3406","targetHints":{"allow":["GET"]}}],"collection":[{"href":"https:\/\/www.carrerivegauche.com\/zh-hans\/wp-json\/wp\/v2\/pages"}],"about":[{"href":"https:\/\/www.carrerivegauche.com\/zh-hans\/wp-json\/wp\/v2\/types\/page"}],"author":[{"embeddable":true,"href":"https:\/\/www.carrerivegauche.com\/zh-hans\/wp-json\/wp\/v2\/users\/1"}],"replies":[{"embeddable":true,"href":"https:\/\/www.carrerivegauche.com\/zh-hans\/wp-json\/wp\/v2\/comments?post=3406"}],"version-history":[{"count":159,"href":"https:\/\/www.carrerivegauche.com\/zh-hans\/wp-json\/wp\/v2\/pages\/3406\/revisions"}],"predecessor-version":[{"id":28741,"href":"https:\/\/www.carrerivegauche.com\/zh-hans\/wp-json\/wp\/v2\/pages\/3406\/revisions\/28741"}],"wp:attachment":[{"href":"https:\/\/www.carrerivegauche.com\/zh-hans\/wp-json\/wp\/v2\/media?parent=3406"}],"curies":[{"name":"wp","href":"https:\/\/api.w.org\/{rel}","templated":true}]}}