 

{"id":2400,"date":"2020-04-16T10:40:46","date_gmt":"2020-04-16T08:40:46","guid":{"rendered":"http:\/\/tngkpad.cluster026.hosting.ovh.net\/galleries-in-alphabetical-order\/"},"modified":"2020-06-12T08:35:17","modified_gmt":"2020-06-12T06:35:17","slug":"galleries-in-alphabetical-order","status":"publish","type":"page","link":"https:\/\/www.carrerivegauche.com\/zh-hans\/galleries-in-alphabetical-order\/","title":{"rendered":"Galleries in alphabetical order"},"content":{"rendered":"<div class=\"wpb-content-wrapper\"><p>[vc_row][vc_column][vc_column_text]<\/p>\n<p style=\"text-align: center;\">\u6709\u4e9b\u5730\u65b9\u7684\u60a0\u4e45\u5386\u53f2\u548c\u7f8e\u4e0d\u80dc\u6536\u51b3\u4e0d\u4f1a\u8ba9\u4f60\u65e0\u52a8\u4e8e\u8877\u3002 \u4f4d\u4e8e\u5df4\u9ece\u4e03\u533a\u4e2d\u5fc3\u7684 Carr\u00e9 Rive Gauche \u5c31\u662f\u5176\u4e2d\u4e4b\u4e00\u3002 \u89c1\u8bc1\u4e00\u4ee3\u53c8\u4e00\u4ee3\u6210\u529f\u7684\u53e4\u8463\u5546\u548c\u753b\u5eca\u8001\u677f\u3002 \u4ed6\u4eec\u6bcf\u4e2a\u4eba\u90fd\u7528\u81ea\u5df1\u7684\u65b9\u5f0f\u70ed\u7231\u8fd9\u4e2a\u793e\u533a\uff0c\u5bf9\u5176\u5f71\u54cd\u5e76\u4f5c\u51fa\u8d21\u732e\u3002 \u4eca\u5929\uff0cCarr\u00e9 Rive Gauche \u4e3a\u6e38\u89c8\u8005\u4eec\u63d0\u4f9b\u4e86\u7a7f\u68ad7000\u5e74\u7684\u827a\u672f\u5386\u53f2\u4e4b\u65c5\uff0c\u5979\u8be0\u91ca\u4e86\u827a\u672f\u7684\u591a\u6837\u6027\u3002<\/p>\n<p>[\/vc_column_text][vc_empty_space height=&#8221;50px&#8221;][\/vc_column][\/vc_row][vc_row][vc_column][vc_column_text]<\/p>\n<h4 style=\"text-align: center;\"><strong>Browse the Galleries in alphabetical order<\/strong><\/h4>\n<p>[\/vc_column_text][vc_empty_space height=&#8221;40px&#8221;][vc_column_text]<\/p>\n<p style=\"text-align: center;\"><a href=\"https:\/\/www.carrerivegauche.com\/en\/project\/1831-art-gallery\/\"><span style=\"color: #cca146;\"><strong>1831 Art Gallery<\/strong><\/span><\/a><br \/>\nContemporary Arts<br \/>\n6 rue de Lille 75007 Paris<br \/>\nT.+33(0)1 75 51 78 68<br \/>\n<a href=\"http:\/\/www.1831artgallery.com\/\" target=\"_blank\" rel=\"noopener noreferrer\">www.1831artgallery.com<\/a><br \/>\n<a href=\"mailto:hello@1831artgallery.com\">hello@1831artgallery.com<\/a><\/p>\n<p style=\"text-align: center;\"><a href=\"https:\/\/www.carrerivegauche.com\/en\/project\/artheme-galerie\/\"><span style=\"color: #cca146;\"><strong>Arth\u00e8me Galerie<\/strong><\/span><\/a><br \/>\nContemporary art and creations<br \/>\n31 rue de Beaune 75007 Paris<br \/>\nT.+33(0)1 42 60 09 60<br \/>\n<a href=\"http:\/\/www.arthemegalerie.fr\/\" target=\"_blank\" rel=\"noopener noreferrer\">www.arthemegalerie.fr<\/a><\/p>\n<p style=\"text-align: center;\"><a href=\"https:\/\/www.carrerivegauche.com\/en\/project\/backstreet\/\"><span style=\"color: #cca146;\"><strong>Bacstreet<\/strong><\/span><\/a><br \/>\nGalerie d&#8217;Arts d&#8217;Extr\u00eame-Orient<br \/>\n1 rue du Bac 75007 Paris<br \/>\nT.+33(0)1 42 61 24 20<\/p>\n<p style=\"text-align: center;\"><a href=\"https:\/\/www.carrerivegauche.com\/en\/project\/galerie-f-baulme-fine-arts\/\"><span style=\"color: #cca146;\"><strong>Galerie F.Baulme Fine Arts<\/strong><\/span><\/a><br \/>\nGalerie de tableaux, dessins et sculptures du XVIe au XIXe si\u00e8cles<br \/>\n1 quai Voltaire 75007 Paris<br \/>\nT.+33(0)1 42 60 73 10<br \/>\n<a href=\"http:\/\/www.fbaulme-finearts.com\/\" target=\"_blank\" rel=\"noopener noreferrer\">www.fbaulme-finearts.com<\/a><br \/>\n<a href=\"mailto:contact@fbaulme-finearts.com\">contact@fbaulme-finearts.com<\/a><\/p>\n<p style=\"text-align: center;\"><a href=\"https:\/\/www.carrerivegauche.com\/en\/project\/francois-paul-belliard\/\"><span style=\"color: #cca146;\"><strong>Galerie Belliard<\/strong><\/span><\/a><br \/>\nMeubles et objets d&#8217;art XVIIIe-XIXe, si\u00e8ges, bois dor\u00e9, meubles acajou<br \/>\n30 rue de Verneuil 75007 Paris<br \/>\nT.+33(0)1 40 20 45 82<br \/>\n<a href=\"http:\/\/www.galerie-belliard.com\/\" target=\"_blank\" rel=\"noopener noreferrer\">www.galerie-belliard.com<\/a><br \/>\n<a href=\"mailto:francoisbelliard@yahoo.fr\">francoisbelliard@yahoo.fr<\/a><\/p>\n<p style=\"text-align: center;\"><a href=\"https:\/\/www.carrerivegauche.com\/en\/project\/jm-bealu-et-fils\/\"><span style=\"color: #cca146;\"><strong>JM B\u00e9alu et fils<\/strong><\/span><\/a><br \/>\nC\u00e9ramiques des 16e, 17e et 18e si\u00e8cles. Fa\u00efences, porcelaines, majoliques italienne, verrerie. Meubles et objets d&#8217;art du 18e si\u00e8cle. Dessins anciens<br \/>\n3 rue du Bac 75007 Paris<br \/>\nT.+33(0)1 45 48 46 53<br \/>\n<a href=\"http:\/\/www.bealu.net\/\" target=\"_blank\" rel=\"noopener noreferrer\">www.bealu.net<\/a><br \/>\n<a href=\"mailto:bealu@wanadoo.fr\">bealu@wanadoo.fr<\/a><\/p>\n<p style=\"text-align: center;\"><a href=\"https:\/\/www.carrerivegauche.com\/en\/project\/marie-biancarelli\/\"><span style=\"color: #cca146;\"><strong>Galerie Marie Biancarelli<\/strong><\/span><\/a><br \/>\n10 rue de Beaune 75007 Paris<br \/>\nT.+33(0)6 13 08 03 44<br \/>\n<a href=\"mailto:marie.biancarelli@gmail.com\">marie.biancarelli@gmail.com<\/a><\/p>\n<p style=\"text-align: center;\"><a href=\"https:\/\/www.carrerivegauche.com\/en\/project\/galerie-bjf\/\"><span style=\"color: #cca146;\"><strong>Galerie BJF<\/strong><\/span><\/a><br \/>\nTableaux, dessins, sculptures-anciens<br \/>\n27 rue de Verneuil 75007 Paris<br \/>\nT.+33(0)1 42 61 36 46<br \/>\n<a href=\"http:\/\/www.galerie-bjf-antiquites.com\/\" target=\"_blank\" rel=\"noopener noreferrer\">www.galerie-bjf-antiquites.com<\/a><br \/>\n<a href=\"mailto:galerie.bjf@wanadoo.fr\">galerie.bjf@wanadoo.fr<\/a><\/p>\n<p style=\"text-align: center;\"><a href=\"https:\/\/www.carrerivegauche.com\/en\/project\/gerard-conte\/\"><span style=\"color: #cca146;\"><strong>G\u00e9rard Conte<\/strong><\/span><\/a><br \/>\nArts de la c\u00e9ramique et du feu, Mobilier, Objets d&#8217;Art, Curiosit\u00e9s<br \/>\n7 rue du Bac 75007 Paris<br \/>\nT.+33(0)1 42 60 18 62<br \/>\n<a href=\"http:\/\/www.conteantiquites.fr\/\" target=\"_blank\" rel=\"noopener noreferrer\">www.conteantiquites.fr<\/a><\/p>\n<p style=\"text-align: center;\"><a href=\"https:\/\/www.carrerivegauche.com\/en\/project\/galerie-delalande\/\"><strong><span style=\"color: #cca146;\">Galerie Delalande<\/span><\/strong><\/a><br \/>\nMarine et Sciences, objets du Tabac et de l\u2019Opium, Cannes de collection, Curiosit\u00e9s<br \/>\n35 rue de Lille 75007 Paris<br \/>\nT.+33(0)1 42 60 19 35<br \/>\n<a href=\"http:\/\/www.antiquites-delalande.fr\/\" target=\"_blank\" rel=\"noopener noreferrer\">www.antiquites-delalande.fr<\/a><br \/>\n<a href=\"mailto:domdelalande@hotmail.com\">domdelalande@hotmail.com<\/a><\/p>\n<p style=\"text-align: center;\"><a href=\"https:\/\/www.carrerivegauche.com\/en\/project\/delesalle-antiquites\/\"><strong><span style=\"color: #cca146;\">Delesalle Antiquit\u00e9s<\/span><\/strong><\/a><br \/>\nAntiquit\u00e9s, mobilier et objets d&#8217;Art<br \/>\n16 rue des Saints-P\u00e8res 75007 Paris<br \/>\nT.+33(0)7 87 01 47 04<br \/>\n<a href=\"mailto:xavier.delesalle@gmail.com\">xavier.delesalle@gmail.com<\/a><\/p>\n<p style=\"text-align: center;\"><a href=\"https:\/\/www.carrerivegauche.com\/en\/project\/galerie-despas\/\"><span style=\"color: #cca146;\"><strong>Catherine Despas<\/strong><\/span><\/a><br \/>\nAntiquit\u00e9s, mobilier et objets d&#8217;Art<br \/>\n9 rue du Bac 75007 Paris<br \/>\n<span class=\"zgWrF\">T.+33(0)6 72 29 48 77<\/span><\/p>\n<p style=\"text-align: center;\"><a href=\"https:\/\/www.carrerivegauche.com\/en\/project\/galerie-dragesco-cramoisan\/\"><span style=\"color: #cca146;\"><strong>Dragesco-Cramoisan<\/strong><\/span><\/a><br \/>\nPorcelaines et verreries anciennes<br \/>\n13 rue de Beaune 75007 Paris<br \/>\nT.+33(0)1 42 61 18 20<br \/>\n<a href=\"mailto:bdragesco@orange.fr\">bdragesco@orange.fr<\/a><br \/>\n<a href=\"mailto:didier.cramoisan@orange.fr\">didier.cramoisan@orange.fr<\/a><\/p>\n<p style=\"text-align: center;\"><a href=\"https:\/\/www.carrerivegauche.com\/en\/project\/galerie-gilgamesh\/\"><span style=\"color: #cca146;\"><strong>Galerie Gilgamesh<\/strong><\/span><\/a><br \/>\nArch\u00e9ologie et civilisations<br \/>\n16 rue de Lille 75007 Paris<br \/>\nT.+33(0)1 42 61 37 66<br \/>\n<a href=\"http:\/\/www.galerie-gilgamesh.fr\/\" target=\"_blank\" rel=\"noopener noreferrer\">www.galerie-gilgamesh.fr<\/a><br \/>\n<a href=\"mailto:galerie.gilgamesh@wanadoo.fr\">galerie.gilgamesh@wanadoo.fr<\/a><\/p>\n<p style=\"text-align: center;\"><a href=\"https:\/\/www.carrerivegauche.com\/en\/project\/michele-hayem\/\"><span style=\"color: #cca146;\"><strong>Mich\u00e8le Hayem<\/strong><\/span><\/a><br \/>\nArts d\u00e9coratifs du XXe si\u00e8cle et tableaux russes<br \/>\n5 rue de Beaune 75007 Paris<br \/>\nT.+33(0)6 62 67 79 02<br \/>\n<a href=\"http:\/\/www.galerie-michele-hayem.com\/\" target=\"_blank\" rel=\"noopener noreferrer\">www.galerie-michele-hayem.com<\/a><br \/>\n<a href=\"mailto:michayem@hotmail.fr\">michayem@hotmail.fr<\/a><\/p>\n<p style=\"text-align: center;\"><a href=\"https:\/\/www.carrerivegauche.com\/en\/project\/galerie-jantzen\/\"><span style=\"color: #cca146;\"><strong>Galerie Jantzen &#8211; Arcannes<\/strong><\/span><\/a><br \/>\nCannes anciennes de collection, d\u00e9coratives, \u00e0 syst\u00e8mes et d\u2019art populaire. Objets de curiosit\u00e9s.<br \/>\n18 rue de Beaune 75007 Paris<br \/>\nT.+33(0)1 42 61 58 05<br \/>\n<a href=\"http:\/\/www.artcannes.com\/\" target=\"_blank\" rel=\"noopener noreferrer\">www.artcannes.com<\/a><br \/>\n<a href=\"mailto:jantzen@artcannes.com\">jantzen@artcannes.com<\/a><\/p>\n<p style=\"text-align: center;\"><a href=\"https:\/\/www.carrerivegauche.com\/en\/project\/galerie-lamy-chabolle\/\"><span style=\"color: #cca146;\"><strong>Galerie Lamy-Chabolle<\/strong><\/span><\/a><br \/>\nMobilier et objets d&#8217;art XIXe si\u00e8cle<br \/>\n12 rue de l&#8217;Universit\u00e9 75007 Paris<br \/>\nT.+33(0)1 42 96 19 40<br \/>\n<a href=\"http:\/\/www.galerielamychabolle.com\/\" target=\"_blank\" rel=\"noopener noreferrer\">www.galerielamychabolle.com<\/a><br \/>\n<a href=\"mailto:olivialamychabolle@9business.fr\">olivialamychabolle@9business.fr<\/a><\/p>\n<p style=\"text-align: center;\"><a href=\"https:\/\/www.carrerivegauche.com\/en\/project\/galerie-lafon-vosseler\/\"><span style=\"color: #cca146;\"><strong>Galerie Lafon-Vosseler<\/strong><\/span><\/a><br \/>\nArts d\u00e9coratifs de 1890 \u00e0 1970<br \/>\n32 rue de Verneuil 75007 Paris<br \/>\nT.+33(0)1 49 27 00 38<br \/>\n<a href=\"http:\/\/www.galerielafonvosseler.com\/\" target=\"_blank\" rel=\"noopener noreferrer\">www.galerielafonvosseler.com<\/a><br \/>\n<a href=\"mailto:info@galerielafonvesseler.com\">info@galerielafonvesseler.com<\/a><\/p>\n<p style=\"text-align: center;\"><a href=\"https:\/\/www.carrerivegauche.com\/en\/project\/gabrielle-laroche\/\"><span style=\"color: #cca146;\"><strong>Gabrielle Laroche<\/strong><\/span><\/a><br \/>\n12 rue de Beaune et 25 rue de Lille 75007 Paris<br \/>\nT. +33(0)1 42 97 59 18<br \/>\nM. +33(0)6 08 60 05 82<br \/>\n<a href=\"http:\/\/www.gabrielle-laroche.com\/\" target=\"_blank\" rel=\"noopener noreferrer\">www.gabrielle-laroche.com<\/a><br \/>\n<a href=\"mailto:gabrielle-laroche@wanadoo.fr\">gabrielle-laroche@wanadoo.fr<\/a><\/p>\n<p style=\"text-align: center;\"><a href=\"https:\/\/www.carrerivegauche.com\/en\/project\/bertrand-de-lavergne\/\"><span style=\"color: #cca146;\"><strong>Bertrand de Lavergne<\/strong><\/span><\/a><br \/>\nArch\u00e9ologie et Civilisations, Arts de la C\u00e9ramique et du Feu<br \/>\n17 rue des Saints P\u00e8res 75006 Paris<br \/>\nT.+33(0)1 42 60 21 63<br \/>\n<a href=\"mailto:bertrand.de.lavergne@wanadoo.fr\">bertrand.de.lavergne@wanadoo.fr<\/a><br \/>\n<a href=\"http:\/\/www.bertranddelavergne.com\/\" target=\"_blank\" rel=\"noopener noreferrer\">www.bertranddelavergne.com<\/a><\/p>\n<p style=\"text-align: center;\"><a href=\"https:\/\/www.carrerivegauche.com\/en\/project\/galerie-gerard-levy\/\"><span style=\"color: #cca146;\"><strong>G\u00e9rard L\u00e9vy<\/strong><\/span><\/a><br \/>\nArts d&#8217;extr\u00eame-orient<br \/>\n17 rue de Beaune 75007 Paris<br \/>\nT.+33(0)1 42 61 26 55<br \/>\n<a href=\"http:\/\/www.galeriegerardlevy.com\" target=\"_blank\" rel=\"noopener noreferrer\">www.galeriegerardlevy.com<\/a><br \/>\n<a href=\"mailto:galeriegerardlevy@gmail.com\">galeriegerardlevy@gmail.com<\/a><\/p>\n<p style=\"text-align: center;\"><a href=\"https:\/\/www.carrerivegauche.com\/en\/project\/galerie-gilles-linossier\/\"><span style=\"color: #cca146;\"><strong>Galerie Gilles Linossier<\/strong><\/span><\/a><br \/>\nMobiliers, objets d&#8217;art, curiosit\u00e9s<br \/>\n11 quai Voltaire 75007 Paris<br \/>\nT.+33(0)1 53 29 00 18<br \/>\n<a href=\"http:\/\/www.galerie-linossier.com\/\" target=\"_blank\" rel=\"noopener noreferrer\">www.galerie-linossier.com<\/a><br \/>\n<a href=\"mailto:g.linossier@wanadoo.fr\">g.linossier@wanadoo.fr<\/a><\/p>\n<p style=\"text-align: center;\"><a href=\"https:\/\/www.carrerivegauche.com\/en\/project\/didier-jean-nenert\/\"><span style=\"color: #cca146;\"><strong>Didier-Jean N\u00e9nert<\/strong><\/span><\/a><br \/>\nMobiliers, objets d&#8217;art, curiosit\u00e9s<br \/>\n38 rue de Lille 75007 Paris<br \/>\nT.+33(0)1 42 61 55 79<br \/>\n<a href=\"https:\/\/djnenertantics.wixsite.com\/\" target=\"_blank\" rel=\"noopener noreferrer\">www.djnenertantics.com<\/a><br \/>\n<a href=\"mailto:djnenertantics@aol.com\">djnenertantics@aol.com<\/a><\/p>\n<p style=\"text-align: center;\"><a href=\"https:\/\/www.carrerivegauche.com\/en\/project\/laurent-oiffer-bomsel\/\"><span style=\"color: #cca146;\"><strong>Laurent O\u00efffer-Bomsel<\/strong><\/span><\/a><br \/>\nCuriosit\u00e9s, objets de vitrine et de collection<br \/>\n22 rue de Beaune 75007 Paris<br \/>\nTel. +33(0)1 40 20 90 95<br \/>\nMob. +33(0)6 80 15 84 82<br \/>\n<a href=\"http:\/\/www.laurentoiffer.com\/\" target=\"_blank\" rel=\"noopener noreferrer\">www.laurentoiffer.com<\/a><br \/>\n<a href=\"mailto:laurent@laurentoiffer.com\">laurent@laurentoiffer.com<\/a><\/p>\n<p style=\"text-align: center;\"><strong><a href=\"https:\/\/www.carrerivegauche.com\/en\/project\/loeil-du-pelican\/\"><span style=\"color: #cca146;\">L&#8217;\u0152il du P\u00e9lican<\/span><\/a><br \/>\n<\/strong>Magasin d&#8217;antiquit\u00e9s \u00e0 Paris<br \/>\n5 rue de Beaune 75007 Paris<br \/>\nT. +33(0)6 14 18 13 08<br \/>\n<a href=\"mailto:francoise.carrier@wanadoo.fr\">francoise.carrier@wanadoo.fr<\/a><\/p>\n<p style=\"text-align: center;\"><a href=\"https:\/\/www.carrerivegauche.com\/en\/project\/la-pendulerie\/\"><span style=\"color: #cca146;\"><strong>La Pendulerie &#8211; Edouard Gu\u00e9rin<\/strong><\/span><\/a><br \/>\nPendules et objets d&#8217;art d&#8217;exception<br \/>\n8 rue de Beaune 75007 Paris<br \/>\nT.+33(0)1 42 61 51 60<br \/>\n<a href=\"http:\/\/www.lapendulerie.com\/\" target=\"_blank\" rel=\"noopener noreferrer\">www.lapendulerie.com<\/a><br \/>\n<a href=\"mailto:lapendulerie@lapendulerie.com\">lapendulerie@lapendulerie.com<\/a><\/p>\n<p style=\"text-align: center;\"><a href=\"https:\/\/www.carrerivegauche.com\/en\/project\/galerie-jerome-pla\/\"><span style=\"color: #cca146;\"><strong>Galerie J\u00e9r\u00f4me Pla<\/strong><\/span><\/a><br \/>\nMobilier, objets d&#8217;art, curiosit\u00e9<br \/>\n18 rue de Beaune 75007 Paris<br \/>\nT.+33(0)1 47 70 33 90<br \/>\n<a href=\"http:\/\/www.galeriepla.com\/\" target=\"_blank\" rel=\"noopener noreferrer\">www.galeriepla.com<\/a><br \/>\n<a href=\"mailto:info@galeriepla.com\">info@galeriepla.com<\/a><\/p>\n<p style=\"text-align: center;\"><a href=\"https:\/\/www.carrerivegauche.com\/en\/project\/galerie-patrick-pottier\/\"><span style=\"color: #cca146;\"><strong>Galerie Patrick Pottier<\/strong><\/span><\/a><br \/>\nMagasin d&#8217;antiquit\u00e9s \u00e0 Paris<br \/>\n6 &#8211; 7 Rue de Beaune 75007 Paris<br \/>\n<span class=\"zgWrF\">T.+33(0)6 44 38 15 95<\/span><\/p>\n<p style=\"text-align: center;\"><a href=\"https:\/\/www.carrerivegauche.com\/en\/project\/galerie-theoreme\/\"><span style=\"color: #cca146;\"><strong>Galerie Th\u00e9or\u00e8me<\/strong><\/span><\/a><br \/>\nArts de la c\u00e9ramique et du feu<br \/>\n15 rue de Lille 75007 Paris<br \/>\nT.+33(0)6 07 11 42 84<br \/>\n<a href=\"http:\/\/www.galerie-theoreme.com\/\" target=\"_blank\" rel=\"noopener noreferrer\">www.galerie-theoreme.com<\/a><br \/>\n<a href=\"mailto:galerietheoreme@club-internet.fr\">galerietheoreme@club-internet.fr<\/a><\/p>\n<p style=\"text-align: center;\"><a href=\"https:\/\/www.carrerivegauche.com\/en\/project\/galerie-tiago\/\"><span style=\"color: #cca146;\"><strong>Galerie Tiago<\/strong><\/span><\/a><br \/>\nObjets d&#8217;art et de curiosit\u00e9 &#8211; Laques &#8211; Paravents &#8211; Meubles &#8211; Tableaux &#8211; Sculptures<br \/>\n36 rue de l&#8217;Universit\u00e9 75007 Paris<br \/>\nT.+33(0)1 42 92 09 12<br \/>\n<a href=\"http:\/\/www.galerietiago.com\/\" target=\"_blank\" rel=\"noopener noreferrer\">www.galerietiago.com<\/a><br \/>\n<a href=\"mailto:galerietiago@hotmail.fr\">galerietiago@hotmail.fr<\/a><\/p>\n<p style=\"text-align: center;\"><a href=\"https:\/\/www.carrerivegauche.com\/en\/project\/galerie-voltaire-antiquites\/\"><span style=\"color: #cca146;\"><strong>Galerie Voltaire Antiquit\u00e9s &#8211; Vand<\/strong><strong>e<\/strong><strong>rmeersch<\/strong><\/span><\/a><br \/>\nC\u00e9ramique, Arts du feu et Argenterie<br \/>\n21 Quai Voltaire 75007 Paris<br \/>\nT.+33(0)1 42 61 23 10<br \/>\n<a href=\"mailto:vandermeersch75@gmail.com\">vandermeersch75@gmail.com<\/a><\/p>\n<p style=\"text-align: center;\"><a href=\"https:\/\/www.carrerivegauche.com\/en\/project\/philippe-vichot\/\"><span style=\"color: #cca146;\"><strong>Philippe Vichot<\/strong><\/span><\/a><br \/>\nMobilier, objets d&#8217;art, curiosit\u00e9<br \/>\n37 rue de Lille 75007 Paris<br \/>\nT.+33(0)1 40 15 00 81<br \/>\n<a href=\"http:\/\/www.vichot.com\/\" target=\"_blank\" rel=\"noopener noreferrer\">www.vichot.com<\/a><br \/>\n<a href=\"mailto:philippe@vichot.com\">philippe@vichot.com<\/a><\/p>\n<p style=\"text-align: center;\"><a href=\"https:\/\/www.carrerivegauche.com\/en\/project\/galerie-antoine-villeneuve\/\"><span style=\"color: #cca146;\"><strong>Galerie Antoine Villeneuve<\/strong><\/span><\/a><br \/>\nTableaux, dessins, sculptures modernes et contemporains<br \/>\n25, rue de Beaune 75007 Paris<br \/>\nT. +33(0)6 66 75 18 48<br \/>\n<a href=\"http:\/\/www.galerieantoinevilleneuve.com\" target=\"_blank\" rel=\"noopener noreferrer\">www.galerieantoinevilleneuve.com<\/a><br \/>\n<a href=\"mailto:antoine.villeneuve1@gmail.com\">antoine.villeneuve1@gmail.com<\/a><\/p>\n<p>[\/vc_column_text][\/vc_column][\/vc_row]<\/p>\n<\/div>","protected":false},"excerpt":{"rendered":"<p>[vc_row][vc_column][vc_column_text] \u6709\u4e9b\u5730\u65b9\u7684\u60a0\u4e45\u5386\u53f2\u548c\u7f8e\u4e0d\u80dc\u6536\u51b3\u4e0d\u4f1a\u8ba9\u4f60&hellip;<\/p>\n","protected":false},"author":1,"featured_media":0,"parent":0,"menu_order":20,"comment_status":"closed","ping_status":"closed","template":"","meta":{"footnotes":""},"class_list":["post-2400","page","type-page","status-publish","hentry","description-off"],"aioseo_notices":[],"_links":{"self":[{"href":"https:\/\/www.carrerivegauche.com\/zh-hans\/wp-json\/wp\/v2\/pages\/2400","targetHints":{"allow":["GET"]}}],"collection":[{"href":"https:\/\/www.carrerivegauche.com\/zh-hans\/wp-json\/wp\/v2\/pages"}],"about":[{"href":"https:\/\/www.carrerivegauche.com\/zh-hans\/wp-json\/wp\/v2\/types\/page"}],"author":[{"embeddable":true,"href":"https:\/\/www.carrerivegauche.com\/zh-hans\/wp-json\/wp\/v2\/users\/1"}],"replies":[{"embeddable":true,"href":"https:\/\/www.carrerivegauche.com\/zh-hans\/wp-json\/wp\/v2\/comments?post=2400"}],"version-history":[{"count":4,"href":"https:\/\/www.carrerivegauche.com\/zh-hans\/wp-json\/wp\/v2\/pages\/2400\/revisions"}],"predecessor-version":[{"id":3462,"href":"https:\/\/www.carrerivegauche.com\/zh-hans\/wp-json\/wp\/v2\/pages\/2400\/revisions\/3462"}],"wp:attachment":[{"href":"https:\/\/www.carrerivegauche.com\/zh-hans\/wp-json\/wp\/v2\/media?parent=2400"}],"curies":[{"name":"wp","href":"https:\/\/api.w.org\/{rel}","templated":true}]}}