 

{"id":9949,"date":"2021-05-18T11:32:16","date_gmt":"2021-05-18T09:32:16","guid":{"rendered":"https:\/\/www.carrerivegauche.com\/boutique-crg\/paperolle-christ-a-la-sainte-couronne\/"},"modified":"2024-06-25T18:40:24","modified_gmt":"2024-06-25T16:40:24","slug":"paperolle-christ-a-la-sainte-couronne","status":"publish","type":"product","link":"https:\/\/www.carrerivegauche.com\/fr\/boutique-crg\/paperolle-christ-a-la-sainte-couronne\/","title":{"rendered":"Paperolle, Christ \u00e0 la Sainte Couronne"},"content":{"rendered":"<p>La paperolle est une technique de d\u00e9coration utilisant d\u2019\u00e9troites bandelettes ou tissus de papier, enroul\u00e9es sur elle-m\u00eame et fix\u00e9es sur un support ou dans un cadre, cr\u00e9ant un sujet en trois dimensions.<br \/>Tr\u00e8s en vogue \u00e0 la Renaissance, surtout dans les congr\u00e9gations religieuses, f\u00e9minines telles que les Carm\u00e9lites, les Ursulines\u2026qui souhaitaient ainsi reproduire l\u2019effet des filigranes d\u2019or et d\u2019argent des orf\u00e8vres.<br \/>Le genre se d\u00e9mocratise au XVIIIe si\u00e8cle, et est surtout produit en abondance entre 1720 et 1850 et conna\u00eet un v\u00e9ritable essor en Bavi\u00e8re, dans le nord de l\u2019Espagne et dans le sud de la France.<\/p>\n","protected":false},"excerpt":{"rendered":"<p>Belle paperolle repr\u00e9sentant au centre le Christ avec la sainte couronne, dans son cadre d&rsquo;origine.<br \/>La Sainte Couronne, selon la tradition chr\u00e9tienne, est la couronne d&rsquo;\u00e9pines pos\u00e9e sur la t\u00eate du Christ avant sa crucifixion.<br \/>Elle fait partie des reliques attribu\u00e9es \u00e0 J\u00e9sus.<\/p>\n","protected":false},"featured_media":9946,"template":"","meta":[],"product_brand":[],"product_cat":[278],"product_tag":[],"class_list":{"0":"post-9949","1":"product","2":"type-product","3":"status-publish","4":"has-post-thumbnail","6":"product_cat-saint-martin","7":"description-off","9":"first","10":"instock","11":"shipping-taxable","12":"purchasable","13":"product-type-simple"},"aioseo_notices":[],"_links":{"self":[{"href":"https:\/\/www.carrerivegauche.com\/fr\/wp-json\/wp\/v2\/product\/9949","targetHints":{"allow":["GET"]}}],"collection":[{"href":"https:\/\/www.carrerivegauche.com\/fr\/wp-json\/wp\/v2\/product"}],"about":[{"href":"https:\/\/www.carrerivegauche.com\/fr\/wp-json\/wp\/v2\/types\/product"}],"wp:featuredmedia":[{"embeddable":true,"href":"https:\/\/www.carrerivegauche.com\/fr\/wp-json\/wp\/v2\/media\/9946"}],"wp:attachment":[{"href":"https:\/\/www.carrerivegauche.com\/fr\/wp-json\/wp\/v2\/media?parent=9949"}],"wp:term":[{"taxonomy":"product_brand","embeddable":true,"href":"https:\/\/www.carrerivegauche.com\/fr\/wp-json\/wp\/v2\/product_brand?post=9949"},{"taxonomy":"product_cat","embeddable":true,"href":"https:\/\/www.carrerivegauche.com\/fr\/wp-json\/wp\/v2\/product_cat?post=9949"},{"taxonomy":"product_tag","embeddable":true,"href":"https:\/\/www.carrerivegauche.com\/fr\/wp-json\/wp\/v2\/product_tag?post=9949"}],"curies":[{"name":"wp","href":"https:\/\/api.w.org\/{rel}","templated":true}]}}