 

{"id":9933,"date":"2021-05-14T10:41:32","date_gmt":"2021-05-14T08:41:32","guid":{"rendered":"https:\/\/www.carrerivegauche.com\/boutique-crg\/miroir-en-bois-attribue-a-hector-guimard\/"},"modified":"2023-04-01T16:40:40","modified_gmt":"2023-04-01T14:40:40","slug":"miroir-en-bois-attribue-a-hector-guimard","status":"publish","type":"product","link":"https:\/\/www.carrerivegauche.com\/fr\/boutique-crg\/miroir-en-bois-attribue-a-hector-guimard\/","title":{"rendered":"Miroir en bois attribu\u00e9 \u00e0 Hector GUIMARD"},"content":{"rendered":"<p>L\u2019art nouveau touche toutes les formes de l&rsquo;art et du design, \u00e0 la suite de l&rsquo;Art and Craft anglais.<\/p>\n<p>Il c\u00e9l\u00e8bre le travail artisanal et pr\u00f4ne l\u2019union des arts d\u00e9coratifs et des beaux-arts afin de produire une \u0153uvre d\u2019art total.<\/p>\n<p>Le r\u00e9pertoire de l&rsquo;Art Nouveau est tr\u00e8s floral avec des lignes toutes en courbes et tr\u00e8s sinueuses. Notre miroir poss\u00e8de ainsi en haut ce que l\u2019on appelle un motif d\u2019ombrelle.<\/p>\n<p>Si Guimard est c\u00e9l\u00e8bre dans le monde entier pour ses entr\u00e9es de m\u00e9tro parisien, il travaille aussi sur d\u2019autres projets plus intimes, comme dessiner des vases ou encore du mobilier.<\/p>\n<p>Vous pouvez admirer aux Mus\u00e9es des Beaux-Arts de Lyon, l\u2019ensemble, lit, chaises et autres qu\u2019il cr\u00e9a dans le style art nouveau, pour sa chambre.<\/p>\n","protected":false},"excerpt":{"rendered":"<p>Ce tr\u00e8s beau miroir en bois a s\u00fbrement \u00e9t\u00e9 r\u00e9alis\u00e9 par le plus grand repr\u00e9sentant de l&rsquo;art nouveau, Hector GUIMARD (1867-1942)<\/p>\n","protected":false},"featured_media":9921,"template":"","meta":[],"product_brand":[],"product_cat":[278],"product_tag":[],"class_list":{"0":"post-9933","1":"product","2":"type-product","3":"status-publish","4":"has-post-thumbnail","6":"product_cat-saint-martin","7":"description-off","9":"first","10":"instock","11":"shipping-taxable","12":"purchasable","13":"product-type-simple"},"aioseo_notices":[],"_links":{"self":[{"href":"https:\/\/www.carrerivegauche.com\/fr\/wp-json\/wp\/v2\/product\/9933","targetHints":{"allow":["GET"]}}],"collection":[{"href":"https:\/\/www.carrerivegauche.com\/fr\/wp-json\/wp\/v2\/product"}],"about":[{"href":"https:\/\/www.carrerivegauche.com\/fr\/wp-json\/wp\/v2\/types\/product"}],"wp:featuredmedia":[{"embeddable":true,"href":"https:\/\/www.carrerivegauche.com\/fr\/wp-json\/wp\/v2\/media\/9921"}],"wp:attachment":[{"href":"https:\/\/www.carrerivegauche.com\/fr\/wp-json\/wp\/v2\/media?parent=9933"}],"wp:term":[{"taxonomy":"product_brand","embeddable":true,"href":"https:\/\/www.carrerivegauche.com\/fr\/wp-json\/wp\/v2\/product_brand?post=9933"},{"taxonomy":"product_cat","embeddable":true,"href":"https:\/\/www.carrerivegauche.com\/fr\/wp-json\/wp\/v2\/product_cat?post=9933"},{"taxonomy":"product_tag","embeddable":true,"href":"https:\/\/www.carrerivegauche.com\/fr\/wp-json\/wp\/v2\/product_tag?post=9933"}],"curies":[{"name":"wp","href":"https:\/\/api.w.org\/{rel}","templated":true}]}}