 

{"id":9898,"date":"2021-05-06T10:27:38","date_gmt":"2021-05-06T08:27:38","guid":{"rendered":"https:\/\/www.carrerivegauche.com\/boutique-crg\/un-beau-deux-corps-cintre-en-chene-epoque-xviii-eme\/"},"modified":"2021-05-18T14:27:53","modified_gmt":"2021-05-18T12:27:53","slug":"un-beau-deux-corps-cintre-en-chene-epoque-xviii-eme","status":"publish","type":"product","link":"https:\/\/www.carrerivegauche.com\/fr\/boutique-crg\/un-beau-deux-corps-cintre-en-chene-epoque-xviii-eme\/","title":{"rendered":"Un beau deux-corps cintr\u00e9 en ch\u00eane \u00e9poque XVIII \u00e8me"},"content":{"rendered":"<p>Originaire de Bourgogne, notre deux-corps est tr\u00e8s repr\u00e9sentatif de cette p\u00e9riode du 18e qui marque le triomphe de ce genre de meuble.<\/p>\n<p>En effet descendant direct des meubles de ch\u00e2teaux qu\u2019\u00e9tait le deux-corps renaissance, le deux-corps devient un meuble bourgeois et chaque province y apporte un style diff\u00e9rent.<\/p>\n<p>Notre deux-corps est galb\u00e9 et moulur\u00e9 avec discr\u00e9tion, des petites frises florales viennent ajouter une touche d\u2019\u00e9l\u00e9gance.<\/p>\n<p>Ouvrant \u00e0 4 portes, deux en haut et bas, vous pourrez ranger vos nombreux tr\u00e9sors, sur 4 \u00e9tag\u00e8res dans la partie haute.<\/p>\n<p>Dimensions : haut du corps :155x42x168cm &#8211; bas du corps: 157x63x91cm<\/p>\n<p><\/p>\n","protected":false},"excerpt":{"rendered":"<p>Cet exceptionnel deux-corps, cintr\u00e9 en ch\u00eane, est \u00e0 4 portes, provient du ch\u00e2teau d&rsquo;Argenteuil sur Arman\u00e7on, Yonne, pr\u00e8s de Tonnerre<br data-mce-bogus=\"1\"><\/p>\n","protected":false},"featured_media":9876,"template":"","meta":[],"product_brand":[],"product_cat":[278],"product_tag":[],"class_list":{"0":"post-9898","1":"product","2":"type-product","3":"status-publish","4":"has-post-thumbnail","6":"product_cat-saint-martin","7":"description-off","9":"first","10":"instock","11":"shipping-taxable","12":"product-type-simple"},"aioseo_notices":[],"_links":{"self":[{"href":"https:\/\/www.carrerivegauche.com\/fr\/wp-json\/wp\/v2\/product\/9898","targetHints":{"allow":["GET"]}}],"collection":[{"href":"https:\/\/www.carrerivegauche.com\/fr\/wp-json\/wp\/v2\/product"}],"about":[{"href":"https:\/\/www.carrerivegauche.com\/fr\/wp-json\/wp\/v2\/types\/product"}],"wp:featuredmedia":[{"embeddable":true,"href":"https:\/\/www.carrerivegauche.com\/fr\/wp-json\/wp\/v2\/media\/9876"}],"wp:attachment":[{"href":"https:\/\/www.carrerivegauche.com\/fr\/wp-json\/wp\/v2\/media?parent=9898"}],"wp:term":[{"taxonomy":"product_brand","embeddable":true,"href":"https:\/\/www.carrerivegauche.com\/fr\/wp-json\/wp\/v2\/product_brand?post=9898"},{"taxonomy":"product_cat","embeddable":true,"href":"https:\/\/www.carrerivegauche.com\/fr\/wp-json\/wp\/v2\/product_cat?post=9898"},{"taxonomy":"product_tag","embeddable":true,"href":"https:\/\/www.carrerivegauche.com\/fr\/wp-json\/wp\/v2\/product_tag?post=9898"}],"curies":[{"name":"wp","href":"https:\/\/api.w.org\/{rel}","templated":true}]}}