 

{"id":9897,"date":"2021-05-10T10:23:17","date_gmt":"2021-05-10T08:23:17","guid":{"rendered":"https:\/\/www.carrerivegauche.com\/boutique-crg\/paire-de-fauteuils-regence\/"},"modified":"2021-05-18T14:28:10","modified_gmt":"2021-05-18T12:28:10","slug":"paire-de-fauteuils-regence","status":"publish","type":"product","link":"https:\/\/www.carrerivegauche.com\/fr\/boutique-crg\/paire-de-fauteuils-regence\/","title":{"rendered":"Paire de fauteuils R\u00e9gence"},"content":{"rendered":"<p>Notre mod\u00e8le poss\u00e8de un haut dossier, mais l&rsquo;accoudoir est moins haut que les fauteuils Louis XIV.<\/p>\n<p>Les accoudoirs et les pieds, adoptent l\u00e0 encore, un galbe discret. L\u2019entretoise en X dispara\u00eet rendant le si\u00e8ge plus mobile et moins solennel. Les pieds sont ajust\u00e9s \u00e0 l\u2019angle des traverses, ce qui donne au fauteuil un meilleur \u00e9quilibre.<\/p>\n<p>La dorure, \u00e0 cette \u00e9poque, est moins appr\u00e9ci\u00e9e sauf pour les si\u00e8ges de cours et la sculpture se fait moins exub\u00e9rante.\u00a0<\/p>\n","protected":false},"excerpt":{"rendered":"<p>Nous vous pr\u00e9sentons deux fauteuils \u00e0 hauts dossiers \u00e9poque R\u00e9gence en bois naturel recouvert de velours vert. <br \/>La R\u00e9gence va allonger les silhouettes aussi bien des meubles, que des fauteuils.\u00a0<br data-mce-bogus=\"1\"><\/p>\n","protected":false},"featured_media":9888,"template":"","meta":[],"product_brand":[],"product_cat":[278],"product_tag":[],"class_list":{"0":"post-9897","1":"product","2":"type-product","3":"status-publish","4":"has-post-thumbnail","6":"product_cat-saint-martin","7":"description-off","9":"first","10":"instock","11":"shipping-taxable","12":"product-type-simple"},"aioseo_notices":[],"_links":{"self":[{"href":"https:\/\/www.carrerivegauche.com\/fr\/wp-json\/wp\/v2\/product\/9897","targetHints":{"allow":["GET"]}}],"collection":[{"href":"https:\/\/www.carrerivegauche.com\/fr\/wp-json\/wp\/v2\/product"}],"about":[{"href":"https:\/\/www.carrerivegauche.com\/fr\/wp-json\/wp\/v2\/types\/product"}],"wp:featuredmedia":[{"embeddable":true,"href":"https:\/\/www.carrerivegauche.com\/fr\/wp-json\/wp\/v2\/media\/9888"}],"wp:attachment":[{"href":"https:\/\/www.carrerivegauche.com\/fr\/wp-json\/wp\/v2\/media?parent=9897"}],"wp:term":[{"taxonomy":"product_brand","embeddable":true,"href":"https:\/\/www.carrerivegauche.com\/fr\/wp-json\/wp\/v2\/product_brand?post=9897"},{"taxonomy":"product_cat","embeddable":true,"href":"https:\/\/www.carrerivegauche.com\/fr\/wp-json\/wp\/v2\/product_cat?post=9897"},{"taxonomy":"product_tag","embeddable":true,"href":"https:\/\/www.carrerivegauche.com\/fr\/wp-json\/wp\/v2\/product_tag?post=9897"}],"curies":[{"name":"wp","href":"https:\/\/api.w.org\/{rel}","templated":true}]}}