 

{"id":9808,"date":"2021-05-14T16:32:10","date_gmt":"2021-05-14T14:32:10","guid":{"rendered":"https:\/\/www.carrerivegauche.com\/boutique-crg\/portrait-dune-jeune-femme-par-jules-holtzapffel\/"},"modified":"2021-05-17T17:55:07","modified_gmt":"2021-05-17T15:55:07","slug":"portrait-dune-jeune-femme-par-jules-holtzapffel","status":"publish","type":"product","link":"https:\/\/www.carrerivegauche.com\/fr\/boutique-crg\/portrait-dune-jeune-femme-par-jules-holtzapffel\/","title":{"rendered":"Portrait d\u2019une jeune femme par Jules HOLTZAPFFEL"},"content":{"rendered":"<p>Holtzapffel peint un portrait classique, de tr\u00e8s belles factures, h\u00e9ritage des beaux portraits de cours, dans la mouvance de Winterhalter.<\/p>\n<p>Ce portrait est caract\u00e9ris\u00e9 par une figuration r\u00e9aliste du mod\u00e8le et une attention m\u00e9ticuleuse \u00e0 la toilette et des accessoires.<\/p>\n<p>Le fond, trait\u00e9 dans des nuances de marron fonc\u00e9 fait ressortir la carnation si blanche de la jeune fille. L\u2019\u00e9clairage, venant du c\u00f4t\u00e9, ajoute de la douceur. Tout est fait pour donner au spectateur ce sentiment : le regard, le demi-sourire, la pose des bras et surtout des mains, la d\u00e9licatesse de la dentelle, ajoute de la fragilit\u00e9.\u00a0<\/p>\n","protected":false},"excerpt":{"rendered":"<p><font color=\"#000000\" face=\"Arial\"><span style=\"font-size: 13px; white-space: pre-wrap;\">Peintre strasbourgeois, (1823-1866) il fait ses \u00e9tudes \u00e0 Paris et sera l\u2019\u00e9l\u00e8ve de L\u00e9on Cogniet.<\/span><\/font><\/p>\n<p><font color=\"#000000\" face=\"Arial\"><span style=\"font-size: 13px; white-space: pre-wrap;\">Il pr\u00e9sente des \u0153uvres au Salon des Artistes Fran\u00e7ais de 1852 \u00e0 1855.<\/span><\/font><\/p>\n<p><font color=\"#000000\" face=\"Arial\"><span style=\"font-size: 13px; white-space: pre-wrap;\">Sa carri\u00e8re s&rsquo;est malheureusement arr\u00eat\u00e9e \u00e0 l\u2019\u00e2ge de 40 ans.<\/span><\/font><\/p>\n","protected":false},"featured_media":9793,"template":"","meta":[],"product_brand":[],"product_cat":[278],"product_tag":[],"class_list":{"0":"post-9808","1":"product","2":"type-product","3":"status-publish","4":"has-post-thumbnail","6":"product_cat-saint-martin","7":"description-off","9":"first","10":"instock","11":"shipping-taxable","12":"product-type-simple"},"aioseo_notices":[],"_links":{"self":[{"href":"https:\/\/www.carrerivegauche.com\/fr\/wp-json\/wp\/v2\/product\/9808","targetHints":{"allow":["GET"]}}],"collection":[{"href":"https:\/\/www.carrerivegauche.com\/fr\/wp-json\/wp\/v2\/product"}],"about":[{"href":"https:\/\/www.carrerivegauche.com\/fr\/wp-json\/wp\/v2\/types\/product"}],"wp:featuredmedia":[{"embeddable":true,"href":"https:\/\/www.carrerivegauche.com\/fr\/wp-json\/wp\/v2\/media\/9793"}],"wp:attachment":[{"href":"https:\/\/www.carrerivegauche.com\/fr\/wp-json\/wp\/v2\/media?parent=9808"}],"wp:term":[{"taxonomy":"product_brand","embeddable":true,"href":"https:\/\/www.carrerivegauche.com\/fr\/wp-json\/wp\/v2\/product_brand?post=9808"},{"taxonomy":"product_cat","embeddable":true,"href":"https:\/\/www.carrerivegauche.com\/fr\/wp-json\/wp\/v2\/product_cat?post=9808"},{"taxonomy":"product_tag","embeddable":true,"href":"https:\/\/www.carrerivegauche.com\/fr\/wp-json\/wp\/v2\/product_tag?post=9808"}],"curies":[{"name":"wp","href":"https:\/\/api.w.org\/{rel}","templated":true}]}}