 

{"id":9769,"date":"2021-05-15T15:40:19","date_gmt":"2021-05-15T13:40:19","guid":{"rendered":"https:\/\/www.carrerivegauche.com\/boutique-crg\/jour-de-pluie-par-pierre-eugene-montezin\/"},"modified":"2026-03-27T17:45:36","modified_gmt":"2026-03-27T16:45:36","slug":"jour-de-pluie-par-pierre-eugene-montezin","status":"publish","type":"product","link":"https:\/\/www.carrerivegauche.com\/fr\/boutique-crg\/jour-de-pluie-par-pierre-eugene-montezin\/","title":{"rendered":"Jour de pluie par Pierre Eug\u00e8ne MONTEZIN"},"content":{"rendered":"<p>MONTEZIN Pierre Eug\u00e8ne<\/p>\n<p>N\u00e9 le 16 octobre 1874 \u00e0 Paris. Mort en juillet 1946 \u00e0 Mo\u00eblan (Finist\u00e8re)<\/p>\n<p>XIXe-XXe si\u00e8cles. Fran\u00e7ais.\u00a0<\/p>\n<p>Peintre de paysages anim\u00e9s, paysages, paysages urbains, peintre \u00e0 la gouache, pastelliste. Postimpressionniste.<\/p>\n<p>Son p\u00e8re, qui \u00e9tait dessinateur de dentelles, le fit entrer dans un atelier de d\u00e9coration, o\u00f9 il se destina vite \u00e0 la d\u00e9coration murale. Puis, tr\u00e8s influenc\u00e9 par les th\u00e9ories impressionnistes, il fit ses d\u00e9buts dans la carri\u00e8re artistique. Il se lia, vers 1903, avec Quost qui lui fit travailler le dessin et lui donna le go\u00fbt de la peinture. Il v\u00e9cut un an \u00e0 Dreux et \u00e0 Moret o\u00f9 il passera d\u00e9sormais ses vacances. Chevalier de la L\u00e9gion d\u2019honneur en 1923, il fut \u00e9lu membre de l\u2019Acad\u00e9mie des Beaux-Arts au fauteuil de Vuillard en 1940.<\/p>\n<p>En 1893, il avait fait un premier envoi au Salon des Artistes Fran\u00e7ais, mais refus\u00e9, et ainsi pendant dix ans, il ne fut re\u00e7u qu\u2019en 1903. Il expose apr\u00e8s la Premi\u00e8re Guerre mondiale au Salon des Artistes Fran\u00e7ais. Il a remport\u00e9 des m\u00e9dailles de troisi\u00e8me et deuxi\u00e8me classes en 1907 et 1910 ; obtint le prix Rosa Bonheur en 1920 ; fut nomm\u00e9 soci\u00e9taire hors-concours, membre du comit\u00e9 et du Jury au Salon des Artistes Fran\u00e7ais apr\u00e8s en avoir re\u00e7u la m\u00e9daille d\u2019honneur.\u00a0<\/p>\n<p>La peinture de Mont\u00e9zin connut un large succ\u00e8s. Sa technique, lointain h\u00e9ritage de l\u2019impressionnisme, s\u00e9duit par sa virtuosit\u00e9.<\/p>\n<p>MUSEES : Mannheim (Kunsthalle) : Fleurs \u2013 Paris (Mus\u00e9e d\u2019Art Moderne) : La Fenaison en Normandie 1940 \u2013 Paris (Mus\u00e9e du Petit Palais) : Les Peupliers.<\/p>\n","protected":false},"excerpt":{"rendered":"<p class=\"MsoNormal\"><span style=\"font-size: 14.0pt;line-height: 115%\" data-mce-style=\"font-size: 14.0pt; line-height: 115%;\">Fortement influenc\u00e9 par Monet,Mont\u00e9zin excelle dans<br \/>une peinture \u00e0 la touche vive qui semble faire vibrer la toile .<\/span><\/p>\n<p class=\"MsoNormal\"><span style=\"font-size: 14.0pt;line-height: 115%\" data-mce-style=\"font-size: 14.0pt; line-height: 115%;\">Sa touche est constitu\u00e9e de forts emp\u00e2tements rapides<\/span><\/p>\n<p>qui cr\u00e9ent la sensation de mouvement<\/p>\n<p class=\"MsoNormal\"><span style=\"font-size: 14.0pt;line-height: 115%\" data-mce-style=\"font-size: 14.0pt; line-height: 115%;\">La pluie, la transforme le paysage et cr\u00e9e une<br \/>atmosph\u00e8re particuli\u00e8re. <br \/>L\u2019artiste s\u2019int\u00e9resse alors, \u00ab\u00a0 a ce drap d\u2019eau\u00a0\u00bb<span data-mce-style=\"mso-spacerun: yes;\">\u00a0 <\/span>qui s\u2019en suit <br \/>et recouvre les murs, les hommes, la terre, tel un voile<br \/>Si la pluie<span data-mce-style=\"mso-spacerun: yes;\">\u00a0 <\/span>brouille l\u2019espace et<br \/>transforme la perception que l\u2019on peut avoir du paysage, Mont\u00e9zin par sa touche<br \/>nous la rend presque concr\u00e8te. <br \/>L\u2019artiste, par des aplats de peinture<span data-mce-style=\"mso-spacerun: yes;\">\u00a0 <\/span>plus<br \/>ou moins larges, <br \/>dans des nuances de blancs et de gris, concr\u00e9tise un sol gorg\u00e9 d\u2019eau <\/span><\/p>\n","protected":false},"featured_media":9766,"template":"","meta":[],"product_brand":[],"product_cat":[278],"product_tag":[],"class_list":{"0":"post-9769","1":"product","2":"type-product","3":"status-publish","4":"has-post-thumbnail","6":"product_cat-saint-martin","7":"description-off","9":"first","10":"instock","11":"shipping-taxable","12":"purchasable","13":"product-type-simple"},"aioseo_notices":[],"_links":{"self":[{"href":"https:\/\/www.carrerivegauche.com\/fr\/wp-json\/wp\/v2\/product\/9769","targetHints":{"allow":["GET"]}}],"collection":[{"href":"https:\/\/www.carrerivegauche.com\/fr\/wp-json\/wp\/v2\/product"}],"about":[{"href":"https:\/\/www.carrerivegauche.com\/fr\/wp-json\/wp\/v2\/types\/product"}],"wp:featuredmedia":[{"embeddable":true,"href":"https:\/\/www.carrerivegauche.com\/fr\/wp-json\/wp\/v2\/media\/9766"}],"wp:attachment":[{"href":"https:\/\/www.carrerivegauche.com\/fr\/wp-json\/wp\/v2\/media?parent=9769"}],"wp:term":[{"taxonomy":"product_brand","embeddable":true,"href":"https:\/\/www.carrerivegauche.com\/fr\/wp-json\/wp\/v2\/product_brand?post=9769"},{"taxonomy":"product_cat","embeddable":true,"href":"https:\/\/www.carrerivegauche.com\/fr\/wp-json\/wp\/v2\/product_cat?post=9769"},{"taxonomy":"product_tag","embeddable":true,"href":"https:\/\/www.carrerivegauche.com\/fr\/wp-json\/wp\/v2\/product_tag?post=9769"}],"curies":[{"name":"wp","href":"https:\/\/api.w.org\/{rel}","templated":true}]}}