 

{"id":9593,"date":"2021-05-15T16:19:05","date_gmt":"2021-05-15T14:19:05","guid":{"rendered":"https:\/\/www.carrerivegauche.com\/boutique-crg\/etang-dans-la-brume-salon-de-paris-1910\/"},"modified":"2021-05-17T10:24:09","modified_gmt":"2021-05-17T08:24:09","slug":"etang-dans-la-brume-salon-de-paris-1910","status":"publish","type":"product","link":"https:\/\/www.carrerivegauche.com\/fr\/boutique-crg\/etang-dans-la-brume-salon-de-paris-1910\/","title":{"rendered":"Etang dans la brume Salon de Paris, 1910"},"content":{"rendered":"<p class=\"MsoNoSpacing\" style=\"text-align: justify; line-height: 115%; background-image: initial; background-position: initial; background-size: initial; background-repeat: initial; background-attachment: initial; background-origin: initial; background-clip: initial;\"><b><span style=\"font-size: 12.0pt; line-height: 115%;\">Henri Biva<\/span><\/b><span style=\"font-size: 12.0pt; line-height: 115%;\"> est n\u00e9 \u00e0 Paris en 1848. Il commence sa carri\u00e8re de peintre d\u00e8s l\u2019\u00e2ge de 25 ans, comme \u00e9l\u00e8ve \u00e0 l\u2019Acad\u00e9mie fran\u00e7aise. Ses ma\u00eetres sont <\/span><span style=\"font-size: 12.0pt; line-height: 115%;\">William Bouguereau, Benjamin Constant et Jules Lefebvre. <\/span><\/p>\n<p class=\"MsoNoSpacing\" style=\"text-align: justify; line-height: 115%; background-image: initial; background-position: initial; background-size: initial; background-repeat: initial; background-attachment: initial; background-origin: initial; background-clip: initial;\"><span style=\"font-size: 12.0pt; line-height: 115%;\">Biva est un peintre acad\u00e9mique de paysages, de natures mortes, et de fleurs. La technique avec laquelle il excelle est l\u2019huile sur toile, mais s\u2019il pratique aussi l\u2019aquarelle et le pastel. A l\u2019exposition<i> Blanc et Noir<\/i> de 1886, il pr\u00e9sente \u00ab Une rue de Ville-d\u2019Avray, la nuit \u00bb et \u00ab Roses de Nice et girofl\u00e9es \u00bb. Il participe au Salon des Artistes Fran\u00e7ais de nombreuses fois. Biva atteint une notori\u00e9t\u00e9 importante au tournant du si\u00e8cle et devient \u00e0 son tour un professeur respect\u00e9. <\/span><\/p>\n<p class=\"MsoNoSpacing\" style=\"text-align: justify; line-height: 115%; background-image: initial; background-position: initial; background-size: initial; background-repeat: initial; background-attachment: initial; background-origin: initial; background-clip: initial;\"><span style=\"font-size: 12.0pt; line-height: 115%;\">Exceptionnel par sa taille et plus encore par sa qualit\u00e9, <span style=\"text-transform: uppercase;\">ce tableau constitue l\u2019un des chefs d\u2019\u0153uvre connus de l\u2019artiste.\u00a0 Il s\u2019agit de l\u2019huile sur toile que Biva pr\u00e9senta \u00e0 Paris au salon de 1910 sous le num\u00e9ro 206<\/span>. Henri Biva y d\u00e9ploie tout son talent de peintre acad\u00e9mique et naturaliste. Les salons \u00e9taient, ne l\u2019oublions pas, des concours, et les \u0153uvres pr\u00e9sent\u00e9es \u00e9taient d\u2019un niveau exceptionnel: Les jeunes artistes y jouaient leur carri\u00e8re. Pour ceux dont la notori\u00e9t\u00e9 n\u2019\u00e9tait plus \u00e0 faire, les salons demeuraient l\u2019occasion de d\u00e9velopper encore leur renomm\u00e9e et ils y exposaient \u00ab hors concours \u00bb ce qui est le cas de ce tableau. On notera l\u2019\u00e9quilibre parfait de la composition, le soin particulier apport\u00e9 au traitement de la v\u00e9g\u00e9tation et de ses reflets sur l\u2019eau de l\u2019\u00e9tang, la remarquable capacit\u00e9 de l\u2019artiste \u00e0 repr\u00e9senter les\u00a0 variations constantes et perceptibles de la lumi\u00e8re. Cette \u0153uvre est dans un \u00e9tat absolument parfait.<br \/>\nElle a \u00e9t\u00e9 d\u00e9vernie et simplement revernie pour retrouver son \u00e9clat d\u2019origine. Aucun accident n\u2019est \u00e0 signaler, et le tableau se trouve encore sur sa toile d\u2019origine. Le cadre est de grande qualit\u00e9, il est \u00e9galement d\u2019origine et parfaitement restaur\u00e9.<\/span><\/p>\n<p class=\"MsoNormalCxSpMiddle\" style=\"margin-bottom: .0001pt; mso-add-space: auto; tab-stops: 93.0pt;\"><u><span style=\"font-size: 12.0pt; line-height: 115%;\">Mus\u00e9es\u00a0:<\/span><\/u><\/p>\n<p class=\"MsoNormalCxSpMiddle\" style=\"margin-bottom: .0001pt; mso-add-space: auto; tab-stops: 93.0pt;\"><span style=\"font-size: 12.0pt; line-height: 115%;\">Paris, Mus\u00e9e d\u2019Orsay<\/span><\/p>\n<p class=\"MsoNormalCxSpMiddle\" style=\"margin-bottom: .0001pt; mso-add-space: auto; tab-stops: 93.0pt;\"><span style=\"font-size: 12.0pt; line-height: 115%;\">Bayeux, Mus\u00e9e Baron G\u00e9rard<\/span><\/p>\n<p><span style=\"font-size: 12.0pt; line-height: 115%;\">\u2026.<\/span><\/p>\n<p>&nbsp;<\/p>\n<p>&nbsp;<\/p>\n<p><em><strong>Henri Biva<\/strong> was born in Paris in 1848. He began his career as a painter at the age of 25, as a student at the French Academy. His teachers were William Bouguereau, Benjamin Constant and Jules Lefebvre.<\/em><\/p>\n<p><em>Biva is an academic painter of landscapes, still lifes, and flowers. The technique with which he excels is oil on canvas, but he also practices watercolor and pastel. At the 1886 Blanc et Noir exhibition, he presented \u00ab\u00a0Une rue de Ville-d&rsquo;Avray, la nuit\u00a0\u00bb (A street in Ville-d&rsquo;Avray at night) and \u00ab\u00a0Roses of Nice and wallflowers\u00a0\u00bb (Roses of Nice and wallflowers). He participated in the Salon des Artistes Fran\u00e7ais many times. Biva reached a significant notoriety at the turn of the century and became in turn a respected teacher.<\/em><\/p>\n<p><em>Exceptional in size and even more so in quality, THIS PAINTING IS ONE OF THE ARTIST&rsquo;S KNOWN MASTERPIECES.\u00a0 IT IS THE OIL ON CANVAS THAT BIVA PRESENTED IN PARIS AT THE 1910 SALON UNDER THE NUMBER 206. Henri Biva displays all his talent as an academic and naturalist painter. The salons were, let&rsquo;s not forget, competitions, and the works presented were of an exceptional level: the young artists played their career there. For those whose fame was already established, the salons were an opportunity to further develop their reputation and they exhibited \u00ab\u00a0out of competition\u00a0\u00bb which is the case of this painting. One should note the perfect balance of the composition, the particular care given to the treatment of the vegetation and its reflections on the water of the pond, the remarkable ability of the artist to represent the constant and perceptible variations of light. This work is in absolutely perfect condition.<\/em><\/p>\n<p><em>It has been cleaned and simply varnished to regain its original brilliance. There is no accident and the painting is still on its original canvas. The frame is of great quality, it is also original and perfectly restored.<\/em><\/p>\n<p>&nbsp;<\/p>\n<p><em><strong>Museums :<\/strong><\/em><\/p>\n<p><em>Paris, Orsay Museum<\/em><\/p>\n<p><em>Bayeux, Baron G\u00e9rard Museum<\/em><\/p>\n<p><em>&#8230;<\/em><\/p>\n","protected":false},"excerpt":{"rendered":"<p class=\"MsoNormal\" style=\"margin-bottom: 0.0001pt; text-align: left;\" align=\"center\"><strong><span style=\"font-size: 14.0pt; line-height: 115%;\">Henri Biva (1848 &#8211; 1929)<\/span><\/strong><\/p>\n<p class=\"MsoNormal\" style=\"margin-bottom: .0001pt; line-height: normal;\">Ecole fran\u00e7aise<\/p>\n<p class=\"MsoNormal\" style=\"margin-bottom: .0001pt; line-height: normal;\">Etang dans la brume, Salon de Paris, 1910<\/p>\n<p class=\"MsoNormal\" style=\"margin-bottom: .0001pt; line-height: normal;\">Huile sur toile sign\u00e9e en bas \u00e0 gauche<\/p>\n<p class=\"MsoNormal\" style=\"margin-bottom: .0001pt; line-height: normal;\">Dimensions : H. 151 x L. 111 cm (avec cadre\u00a0: H.<br \/>\nx L.\u00a0\u00a0cm)<\/p>\n<p>&nbsp;<\/p>\n<p><em>French School<\/em><\/p>\n<p><em>Pond in the Mist, Paris Salon, 1910<\/em><\/p>\n<p><em>Oil on canvas signed lower left<\/em><\/p>\n<p><em>Dimensions : H. 151 x W. 111 cm (with frame : H. x W. cm)<\/em><\/p>\n<p class=\"MsoNormal\" style=\"margin-bottom: 0.0001pt; text-align: left;\" align=\"center\">\n","protected":false},"featured_media":9686,"template":"","meta":[],"product_brand":[],"product_cat":[225],"product_tag":[],"class_list":{"0":"post-9593","1":"product","2":"type-product","3":"status-publish","4":"has-post-thumbnail","6":"product_cat-delvaille","7":"description-off","9":"first","10":"instock","11":"shipping-taxable","12":"purchasable","13":"product-type-simple"},"aioseo_notices":[],"_links":{"self":[{"href":"https:\/\/www.carrerivegauche.com\/fr\/wp-json\/wp\/v2\/product\/9593","targetHints":{"allow":["GET"]}}],"collection":[{"href":"https:\/\/www.carrerivegauche.com\/fr\/wp-json\/wp\/v2\/product"}],"about":[{"href":"https:\/\/www.carrerivegauche.com\/fr\/wp-json\/wp\/v2\/types\/product"}],"wp:featuredmedia":[{"embeddable":true,"href":"https:\/\/www.carrerivegauche.com\/fr\/wp-json\/wp\/v2\/media\/9686"}],"wp:attachment":[{"href":"https:\/\/www.carrerivegauche.com\/fr\/wp-json\/wp\/v2\/media?parent=9593"}],"wp:term":[{"taxonomy":"product_brand","embeddable":true,"href":"https:\/\/www.carrerivegauche.com\/fr\/wp-json\/wp\/v2\/product_brand?post=9593"},{"taxonomy":"product_cat","embeddable":true,"href":"https:\/\/www.carrerivegauche.com\/fr\/wp-json\/wp\/v2\/product_cat?post=9593"},{"taxonomy":"product_tag","embeddable":true,"href":"https:\/\/www.carrerivegauche.com\/fr\/wp-json\/wp\/v2\/product_tag?post=9593"}],"curies":[{"name":"wp","href":"https:\/\/api.w.org\/{rel}","templated":true}]}}