 

{"id":9547,"date":"2021-05-09T11:54:42","date_gmt":"2021-05-09T09:54:42","guid":{"rendered":"https:\/\/www.carrerivegauche.com\/boutique-crg\/lustre-en-cristal-taille-et-bronze-dore-saint-petersbourg-vers-1820\/"},"modified":"2022-03-07T14:39:07","modified_gmt":"2022-03-07T13:39:07","slug":"lustre-en-cristal-taille-et-bronze-dore-saint-petersbourg-vers-1820","status":"publish","type":"product","link":"https:\/\/www.carrerivegauche.com\/fr\/boutique-crg\/lustre-en-cristal-taille-et-bronze-dore-saint-petersbourg-vers-1820\/","title":{"rendered":"Lustre en cristal taill\u00e9 et bronze dor\u00e9 &#8211; Saint-Petersbourg vers 1820"},"content":{"rendered":"<p><span style=\"color: #000000;font-family: Verdana, Arial, Helvetica, sans-serif;font-size: 11px;background-color: #fafbfc\" data-mce-style=\"color: #000000; font-family: Verdana, Arial, Helvetica, sans-serif; font-size: 11px; background-color: #fafbfc;\">Les bras de lumi\u00e8re sont form\u00e9s de figures chim\u00e9riques, la partie sup\u00e9rieure est orn\u00e9e d\u2019un bandeau ajour\u00e9 repr\u00e9sentant des palmettes surmont\u00e9es d\u2019ornements v\u00e9g\u00e9taux.<\/span><\/p>\n<p>_______________________________________________________________________________________________________________<\/p>\n<p style=\"color: #000000;font-family: Verdana, Arial, Helvetica, sans-serif;font-size: 11px\" data-mce-style=\"color: #000000; font-family: Verdana, Arial, Helvetica, sans-serif; font-size: 11px;\">The arms of light are ormed by chimeric figures, the upper part is decorated with an openwork representing palmettes surmounted by vegetables ornaments.<\/p>\n","protected":false},"excerpt":{"rendered":"<p><strong style=\"color: #000000;font-family: Verdana, Arial, Helvetica, sans-serif;font-size: 11px;background-color: #fafbfc\" data-mce-style=\"color: #000000; font-family: Verdana, Arial, Helvetica, sans-serif; font-size: 11px; background-color: #fafbfc;\">Lustre \u00e0 douze bras de lumi\u00e8re.<\/strong><br style=\"color: #000000;font-family: Verdana, Arial, Helvetica, sans-serif;font-size: 11px;background-color: #fafbfc\" data-mce-style=\"color: #000000; font-family: Verdana, Arial, Helvetica, sans-serif; font-size: 11px; background-color: #fafbfc;\"><strong style=\"color: #000000;font-family: Verdana, Arial, Helvetica, sans-serif;font-size: 11px;background-color: #fafbfc\" data-mce-style=\"color: #000000; font-family: Verdana, Arial, Helvetica, sans-serif; font-size: 11px; background-color: #fafbfc;\">Cristal taill\u00e9 et bronze dor\u00e9.<\/strong><br style=\"color: #000000;font-family: Verdana, Arial, Helvetica, sans-serif;font-size: 11px;background-color: #fafbfc\" data-mce-style=\"color: #000000; font-family: Verdana, Arial, Helvetica, sans-serif; font-size: 11px; background-color: #fafbfc;\"><strong style=\"color: #000000;font-family: Verdana, Arial, Helvetica, sans-serif;font-size: 11px;background-color: #fafbfc\" data-mce-style=\"color: #000000; font-family: Verdana, Arial, Helvetica, sans-serif; font-size: 11px; background-color: #fafbfc;\">Cristallerie de Saint-Petersbourg, Russie, vers 1820.<\/strong><\/p>\n<p>_________________________________<\/p>\n<p><strong style=\"color: #000000;font-family: Verdana, Arial, Helvetica, sans-serif;font-size: 11px\" data-mce-style=\"color: #000000; font-family: Verdana, Arial, Helvetica, sans-serif; font-size: 11px;\">Chandelier with twelve arms of light.<\/strong><br style=\"color: #000000;font-family: Verdana, Arial, Helvetica, sans-serif;font-size: 11px\" data-mce-style=\"color: #000000; font-family: Verdana, Arial, Helvetica, sans-serif; font-size: 11px;\"><strong style=\"color: #000000;font-family: Verdana, Arial, Helvetica, sans-serif;font-size: 11px\" data-mce-style=\"color: #000000; font-family: Verdana, Arial, Helvetica, sans-serif; font-size: 11px;\">Ormolu and cut crystal.<\/strong><br style=\"color: #000000;font-family: Verdana, Arial, Helvetica, sans-serif;font-size: 11px\" data-mce-style=\"color: #000000; font-family: Verdana, Arial, Helvetica, sans-serif; font-size: 11px;\"><strong style=\"color: #000000;font-family: Verdana, Arial, Helvetica, sans-serif;font-size: 11px\" data-mce-style=\"color: #000000; font-family: Verdana, Arial, Helvetica, sans-serif; font-size: 11px;\">Saint-Petersburg cristallery, Russia, circa 1820.<\/strong><\/p>\n","protected":false},"featured_media":9544,"template":"","meta":[],"product_brand":[],"product_cat":[264],"product_tag":[],"class_list":{"0":"post-9547","1":"product","2":"type-product","3":"status-publish","4":"has-post-thumbnail","6":"product_cat-lamy-chabolle","7":"description-off","9":"first","10":"instock","11":"shipping-taxable","12":"purchasable","13":"product-type-simple"},"aioseo_notices":[],"_links":{"self":[{"href":"https:\/\/www.carrerivegauche.com\/fr\/wp-json\/wp\/v2\/product\/9547","targetHints":{"allow":["GET"]}}],"collection":[{"href":"https:\/\/www.carrerivegauche.com\/fr\/wp-json\/wp\/v2\/product"}],"about":[{"href":"https:\/\/www.carrerivegauche.com\/fr\/wp-json\/wp\/v2\/types\/product"}],"wp:featuredmedia":[{"embeddable":true,"href":"https:\/\/www.carrerivegauche.com\/fr\/wp-json\/wp\/v2\/media\/9544"}],"wp:attachment":[{"href":"https:\/\/www.carrerivegauche.com\/fr\/wp-json\/wp\/v2\/media?parent=9547"}],"wp:term":[{"taxonomy":"product_brand","embeddable":true,"href":"https:\/\/www.carrerivegauche.com\/fr\/wp-json\/wp\/v2\/product_brand?post=9547"},{"taxonomy":"product_cat","embeddable":true,"href":"https:\/\/www.carrerivegauche.com\/fr\/wp-json\/wp\/v2\/product_cat?post=9547"},{"taxonomy":"product_tag","embeddable":true,"href":"https:\/\/www.carrerivegauche.com\/fr\/wp-json\/wp\/v2\/product_tag?post=9547"}],"curies":[{"name":"wp","href":"https:\/\/api.w.org\/{rel}","templated":true}]}}