 

{"id":9502,"date":"2021-05-15T11:12:02","date_gmt":"2021-05-15T09:12:02","guid":{"rendered":"https:\/\/www.carrerivegauche.com\/boutique-crg\/commode-a-lantique-angleterre-1820\/"},"modified":"2021-05-15T18:25:40","modified_gmt":"2021-05-15T16:25:40","slug":"commode-a-lantique-angleterre-1820","status":"publish","type":"product","link":"https:\/\/www.carrerivegauche.com\/fr\/boutique-crg\/commode-a-lantique-angleterre-1820\/","title":{"rendered":"Commode \u00e0 l&rsquo;antique &#8211; Angleterre &#8211; 1820"},"content":{"rendered":"<p>Ce meuble rare et original est le fruit d\u2019une production sp\u00e9cifique propre \u00e0 l\u2019Angleterre qui s\u2019est d\u00e9velopp\u00e9e de la fin du XVIIIe si\u00e8cle au d\u00e9but du XIXe si\u00e8cle.<\/p>\n<p>Outre la technique du\u00a0<em>penwork<\/em>, il pr\u00e9sente un d\u00e9cor \u00e0 l\u2019\u00e9trusque en vogue \u00e0 la suite du d\u00e9veloppement du go\u00fbt pour les objets antiques issus des fouilles arch\u00e9ologiques men\u00e9es en Italie d\u00e8s le d\u00e9but du XVIIIe si\u00e8cle. Le r\u00e9pertoire d\u00e9coratif reprend et adapte celui pr\u00e9sent sur les artefacts anciens : chim\u00e8res, palmettes et frises v\u00e9g\u00e9tales mais aussi la reproduction de vases antiques.<\/p>\n<p>Le style \u00e0 l\u2019\u00e9trusque a largement \u00e9t\u00e9 diffus\u00e9 gr\u00e2ce \u00e0 la collection de vases de Sir William Hamilton, qui \u00e9taient \u00e0 l\u2019\u00e9poque consid\u00e9r\u00e9s comme \u00e9trusques et ont \u00e9t\u00e9 largement reproduits par Pierre-Fran\u00e7ois Hugues d\u2019Hancarville. Les planches du dessinateur devinrent l\u2019une des sources d\u2019inspiration les plus influentes pour l\u2019art antique et furent utilis\u00e9es par de nombreux artisans et artistes.<\/p>\n<p>_____________________________________________________________________________________________________________<\/p>\n<p>This rare and original piece of furniture is the result of a specific production specific to England which developed from the end of the 18th century to the beginning of the 19th century.<\/p>\n<p>In addition to the penwork technique, it has a fashionable Etruscan-style decoration following the development of a taste for antique objects resulting from archaeological excavations carried out in Italy from the beginning of the eighteenth century. The decorative repertoire adapts the patterns of ancient artifacts: chimeras, palmettes and plant friezes with the reproduction of antique\u00a0vases.<\/p>\n<p>The Etruscan style was widely disseminated thanks to Sir William Hamilton&rsquo;s collection of vases, which were at the time considered Etruscan and were widely reproduced by Pierre-Fran\u00e7ois Hugues d&rsquo;Hancarville. The designer&rsquo;s plates became one of the most influential sources of inspiration for ancient art and were used by many craftsmen and artists.<\/p>\n","protected":false},"excerpt":{"rendered":"<p style=\"color: rgb(0, 0, 0); font-family: Verdana, Arial, Helvetica, sans-serif; font-size: 11px;\"><strong>Commode en bois peint, grav\u00e9 sur or et plaqu\u00e9 d&rsquo;acajou.<br \/><\/strong><strong>Dessus de marbre Portor.<br \/><\/strong><strong>Elle ouvre \u00e0 deux ventaux et pr\u00e9sente deux tiroirs en ceinture.\u00a0<\/strong><\/p>\n<p style=\"color: rgb(0, 0, 0); font-family: Verdana, Arial, Helvetica, sans-serif; font-size: 11px;\"><strong>Angleterre, Regency, vers 1820.<\/strong><\/p>\n<p>__________________________________<\/p>\n<p style=\"color: rgb(0, 0, 0); font-family: Verdana, Arial, Helvetica, sans-serif; font-size: 11px;\"><strong>Regency penwork and mahogany commode.<br \/><\/strong><strong>Portor marble top.<br \/><\/strong><strong>It opens with two drawers ans two doors.\u00a0<\/strong><\/p>\n<p style=\"color: rgb(0, 0, 0); font-family: Verdana, Arial, Helvetica, sans-serif; font-size: 11px;\"><strong>England, circa 1820.<\/strong><\/p>\n<p style=\"color: rgb(0, 0, 0); font-family: Verdana, Arial, Helvetica, sans-serif; font-size: 11px;\"><\/p>\n","protected":false},"featured_media":9496,"template":"","meta":[],"product_brand":[],"product_cat":[264],"product_tag":[],"class_list":{"0":"post-9502","1":"product","2":"type-product","3":"status-publish","4":"has-post-thumbnail","6":"product_cat-lamy-chabolle","7":"description-off","9":"first","10":"instock","11":"shipping-taxable","12":"purchasable","13":"product-type-simple"},"aioseo_notices":[],"_links":{"self":[{"href":"https:\/\/www.carrerivegauche.com\/fr\/wp-json\/wp\/v2\/product\/9502","targetHints":{"allow":["GET"]}}],"collection":[{"href":"https:\/\/www.carrerivegauche.com\/fr\/wp-json\/wp\/v2\/product"}],"about":[{"href":"https:\/\/www.carrerivegauche.com\/fr\/wp-json\/wp\/v2\/types\/product"}],"wp:featuredmedia":[{"embeddable":true,"href":"https:\/\/www.carrerivegauche.com\/fr\/wp-json\/wp\/v2\/media\/9496"}],"wp:attachment":[{"href":"https:\/\/www.carrerivegauche.com\/fr\/wp-json\/wp\/v2\/media?parent=9502"}],"wp:term":[{"taxonomy":"product_brand","embeddable":true,"href":"https:\/\/www.carrerivegauche.com\/fr\/wp-json\/wp\/v2\/product_brand?post=9502"},{"taxonomy":"product_cat","embeddable":true,"href":"https:\/\/www.carrerivegauche.com\/fr\/wp-json\/wp\/v2\/product_cat?post=9502"},{"taxonomy":"product_tag","embeddable":true,"href":"https:\/\/www.carrerivegauche.com\/fr\/wp-json\/wp\/v2\/product_tag?post=9502"}],"curies":[{"name":"wp","href":"https:\/\/api.w.org\/{rel}","templated":true}]}}