 

{"id":9138,"date":"2021-05-11T18:42:29","date_gmt":"2021-05-11T16:42:29","guid":{"rendered":"https:\/\/www.carrerivegauche.com\/testboutique\/boutique-crg\/jesus-enfant-bon-berger\/"},"modified":"2021-05-12T09:17:23","modified_gmt":"2021-05-12T07:17:23","slug":"jesus-enfant-bon-berger","status":"publish","type":"product","link":"https:\/\/www.carrerivegauche.com\/fr\/boutique-crg\/jesus-enfant-bon-berger\/","title":{"rendered":"J\u00e9sus enfant Bon Berger"},"content":{"rendered":"","protected":false},"excerpt":{"rendered":"<p>Royaume de Siam (Tha\u00eflande actuelle)<br \/>\nXVIIe si\u00e8cle (fin) ou XVIIe si\u00e8cle (d\u00e9but)<br \/>\nIvoire partiellement polychrome et dor\u00e9<br \/>\n3,5 x 15,8 x 5 cm<\/p>\n","protected":false},"featured_media":9135,"template":"","meta":[],"product_brand":[],"product_cat":[288],"product_tag":[],"class_list":{"0":"post-9138","1":"product","2":"type-product","3":"status-publish","4":"has-post-thumbnail","6":"product_cat-ar-pab-gallery","7":"description-off","9":"first","10":"instock","11":"shipping-taxable","12":"product-type-simple"},"aioseo_notices":[],"_links":{"self":[{"href":"https:\/\/www.carrerivegauche.com\/fr\/wp-json\/wp\/v2\/product\/9138","targetHints":{"allow":["GET"]}}],"collection":[{"href":"https:\/\/www.carrerivegauche.com\/fr\/wp-json\/wp\/v2\/product"}],"about":[{"href":"https:\/\/www.carrerivegauche.com\/fr\/wp-json\/wp\/v2\/types\/product"}],"wp:featuredmedia":[{"embeddable":true,"href":"https:\/\/www.carrerivegauche.com\/fr\/wp-json\/wp\/v2\/media\/9135"}],"wp:attachment":[{"href":"https:\/\/www.carrerivegauche.com\/fr\/wp-json\/wp\/v2\/media?parent=9138"}],"wp:term":[{"taxonomy":"product_brand","embeddable":true,"href":"https:\/\/www.carrerivegauche.com\/fr\/wp-json\/wp\/v2\/product_brand?post=9138"},{"taxonomy":"product_cat","embeddable":true,"href":"https:\/\/www.carrerivegauche.com\/fr\/wp-json\/wp\/v2\/product_cat?post=9138"},{"taxonomy":"product_tag","embeddable":true,"href":"https:\/\/www.carrerivegauche.com\/fr\/wp-json\/wp\/v2\/product_tag?post=9138"}],"curies":[{"name":"wp","href":"https:\/\/api.w.org\/{rel}","templated":true}]}}