 

{"id":9119,"date":"2021-05-11T16:15:03","date_gmt":"2021-05-11T14:15:03","guid":{"rendered":"https:\/\/www.carrerivegauche.com\/testboutique\/boutique-crg\/boleslaw-danikowski-1928-1979\/"},"modified":"2021-05-12T13:26:39","modified_gmt":"2021-05-12T11:26:39","slug":"boleslaw-danikowski-1928-1979","status":"publish","type":"product","link":"https:\/\/www.carrerivegauche.com\/fr\/boutique-crg\/boleslaw-danikowski-1928-1979\/","title":{"rendered":"Boleslaw DanikowskI &#8211; (1928 &#8211; 1979)"},"content":{"rendered":"<p>Apr\u00e8s avoir suivi les Beaux Arts de Lille il exerce son m\u00e9tier de potier d\u2019art c\u00e9ramiste dans un petit village du nord de la France.<br \/>\nUne partie de sa production s\u2019int\u00e8gre dans le mobilier du d\u00e9corateur A. Guillerme (Votre Maison).<br \/>\nCr\u00e9ateur ind\u00e9pendant et inventif il a \u00e9t\u00e9 suivi par une client\u00e8le fid\u00e8le et a r\u00e9alis\u00e9 quelques commandes publiques.<\/p>\n","protected":false},"excerpt":{"rendered":"<p><strong>Les amoureux<\/strong><br \/>\nVers 1960<br \/>\nHauteur 80cm<\/p>\n","protected":false},"featured_media":9116,"template":"","meta":[],"product_brand":[],"product_cat":[286],"product_tag":[],"class_list":{"0":"post-9119","1":"product","2":"type-product","3":"status-publish","4":"has-post-thumbnail","6":"product_cat-lafon-vosseler","7":"description-off","9":"first","10":"instock","11":"shipping-taxable","12":"product-type-simple"},"aioseo_notices":[],"_links":{"self":[{"href":"https:\/\/www.carrerivegauche.com\/fr\/wp-json\/wp\/v2\/product\/9119","targetHints":{"allow":["GET"]}}],"collection":[{"href":"https:\/\/www.carrerivegauche.com\/fr\/wp-json\/wp\/v2\/product"}],"about":[{"href":"https:\/\/www.carrerivegauche.com\/fr\/wp-json\/wp\/v2\/types\/product"}],"wp:featuredmedia":[{"embeddable":true,"href":"https:\/\/www.carrerivegauche.com\/fr\/wp-json\/wp\/v2\/media\/9116"}],"wp:attachment":[{"href":"https:\/\/www.carrerivegauche.com\/fr\/wp-json\/wp\/v2\/media?parent=9119"}],"wp:term":[{"taxonomy":"product_brand","embeddable":true,"href":"https:\/\/www.carrerivegauche.com\/fr\/wp-json\/wp\/v2\/product_brand?post=9119"},{"taxonomy":"product_cat","embeddable":true,"href":"https:\/\/www.carrerivegauche.com\/fr\/wp-json\/wp\/v2\/product_cat?post=9119"},{"taxonomy":"product_tag","embeddable":true,"href":"https:\/\/www.carrerivegauche.com\/fr\/wp-json\/wp\/v2\/product_tag?post=9119"}],"curies":[{"name":"wp","href":"https:\/\/api.w.org\/{rel}","templated":true}]}}