 

{"id":9115,"date":"2021-05-11T15:49:07","date_gmt":"2021-05-11T13:49:07","guid":{"rendered":"https:\/\/www.carrerivegauche.com\/testboutique\/boutique-crg\/monumentale-paire-de-candelabres\/"},"modified":"2021-05-12T13:58:46","modified_gmt":"2021-05-12T11:58:46","slug":"monumentale-paire-de-candelabres","status":"publish","type":"product","link":"https:\/\/www.carrerivegauche.com\/fr\/boutique-crg\/monumentale-paire-de-candelabres\/","title":{"rendered":"Monumentale paire de cand\u00e9labres"},"content":{"rendered":"","protected":false},"excerpt":{"rendered":"<p>Monumentale paire de cand\u00e9labres d\u2019\u00e9poque Empire, attribu\u00e9e \u00e0 Thomire<br \/>\nH 125 cm<\/p>\n","protected":false},"featured_media":9112,"template":"","meta":[],"product_brand":[],"product_cat":[272],"product_tag":[],"class_list":{"0":"post-9115","1":"product","2":"type-product","3":"status-publish","4":"has-post-thumbnail","6":"product_cat-monluc","7":"description-off","9":"first","10":"instock","11":"shipping-taxable","12":"product-type-simple"},"aioseo_notices":[],"_links":{"self":[{"href":"https:\/\/www.carrerivegauche.com\/fr\/wp-json\/wp\/v2\/product\/9115","targetHints":{"allow":["GET"]}}],"collection":[{"href":"https:\/\/www.carrerivegauche.com\/fr\/wp-json\/wp\/v2\/product"}],"about":[{"href":"https:\/\/www.carrerivegauche.com\/fr\/wp-json\/wp\/v2\/types\/product"}],"wp:featuredmedia":[{"embeddable":true,"href":"https:\/\/www.carrerivegauche.com\/fr\/wp-json\/wp\/v2\/media\/9112"}],"wp:attachment":[{"href":"https:\/\/www.carrerivegauche.com\/fr\/wp-json\/wp\/v2\/media?parent=9115"}],"wp:term":[{"taxonomy":"product_brand","embeddable":true,"href":"https:\/\/www.carrerivegauche.com\/fr\/wp-json\/wp\/v2\/product_brand?post=9115"},{"taxonomy":"product_cat","embeddable":true,"href":"https:\/\/www.carrerivegauche.com\/fr\/wp-json\/wp\/v2\/product_cat?post=9115"},{"taxonomy":"product_tag","embeddable":true,"href":"https:\/\/www.carrerivegauche.com\/fr\/wp-json\/wp\/v2\/product_tag?post=9115"}],"curies":[{"name":"wp","href":"https:\/\/api.w.org\/{rel}","templated":true}]}}