 

{"id":9100,"date":"2021-05-11T15:32:24","date_gmt":"2021-05-11T13:32:24","guid":{"rendered":"https:\/\/www.carrerivegauche.com\/testboutique\/boutique-crg\/pyxide-art-byzantin-du-vie-siecle\/"},"modified":"2021-05-12T16:13:19","modified_gmt":"2021-05-12T14:13:19","slug":"pyxide-art-byzantin-du-vie-siecle","status":"publish","type":"product","link":"https:\/\/www.carrerivegauche.com\/fr\/boutique-crg\/pyxide-art-byzantin-du-vie-siecle\/","title":{"rendered":"Pyxide, Art Byzantin du VIe si\u00e8cle"},"content":{"rendered":"","protected":false},"excerpt":{"rendered":"<p>Pyxide<\/p>\n<p>Ivoire H : 7,4 cm Diam : 10,5 cm<\/p>\n<p>Issue de l&rsquo;art Byzantin de la premi\u00e8re moiti\u00e9 du VIe si\u00e8cle, cette Pyxide illustre l&rsquo;habilet\u00e9 des ivoiriers de l&rsquo;\u00e9poque Byzantine.<\/p>\n<p>La Pyxide est une bo\u00eete Liturgique Chr\u00e9tienne destin\u00e9e \u00e0 conserver les hosties consacr\u00e9es ; l&rsquo;eucharistie.<\/p>\n<p>De forme cylindrique \u00e0 fond plat, elle est habituellement ferm\u00e9e par un couvercle conique surmont\u00e9 d&rsquo;une croix ou d&rsquo;une boule, ici disparue.<\/p>\n<p>Deux sc\u00e8nes de la Nativit\u00e9 sont sculpt\u00e9es en bas-relief : L&rsquo;Annonce aux bergers qui sont de part et d&rsquo;autre du Christ emmaillot\u00e9 avec l&rsquo;\u00e9toile qui brille au-dessus de la mangeoire. Comme le veut tradition, l&rsquo;Enfant J\u00e9sus est entour\u00e9 de l&rsquo;\u00e2ne et du boeuf.<\/p>\n<p>La seconde sc\u00e8ne est l&rsquo;Adoration des Mages qui viennent en procession, porter les pr\u00e9sents et rendre hommage \u00e0 J\u00e9sus qui est install\u00e9 sur les genoux de la Vierge, elle-m\u00eame assise sur un tr\u00f4ne avec Joseph \u00e0 ses cot\u00e9s.<\/p>\n<p>Cette iconographie se retrouve sur d&rsquo;autres Pyxides de l&rsquo;antiquit\u00e9 tardive.<\/p>\n<p>Le mus\u00e9e de Rouen conserve un mod\u00e8le tr\u00e8s similaire avec quelques petites variantes dans le style. Ce dernier avait \u00e9t\u00e9 pr\u00e9sent\u00e9 au Louvre lors de l&rsquo;exposition Byzance de 1992 &#8211; 1993.<\/p>\n","protected":false},"featured_media":9079,"template":"","meta":[],"product_brand":[],"product_cat":[232],"product_tag":[],"class_list":{"0":"post-9100","1":"product","2":"type-product","3":"status-publish","4":"has-post-thumbnail","6":"product_cat-ratton-ladriere","7":"description-off","9":"first","10":"instock","11":"shipping-taxable","12":"product-type-simple"},"aioseo_notices":[],"_links":{"self":[{"href":"https:\/\/www.carrerivegauche.com\/fr\/wp-json\/wp\/v2\/product\/9100","targetHints":{"allow":["GET"]}}],"collection":[{"href":"https:\/\/www.carrerivegauche.com\/fr\/wp-json\/wp\/v2\/product"}],"about":[{"href":"https:\/\/www.carrerivegauche.com\/fr\/wp-json\/wp\/v2\/types\/product"}],"wp:featuredmedia":[{"embeddable":true,"href":"https:\/\/www.carrerivegauche.com\/fr\/wp-json\/wp\/v2\/media\/9079"}],"wp:attachment":[{"href":"https:\/\/www.carrerivegauche.com\/fr\/wp-json\/wp\/v2\/media?parent=9100"}],"wp:term":[{"taxonomy":"product_brand","embeddable":true,"href":"https:\/\/www.carrerivegauche.com\/fr\/wp-json\/wp\/v2\/product_brand?post=9100"},{"taxonomy":"product_cat","embeddable":true,"href":"https:\/\/www.carrerivegauche.com\/fr\/wp-json\/wp\/v2\/product_cat?post=9100"},{"taxonomy":"product_tag","embeddable":true,"href":"https:\/\/www.carrerivegauche.com\/fr\/wp-json\/wp\/v2\/product_tag?post=9100"}],"curies":[{"name":"wp","href":"https:\/\/api.w.org\/{rel}","templated":true}]}}