 

{"id":8859,"date":"2021-06-19T12:50:53","date_gmt":"2021-06-19T10:50:53","guid":{"rendered":"https:\/\/www.carrerivegauche.com\/testboutique\/boutique-crg\/vague-walid-akkad\/"},"modified":"2021-06-23T12:24:10","modified_gmt":"2021-06-23T10:24:10","slug":"vague-walid-akkad","status":"publish","type":"product","link":"https:\/\/www.carrerivegauche.com\/fr\/boutique-crg\/vague-walid-akkad\/","title":{"rendered":"Vague &#8211; Walid Akkad"},"content":{"rendered":"<p>\u00c0 l\u2019invitation de la galerie <strong>MiniMasterpiece<\/strong>, <strong>Walid Akkad<\/strong>, talentueux et raffin\u00e9 cr\u00e9ateur franco-libanais, a r\u00e9pondu par une vague. Tant dans son mouvement que dans les miroitements de l\u2019eau et de l\u2019\u00e9cume, voici une bague qui s\u2019inspire d\u2019une d\u00e9ferlante infiniment douce, semblant s\u2019enrouler autour du doigt dans un \u00e9lan toujours recommenc\u00e9. Une \u00e9vocation en argent, d\u00e9clin\u00e9e en plusieurs versions, notamment l\u2019une associ\u00e9e \u00e0 la franchise de la couleur bleue et une autre aux chatoiements dor\u00e9s du vermeil, l\u2019ensemble est \u00e0 venir d\u00e9couvrir \u00e0 la galerie.<\/p>\n<hr \/>\n<p><em>At the gallery\u2019s invitation, <strong>Walid Akkad<\/strong> has responded with a wave. Evoking both movement and the shimmer of foam and water, this ring inspired by endlessly gentle unfurling, seeming to wrap around the finger in an ever-renewed impetus. An evocation in silver, available in several versions including one openly associated with the color blue and another with golden shimmers of silver gilt, all await to be discovered at the gallery.<\/em><\/p>\n","protected":false},"excerpt":{"rendered":"<p>Argent 925 poli et nano-c\u00e9ramique bleue<br \/>\nArgent 925 poli et bross\u00e9<br \/>\n\u00c9dition de 8 exemplaires<br \/>\n\u00a9 MiniMasterpiece<\/p>\n","protected":false},"featured_media":8856,"template":"","meta":[],"product_brand":[],"product_cat":[240],"product_tag":[],"class_list":{"0":"post-8859","1":"product","2":"type-product","3":"status-publish","4":"has-post-thumbnail","6":"product_cat-minimasterpiece","7":"description-off","9":"first","10":"instock","11":"shipping-taxable","12":"product-type-simple"},"aioseo_notices":[],"_links":{"self":[{"href":"https:\/\/www.carrerivegauche.com\/fr\/wp-json\/wp\/v2\/product\/8859","targetHints":{"allow":["GET"]}}],"collection":[{"href":"https:\/\/www.carrerivegauche.com\/fr\/wp-json\/wp\/v2\/product"}],"about":[{"href":"https:\/\/www.carrerivegauche.com\/fr\/wp-json\/wp\/v2\/types\/product"}],"wp:featuredmedia":[{"embeddable":true,"href":"https:\/\/www.carrerivegauche.com\/fr\/wp-json\/wp\/v2\/media\/8856"}],"wp:attachment":[{"href":"https:\/\/www.carrerivegauche.com\/fr\/wp-json\/wp\/v2\/media?parent=8859"}],"wp:term":[{"taxonomy":"product_brand","embeddable":true,"href":"https:\/\/www.carrerivegauche.com\/fr\/wp-json\/wp\/v2\/product_brand?post=8859"},{"taxonomy":"product_cat","embeddable":true,"href":"https:\/\/www.carrerivegauche.com\/fr\/wp-json\/wp\/v2\/product_cat?post=8859"},{"taxonomy":"product_tag","embeddable":true,"href":"https:\/\/www.carrerivegauche.com\/fr\/wp-json\/wp\/v2\/product_tag?post=8859"}],"curies":[{"name":"wp","href":"https:\/\/api.w.org\/{rel}","templated":true}]}}