 

{"id":8829,"date":"2021-05-09T15:40:17","date_gmt":"2021-05-09T13:40:17","guid":{"rendered":"https:\/\/www.carrerivegauche.com\/testboutique\/boutique-crg\/coupe-creuse-en-ceramique-dit-de-djoveyn\/"},"modified":"2021-05-12T09:45:11","modified_gmt":"2021-05-12T07:45:11","slug":"coupe-creuse-en-ceramique-dit-de-djoveyn","status":"publish","type":"product","link":"https:\/\/www.carrerivegauche.com\/fr\/boutique-crg\/coupe-creuse-en-ceramique-dit-de-djoveyn\/","title":{"rendered":"Coupe creuse en c\u00e9ramique dit \u00abde Djoveyn\u00bb"},"content":{"rendered":"","protected":false},"excerpt":{"rendered":"<p><strong>IRAN, XIVe si\u00e8cle<\/strong><br \/>\n<strong>Coupe creuse en c\u00e9ramique siliceuse dit \u00ab de Djoveyn \u00bb (Khorass\u00e2n, Nord de l\u2019Iran oriental pr\u00e8s de la mer Caspienne)<\/strong> \u00e0 d\u00e9cor en l\u00e9ger relief sous la gla\u00e7ure bleu turquoise, d\u2019un canard au centre parmi des rinceaux fleuronn\u00e9s ponctu\u00e9s de bleu fonc\u00e9. Aile orn\u00e9e de fleurs stylis\u00e9es et bordure \u00e0 points bleu fonc\u00e9. Stries noires au revers.<br \/>\nArt Ilkhanide, XIVe si\u00e8cle.<br \/>\nDiam\u00e8tre : 28,5 cm.<\/p>\n<p>Restaur\u00e9e : nombreux morceaux recoll\u00e9s et deux reconstitu\u00e9s.<br \/>\nProvenance : collection priv\u00e9e fran\u00e7aise.<br \/>\nCf. Jean Soustiel, La c\u00e9ramique Islamique, Ed. Vilo, Paris 1985, p. 200 et 201 et photo 231 pour un mod\u00e8le approchant.<\/p>\n<p>&nbsp;<\/p>\n<p>&nbsp;<\/p>\n<p><em><strong>IRAN, 14th century<\/strong><\/em><br \/>\n<em><strong>Bowl in siliceous ceramic known as \u00ab\u00a0Djoveyn\u00a0\u00bb (Khorassan, Northern Iran near the Caspian Sea)<\/strong> with decoration in slight relief under the turquoise blue glaze, of a duck in the center among flowered scrolls dotted with dark blue. Wing decorated with stylized flowers and border with dark blue dots. Black streaks on the reverse.<\/em><br \/>\n<em>Ilkhanid art, 14th century.<\/em><br \/>\n<em>Diameter: 28,5 cm.<\/em><\/p>\n<p><em>Restored: many pieces glued back together and two reconstituted.<\/em><br \/>\n<em>Provenance: French private collection<\/em><br \/>\n<em>Cf. Jean Soustiel, La c\u00e9ramique Islamique, Ed. Vilo, Paris 1985, p. 200 and 201 and photo 231 for a similar model.<\/em><\/p>\n","protected":false},"featured_media":8826,"template":"","meta":[],"product_brand":[],"product_cat":[239],"product_tag":[],"class_list":{"0":"post-8829","1":"product","2":"type-product","3":"status-publish","4":"has-post-thumbnail","6":"product_cat-bealu","7":"description-off","9":"first","10":"instock","11":"shipping-taxable","12":"purchasable","13":"product-type-simple"},"aioseo_notices":[],"_links":{"self":[{"href":"https:\/\/www.carrerivegauche.com\/fr\/wp-json\/wp\/v2\/product\/8829","targetHints":{"allow":["GET"]}}],"collection":[{"href":"https:\/\/www.carrerivegauche.com\/fr\/wp-json\/wp\/v2\/product"}],"about":[{"href":"https:\/\/www.carrerivegauche.com\/fr\/wp-json\/wp\/v2\/types\/product"}],"wp:featuredmedia":[{"embeddable":true,"href":"https:\/\/www.carrerivegauche.com\/fr\/wp-json\/wp\/v2\/media\/8826"}],"wp:attachment":[{"href":"https:\/\/www.carrerivegauche.com\/fr\/wp-json\/wp\/v2\/media?parent=8829"}],"wp:term":[{"taxonomy":"product_brand","embeddable":true,"href":"https:\/\/www.carrerivegauche.com\/fr\/wp-json\/wp\/v2\/product_brand?post=8829"},{"taxonomy":"product_cat","embeddable":true,"href":"https:\/\/www.carrerivegauche.com\/fr\/wp-json\/wp\/v2\/product_cat?post=8829"},{"taxonomy":"product_tag","embeddable":true,"href":"https:\/\/www.carrerivegauche.com\/fr\/wp-json\/wp\/v2\/product_tag?post=8829"}],"curies":[{"name":"wp","href":"https:\/\/api.w.org\/{rel}","templated":true}]}}