 

{"id":8781,"date":"2021-05-09T14:31:25","date_gmt":"2021-05-09T12:31:25","guid":{"rendered":"https:\/\/www.carrerivegauche.com\/testboutique\/boutique-crg\/a-lombre-des-eucalyptus\/"},"modified":"2021-05-15T16:11:05","modified_gmt":"2021-05-15T14:11:05","slug":"a-lombre-des-eucalyptus","status":"publish","type":"product","link":"https:\/\/www.carrerivegauche.com\/fr\/boutique-crg\/a-lombre-des-eucalyptus\/","title":{"rendered":"\u00c0 l\u2019ombre des Eucalyptus"},"content":{"rendered":"<p>Henri Lebasque est n\u00e9 le 25 septembre 1865 \u00e0 Champign\u00e9 (Maine-et-Loire). El\u00e8ve de l\u2019\u00e9cole des Beaux-Arts d\u2019Angers, il vient \u00e0 Paris en 1886 ; il devient un court moment \u00e9l\u00e8ve de Bonnat, puis d\u2019Humbert qu\u2019il assistera dans la d\u00e9coration du Panth\u00e9on. Mais il est certain que sa fr\u00e9quentation d\u2019avec Camille Pissarro eut sur lui la plus grande influence.<\/p>\n<p>En 1893, au Salon des Ind\u00e9pendants de Paris, Lebasque rencontre Luce et Signac : il va suivre ses deux artistes quelques ann\u00e9es dans leur vision pointilliste. De 1900 \u00e0 1906, Lebasque peint r\u00e9guli\u00e8rement sa femme est ses enfants dans sa propri\u00e9t\u00e9 de Lagny. Mais c\u2019est la d\u00e9couverte du Midi de la France qui va transformer sa peinture. Apr\u00e8s plusieurs voyages en Vend\u00e9e, en Bretagne et en Normandie, c\u2019est sur la c\u00f4te d\u2019azur que Lebasque s\u2019installe d\u00e9finitivement en 1924.<\/p>\n<p>Il fut l\u2019ami de Bonnard, avec qui il partage certains th\u00e8mes. Lebasque a entre autre travaill\u00e9 aux d\u00e9corations du th\u00e9\u00e2tre des Champs-\u00c9lys\u00e9es et \u00e0 celles du transatlantique Paris.<\/p>\n<p>Dans ce tableau, Henri Lebasque a repr\u00e9sent\u00e9 sa famille se reposant \u00e0 l\u2019ombre des grands arbres. Dat\u00e9 1914, il s\u2019agit tr\u00e8s certainement d\u2019une de ses propri\u00e9t\u00e9s sur la c\u00f4te d\u2019azur. Lebasque parvient \u00e0 cr\u00e9er une harmonie entre la repr\u00e9sentation de sa famille et la nature environnante.<\/p>\n<p><strong>Provenance :<\/strong> collection priv\u00e9e Allemande. \u00c9tiquette au verso : Salon d&rsquo;art Abel, Cologne.<\/p>\n<p><strong>Mus\u00e9es :<\/strong><br \/>Angers<br \/>Gen\u00e8ve, Petit Palais<br \/>Lille, Mus\u00e9e des Beaux-Arts<br \/>Nantes<br \/>Paris, Mus\u00e9e d\u2019Art Moderne<\/p>\n<p><strong>Bibliographie :<\/strong><br \/>E. B\u00e9n\u00e9zit, \u00e9dition Gr\u00fcnd, Tome VIII, page 373.<\/p>\n<p><\/p>\n<hr>\n<p><\/p>\n<p><em>Henri Lebasque was born on 25 September 1865 in Champign\u00e9 (Maine-et-Loire).<\/em><\/p>\n<p><em>He was first a pupil at the School of Fine Arts in Angers. He came to Paris in 1886 and for a short time was a pupil of Bonnat, then of Humbert, whom he helped decorate the Pantheon. But it is certain that his attendance at the old Pissarro, on the outskirts of Paris, had more influence on him than Bonnat&rsquo;s lessons.<\/em><\/p>\n<p><em>In 1893 he met Luce and Signac at the Salon des Ind\u00e9pendants in Paris and adopted pointillism for a few years. Living in Lagny in the 1900s, married and father of a family, he painted, from 1900 to 1906, the nearby woods of the Marne. It was with his discovery of the South of France that the most complete transformation of his painting took place. He then continued to stay in other regions: Vend\u00e9e, Brittany, Normandy. After Saint-Tropez and Sainte-Maxime, he finally settled permanently in Le Cannet in 1924.<\/em><\/p>\n<p><em>Friend and neighbour of Bonnard, he came closer to it by the similarity of themes. He worked on the decorations of the Th\u00e9\u00e2tre des Champs-\u00c9lys\u00e9es and those of the transatlantic liner Paris. He died in August 1937 in Le Cannet (Alpes-Maritimes).<\/em><\/p>\n<p><em>In this painting, Henri Lebasque depicted his family resting in the shade of tall slender trees. A brightly lit path is leading out of the picture on the right and directs the gaze onto the painting&rsquo;s middle ground with smaller, blurred buildings next to shrubs and trees in pastel shades. As is often the case in his paintings, Lebasque creates a harmonious uniformity between the depiction of his family and the surrounding nature.<\/em><\/p>\n<p><em>Label from Art Salon Abel, Cologne on the reverse.<\/em><\/p>\n<p><em><strong>Museums:<\/strong><\/em><br \/><em>Angers<\/em><br \/><em>Gen\u00e8ve, Petit Palais<\/em><br \/><em>Lille, Mus\u00e9e des Beaux-Arts<\/em><br \/><em>Nantes<\/em><br \/><em>Paris, Mus\u00e9e d\u2019Art Moderne<\/em><\/p>\n<p><em><strong>Bibliography:<\/strong><\/em><br \/><em>E. B\u00e9n\u00e9zit, \u00e9dition Gr\u00fcnd, Tome VIII, page 373.<\/em><\/p>\n","protected":false},"excerpt":{"rendered":"<p><strong>Henri Lebasque (1865-1937)<\/strong><\/p>\n<p>\u00c9cole Fran\u00e7aise<br \/>Huile sur toile sign\u00e9e en bas \u00e0 droite et dat\u00e9 1914<br \/>H.73xL.92 cm<br \/>\u00a9courtesy galerie Olivier Delvaille<\/p>\n<p><\/p>\n<p><\/p>\n<p><em>French School<\/em><br \/><em>The artist\u2019s family under the trees<\/em><br \/><em>Oil on canvas signed bottom right and dated 1914<\/em><br \/><em>Dimensions: H. 73 x W. 92 cm<\/em><\/p>\n","protected":false},"featured_media":8778,"template":"","meta":[],"product_brand":[],"product_cat":[225],"product_tag":[],"class_list":{"0":"post-8781","1":"product","2":"type-product","3":"status-publish","4":"has-post-thumbnail","6":"product_cat-delvaille","7":"description-off","9":"first","10":"instock","11":"shipping-taxable","12":"product-type-simple"},"aioseo_notices":[],"_links":{"self":[{"href":"https:\/\/www.carrerivegauche.com\/fr\/wp-json\/wp\/v2\/product\/8781","targetHints":{"allow":["GET"]}}],"collection":[{"href":"https:\/\/www.carrerivegauche.com\/fr\/wp-json\/wp\/v2\/product"}],"about":[{"href":"https:\/\/www.carrerivegauche.com\/fr\/wp-json\/wp\/v2\/types\/product"}],"wp:featuredmedia":[{"embeddable":true,"href":"https:\/\/www.carrerivegauche.com\/fr\/wp-json\/wp\/v2\/media\/8778"}],"wp:attachment":[{"href":"https:\/\/www.carrerivegauche.com\/fr\/wp-json\/wp\/v2\/media?parent=8781"}],"wp:term":[{"taxonomy":"product_brand","embeddable":true,"href":"https:\/\/www.carrerivegauche.com\/fr\/wp-json\/wp\/v2\/product_brand?post=8781"},{"taxonomy":"product_cat","embeddable":true,"href":"https:\/\/www.carrerivegauche.com\/fr\/wp-json\/wp\/v2\/product_cat?post=8781"},{"taxonomy":"product_tag","embeddable":true,"href":"https:\/\/www.carrerivegauche.com\/fr\/wp-json\/wp\/v2\/product_tag?post=8781"}],"curies":[{"name":"wp","href":"https:\/\/api.w.org\/{rel}","templated":true}]}}