 

{"id":8743,"date":"2021-05-09T14:47:44","date_gmt":"2021-05-09T12:47:44","guid":{"rendered":"https:\/\/www.carrerivegauche.com\/testboutique\/boutique-crg\/arbre-et-faune-carolein-smit\/"},"modified":"2021-05-12T13:22:15","modified_gmt":"2021-05-12T11:22:15","slug":"arbre-et-faune-carolein-smit","status":"publish","type":"product","link":"https:\/\/www.carrerivegauche.com\/fr\/boutique-crg\/arbre-et-faune-carolein-smit\/","title":{"rendered":"Arbre et faune &#8211; Carolein SMIT"},"content":{"rendered":"<p><strong>CAROLEIN SMIT<\/strong><\/p>\n<p>N\u00e9e en 1960 au Pays &#8211; Bas, Carolein Smit a \u00e9t\u00e9 r\u00e9v\u00e9l\u00e9e \u00e0 la France \u00e0 l\u2019occasion de la Biennale de C\u00e9ramique de Ch\u00e2teauroux en 2015. En 2016, elle a particip\u00e9 \u00e0 Ceramix. En 2018, trois mus\u00e9es ont organis\u00e9 des expositions personnelles, Myth and Mortality au Victoria &amp; Albert Museum, \u00e0 Londres, L&rsquo;amour Fou au Grassi museum \u00e0 Leipzig et au Drents Museum \u00e0 Assen. Une monographie a accompagn\u00e9 ces expositions. En 2019, elle a particip\u00e9 \u00e0 la biennale d&rsquo;art contemporain d&rsquo;Istanbul. En mars 2021, elle prendra part \u00e0 l&rsquo;exposition \u00a0\u00bb Les Flammes \u00a0\u00bb au Mus\u00e9e d&rsquo;Art Moderne de Paris.<\/p>\n<p>La galerie Mich\u00e8le Hayem pr\u00e9sente son travail depuis 2015.<\/p>\n<p>N\u00e9e en 1960 \u00e0 Amersfoort aux Pays Bas.<\/p>\n<p>\u00ab Les sculptures de Carolein Smit poss\u00e8dent un pouvoir de s\u00e9duction hallucinant : \u00ab Il n\u2019est pas tr\u00e8s difficile d\u2019appr\u00e9cier mes \u0153uvres. Tout y brille, y scintille, para\u00eet adorable. Les d\u00e9tails visibles des yeux, des nez, des oreilles automatiquement attirent. Le public aime ce genre de raffinement qui n\u2019est pas sans rappeler les pr\u00e9cieuses porcelaines de Meissen. En m\u00eame temps, je ne souhaite pas faciliter outre mesure cette s\u00e9duction. \u00bb1 Ses \u0153uvres sont aussi douloureuses et convoquent une violence crue qui, \u00e0 la mani\u00e8re des vanit\u00e9s et des \u00e9corch\u00e9s, met en contrepoint d\u00e9charnement ou plaies ouvertes et ostentation, luxuriance et vacuit\u00e9. L\u2019artiste tire son inspiration des chambres de curiosit\u00e9 (les Wunderkammer), des exp\u00e9riences et des \u00e9tranget\u00e9s collect\u00e9es par les scientifiques, des objets de culte, de ce monde tout \u00e0 la fois inqui\u00e9tant et fascinant qui plante l\u2019existence humaine \u00e0 l\u2019or\u00e9e des d\u00e9sordres et de la folie. \u00bb<\/p>\n<p>St\u00e9phanie Le Follic-Hadida.<br \/>\nDr en histoire de l\u2019art<\/p>\n","protected":false},"excerpt":{"rendered":"<p>Fresque 2021, c\u00e9ramique \u00e9maill\u00e9e<br \/>\nH 175 cm, L 160 cm, P 9 cm<br \/>\npi\u00e8ce unique, sign\u00e9e.<br \/>\n\u00a9 Inustudio \u2013 courtesy galerie Mich\u00e8le Hayem<\/p>\n<p>&nbsp;<\/p>\n<p><strong><em>Tree and faun<\/em><\/strong><br \/>\n<em><strong>Carolein SMIT<\/strong>\u00a0<\/em><br \/>\n<em>Fresco 2021, glazed ceramic<\/em><br \/>\n<em>H 175 cm, W 160 cm, D 9 cm<\/em><br \/>\n<em>unique piece, signed.<\/em><br \/>\n<em>\u00a9 Inustudio \u2013 courtesy galerie Mich\u00e8le Hayem<\/em><\/p>\n","protected":false},"featured_media":8740,"template":"","meta":[],"product_brand":[],"product_cat":[261],"product_tag":[],"class_list":{"0":"post-8743","1":"product","2":"type-product","3":"status-publish","4":"has-post-thumbnail","6":"product_cat-hayem-michele","7":"description-off","9":"first","10":"instock","11":"shipping-taxable","12":"product-type-simple"},"aioseo_notices":[],"_links":{"self":[{"href":"https:\/\/www.carrerivegauche.com\/fr\/wp-json\/wp\/v2\/product\/8743","targetHints":{"allow":["GET"]}}],"collection":[{"href":"https:\/\/www.carrerivegauche.com\/fr\/wp-json\/wp\/v2\/product"}],"about":[{"href":"https:\/\/www.carrerivegauche.com\/fr\/wp-json\/wp\/v2\/types\/product"}],"wp:featuredmedia":[{"embeddable":true,"href":"https:\/\/www.carrerivegauche.com\/fr\/wp-json\/wp\/v2\/media\/8740"}],"wp:attachment":[{"href":"https:\/\/www.carrerivegauche.com\/fr\/wp-json\/wp\/v2\/media?parent=8743"}],"wp:term":[{"taxonomy":"product_brand","embeddable":true,"href":"https:\/\/www.carrerivegauche.com\/fr\/wp-json\/wp\/v2\/product_brand?post=8743"},{"taxonomy":"product_cat","embeddable":true,"href":"https:\/\/www.carrerivegauche.com\/fr\/wp-json\/wp\/v2\/product_cat?post=8743"},{"taxonomy":"product_tag","embeddable":true,"href":"https:\/\/www.carrerivegauche.com\/fr\/wp-json\/wp\/v2\/product_tag?post=8743"}],"curies":[{"name":"wp","href":"https:\/\/api.w.org\/{rel}","templated":true}]}}