 

{"id":8726,"date":"2021-05-09T12:41:52","date_gmt":"2021-05-09T10:41:52","guid":{"rendered":"https:\/\/www.carrerivegauche.com\/testboutique\/boutique-crg\/coupe-en-argent-iveme-siecle\/"},"modified":"2021-05-09T12:57:09","modified_gmt":"2021-05-09T10:57:09","slug":"coupe-en-argent-iveme-siecle","status":"publish","type":"product","link":"https:\/\/www.carrerivegauche.com\/fr\/boutique-crg\/coupe-en-argent-iveme-siecle\/","title":{"rendered":"Coupe en argent IV\u00e8me si\u00e8cle"},"content":{"rendered":"","protected":false},"excerpt":{"rendered":"<p><strong>Vase des 2 Potiers<\/strong><br \/>\n<strong>\u00c9poque romaine<\/strong><br \/>\nCette coupe fait partie de tr\u00e9sor de Graincourt les Havraincourt.<br \/>\nToutes les pi\u00e8ces connues furent achet\u00e9es par le mus\u00e9e du Louvre en 1958.<br \/>\n\u00a9 in studio \u2013 Courtesy V\u00e9ronique Girard<\/p>\n<p><strong>Prix sur demande<\/strong><\/p>\n<p><em><strong>Silver cup IV century<\/strong><\/em><br \/>\n<em><strong>Roman period<\/strong><\/em><br \/>\n<em>This cup comes from the treasure of Graincourt les Havrincourt.<\/em><br \/>\n<em>All the others pieces known belongs to the Louvre museum.<\/em><\/p>\n<p>&nbsp;<\/p>\n","protected":false},"featured_media":8714,"template":"","meta":[],"product_brand":[],"product_cat":[258],"product_tag":[],"class_list":{"0":"post-8726","1":"product","2":"type-product","3":"status-publish","4":"has-post-thumbnail","6":"product_cat-girard","7":"description-off","9":"first","10":"instock","11":"shipping-taxable","12":"product-type-simple"},"aioseo_notices":[],"_links":{"self":[{"href":"https:\/\/www.carrerivegauche.com\/fr\/wp-json\/wp\/v2\/product\/8726","targetHints":{"allow":["GET"]}}],"collection":[{"href":"https:\/\/www.carrerivegauche.com\/fr\/wp-json\/wp\/v2\/product"}],"about":[{"href":"https:\/\/www.carrerivegauche.com\/fr\/wp-json\/wp\/v2\/types\/product"}],"wp:featuredmedia":[{"embeddable":true,"href":"https:\/\/www.carrerivegauche.com\/fr\/wp-json\/wp\/v2\/media\/8714"}],"wp:attachment":[{"href":"https:\/\/www.carrerivegauche.com\/fr\/wp-json\/wp\/v2\/media?parent=8726"}],"wp:term":[{"taxonomy":"product_brand","embeddable":true,"href":"https:\/\/www.carrerivegauche.com\/fr\/wp-json\/wp\/v2\/product_brand?post=8726"},{"taxonomy":"product_cat","embeddable":true,"href":"https:\/\/www.carrerivegauche.com\/fr\/wp-json\/wp\/v2\/product_cat?post=8726"},{"taxonomy":"product_tag","embeddable":true,"href":"https:\/\/www.carrerivegauche.com\/fr\/wp-json\/wp\/v2\/product_tag?post=8726"}],"curies":[{"name":"wp","href":"https:\/\/api.w.org\/{rel}","templated":true}]}}