 

{"id":8602,"date":"2021-05-07T16:07:05","date_gmt":"2021-05-07T14:07:05","guid":{"rendered":"https:\/\/www.carrerivegauche.com\/testboutique\/boutique-crg\/alexandre-dubuisson-lyon-1805-1870-versailles-chevaux-dans-la-campagne-hst-signe-et-date-1845\/"},"modified":"2021-05-12T16:29:13","modified_gmt":"2021-05-12T14:29:13","slug":"alexandre-dubuisson-lyon-1805-1870-versailles-chevaux-dans-la-campagne-hst-signe-et-date-1845","status":"publish","type":"product","link":"https:\/\/www.carrerivegauche.com\/fr\/boutique-crg\/alexandre-dubuisson-lyon-1805-1870-versailles-chevaux-dans-la-campagne-hst-signe-et-date-1845\/","title":{"rendered":"Alexandre Dubuisson (Lyon 1805-1870 Versailles). Chevaux dans la campagne. HST sign\u00e9 et dat\u00e9 1845."},"content":{"rendered":"<p class=\"MsoNormal\" style=\"margin: 0cm 0cm 0.0001pt;\"><em><span style=\"color: #000000; font-family: 'Times New Roman';\">Alexandre DUBUISSON (Lyon 1805- 1870 Versailles)<\/span><\/em><\/p>\n<p class=\"MsoNormal\" style=\"margin: 0cm 0cm 0.0001pt;\"><em><span style=\"color: #000000; font-family: 'Times New Roman';\">Horses in the countryside<\/span><\/em><\/p>\n<p class=\"MsoNormal\" style=\"margin: 0cm 0cm 0.0001pt;\"><em><span style=\"color: #000000; font-family: 'Times New Roman';\">Lyon school.<\/span><\/em><\/p>\n<p class=\"MsoNormal\" style=\"margin: 0cm 0cm 0.0001pt;\"><em><span style=\"color: #000000; font-family: 'Times New Roman';\">Oil on canvas in a rich wooden and stucco gilded frame. Signed and dated 1845 lower right<\/span><\/em><\/p>\n<p class=\"MsoNormal\" style=\"margin: 0cm 0cm 0.0001pt;\"><em><span style=\"color: #000000; font-family: 'Times New Roman';\">Canvas dimensions: h: 39 in &#8211; W\u00a0 51,2 in &#8211; Framed: h: 53 in &#8211; w: 65 in.<\/span><span lang=\"EN-GB\" style=\"font-size: 12pt;\">\u00a0<\/span><\/em><\/p>\n<p><em>Alexandre Dubuisson studied at the Ecole des Beaux Arts of Paris in 1827, pupil of Louis Hersent (1777-1860).<\/em><\/p>\n<p><em>He regularly participates in salons in Paris and Lyon which are for him the opportunity to be noticed by paintings mainly presenting landscapes with horses, animal portraits or military scenes.<\/em><\/p>\n<p><em>He exhibited regularly at the Salon de Lyon from 1833 to 1864.<\/em><\/p>\n<p><em>He also exhibited at the Paris Salon from 1835 and regularly until 1869, and received a 3rd class medal in 1844 with\u00a0<span lang=\"EN-GB\" style=\"font-size: 12pt;\">Attelage de chevaux faisant la rencontre des bateaux sur le Rh\u00f4ne, entre Valence et Tournon.<\/span><span lang=\"EN-GB\" style=\"color: #000000;\"> (Mus\u00e9e de Lyon)<\/span><\/em><\/p>\n<p><em>Several of his works are now kept in the collections of Lyon museums, including the painting awarded in 1844.<\/em><\/p>\n<p><em>But also in many other museums, such as the Mus\u00e9e de Grenoble.\u00a0<\/em><em>the Museum of Fine Arts in Dijon,\u00a0<\/em><em>the D\u00f4le museum,\u00a0<\/em><em>the museums of Autun,\u00a0<\/em><em>the museum of Nice,\u00a0<\/em><em>the Strasbourg museum.<\/em><\/p>\n<p class=\"MsoNormal\" style=\"margin: 0cm 0cm 0.0001pt; font-size: 10pt;\">\n","protected":false},"excerpt":{"rendered":"<p>Alexandre DUBUISSON (Lyon 1805-1870 Versailles). Chevaux dans la campagne. Ecole lyonnaise.<\/p>\n<p>Huile sur toile dans son cadre en bois et stuc dor\u00e9. Sign\u00e9 et dat\u00e9 1845 en bas \u00e0 droite.<\/p>\n<p>Dimensions : H 99 &#8211; L 130 cm &#8211; Encadr\u00e9 H 135 &#8211; L 165 cm.<\/p>\n<p class=\"MsoNormal\" style=\"margin: 0cm 0cm 0.0001pt; font-size: 10pt;\"><span lang=\"EN-GB\" style=\"font-size: 12pt;\">El\u00e8ve \u00e0 l\u2019Ecole des Beaux Arts de Paris en 1827, dans la classe de Louis Hersent (1777-1860), qui fut lui-m\u00eame l\u2019\u00e9l\u00e8ve de Jacques-Louis DAVID (1748-1825) et obtint un second prix de Rome en 1797.<\/span><\/p>\n<p class=\"MsoNormal\" style=\"margin: 0cm 0cm 0.0001pt; font-size: 10pt;\"><span lang=\"EN-GB\" style=\"font-size: 12pt;\">Apr\u00e8s Paris Alexandre Dubuisson revient s\u2019installer \u00e0 Lyon, puis retourne \u00e0 Paris vers 1858.<\/span><\/p>\n<p class=\"MsoNormal\" style=\"margin: 0cm 0cm 0.0001pt; font-size: 10pt;\"><span lang=\"EN-GB\" style=\"font-size: 12pt;\">Il participe r\u00e9guli\u00e8rement aux salons \u00e0 Paris et Lyon qui sont pour lui l\u2019occasion de se faire remarquer par des tableaux pr\u00e9sentant essentiellement des paysages avec des chevaux, des portraits d\u2019animaux ou des sc\u00e8nes militaires.<\/span><\/p>\n<p class=\"MsoNormal\" style=\"margin: 0cm 0cm 0.0001pt; font-size: 10pt;\"><span lang=\"EN-GB\" style=\"font-size: 12pt;\">Il expose r\u00e9guli\u00e8rement au Salon de Lyon de 1833 \u00e0 1864.<\/span><\/p>\n<p class=\"MsoNormal\" style=\"margin: 0cm 0cm 0.0001pt; font-size: 10pt;\"><span lang=\"EN-GB\" style=\"font-size: 12pt;\">Il expose \u00e9galement au Salon de Paris \u00e0 partir de 1835 et r\u00e9guli\u00e8rement jusque 1869, et re\u00e7oit une m\u00e9daille de 3\u00e8me classe en 1844 pour sa toile <i>Attelage de chevaux faisant la rencontre des bateaux sur le Rh\u00f4ne, entre Valence et Tournon.<\/i> (Mus\u00e9e de Lyon)<\/span><\/p>\n<p class=\"MsoNormal\" style=\"margin: 0cm 0cm 0.0001pt; font-size: 10pt;\"><span lang=\"EN-GB\" style=\"font-size: 12pt;\">\u00a0<\/span><\/p>\n<p class=\"MsoNormal\" style=\"margin: 0cm 0cm 0.0001pt; font-size: 10pt;\"><span lang=\"EN-GB\" style=\"font-size: 12pt;\">Plusieurs de ses oeuvres sont aujourd\u2019hui conserv\u00e9es dans les collections de mus\u00e9es lyonnais, dont le tableau r\u00e9compens\u00e9 en 1844.<\/span><\/p>\n<p class=\"MsoNormal\" style=\"margin: 0cm 0cm 0.0001pt; font-size: 10pt;\"><span lang=\"EN-GB\" style=\"font-size: 12pt;\">Mais aussi dans de nombreux autres mus\u00e9es, tels que le mus\u00e9e de Grenoble, qui conserve de lui <i>Paysage de montagne<\/i>, <i>Deux chevaux et un \u00e2ne \u00e0 l\u2019abreuvoir<\/i>, Salon Lyon 1839 ; <i>Foire de village et ch\u00e8vres au p\u00e2turage<\/i>, Salon Grenoble 1850 ;<\/span><\/p>\n<p class=\"MsoNormal\" style=\"margin: 0cm 0cm 0.0001pt; font-size: 10pt;\"><span lang=\"EN-GB\" style=\"font-size: 12pt;\">le mus\u00e9e des Beaux Arts de Dijon <i>Prise de la Porte de Saint Denis<\/i> 1852 ;<\/span><\/p>\n<p class=\"MsoNormal\" style=\"margin: 0cm 0cm 0.0001pt; font-size: 10pt;\"><span lang=\"EN-GB\" style=\"font-size: 12pt;\">le mus\u00e9e de D\u00f4le <i>Paysage<\/i> ;<\/span><\/p>\n<p class=\"MsoNormal\" style=\"margin: 0cm 0cm 0.0001pt; font-size: 10pt;\"><span lang=\"EN-GB\" style=\"font-size: 12pt;\">les mus\u00e9es d\u2019Autun <i>Les d\u00e9fricheurs, attelage de boeufs dans le Dauphin\u00e9<\/i>, Salon Paris 1857 ;<\/span><\/p>\n<p class=\"MsoNormal\" style=\"margin: 0cm 0cm 0.0001pt; font-size: 10pt;\"><span lang=\"EN-GB\" style=\"font-size: 12pt;\">le mus\u00e9e de Nice <i>Retour des champs<\/i><\/span><\/p>\n<p class=\"MsoNormal\" style=\"margin: 0cm 0cm 0.0001pt; font-size: 10pt;\"><span lang=\"EN-GB\" style=\"font-size: 12pt;\">le mus\u00e9e de Strasbourg <i>Poste aux chevaux.<\/i><\/span><\/p>\n<p class=\"MsoNormal\" style=\"margin: 0cm 0cm 0.0001pt;\"><i style=\"color: #000000;\"><span lang=\"EN-GB\" style=\"font-size: 12pt;\">\u00a0<\/span><\/i><\/p>\n<p class=\"MsoNormal\" style=\"margin: 0cm 0cm 0.0001pt;\">\n","protected":false},"featured_media":8599,"template":"","meta":[],"product_brand":[],"product_cat":[231],"product_tag":[],"class_list":{"0":"post-8602","1":"product","2":"type-product","3":"status-publish","4":"has-post-thumbnail","6":"product_cat-vichot","7":"description-off","9":"first","10":"instock","11":"shipping-taxable","12":"product-type-simple"},"aioseo_notices":[],"_links":{"self":[{"href":"https:\/\/www.carrerivegauche.com\/fr\/wp-json\/wp\/v2\/product\/8602","targetHints":{"allow":["GET"]}}],"collection":[{"href":"https:\/\/www.carrerivegauche.com\/fr\/wp-json\/wp\/v2\/product"}],"about":[{"href":"https:\/\/www.carrerivegauche.com\/fr\/wp-json\/wp\/v2\/types\/product"}],"wp:featuredmedia":[{"embeddable":true,"href":"https:\/\/www.carrerivegauche.com\/fr\/wp-json\/wp\/v2\/media\/8599"}],"wp:attachment":[{"href":"https:\/\/www.carrerivegauche.com\/fr\/wp-json\/wp\/v2\/media?parent=8602"}],"wp:term":[{"taxonomy":"product_brand","embeddable":true,"href":"https:\/\/www.carrerivegauche.com\/fr\/wp-json\/wp\/v2\/product_brand?post=8602"},{"taxonomy":"product_cat","embeddable":true,"href":"https:\/\/www.carrerivegauche.com\/fr\/wp-json\/wp\/v2\/product_cat?post=8602"},{"taxonomy":"product_tag","embeddable":true,"href":"https:\/\/www.carrerivegauche.com\/fr\/wp-json\/wp\/v2\/product_tag?post=8602"}],"curies":[{"name":"wp","href":"https:\/\/api.w.org\/{rel}","templated":true}]}}