 

{"id":8471,"date":"2021-02-07T14:04:05","date_gmt":"2021-02-07T13:04:05","guid":{"rendered":"https:\/\/www.carrerivegauche.com\/testboutique\/boutique-crg\/rape-a-tabac-dexception-concue-pour-la-maison-du-roi-1720-1730\/"},"modified":"2021-05-12T16:03:51","modified_gmt":"2021-05-12T14:03:51","slug":"rape-a-tabac-dexception-concue-pour-la-maison-du-roi-1720-1730","status":"publish","type":"product","link":"https:\/\/www.carrerivegauche.com\/fr\/boutique-crg\/rape-a-tabac-dexception-concue-pour-la-maison-du-roi-1720-1730\/","title":{"rendered":"R\u00e2pe \u00e0 tabac d&rsquo;exception con\u00e7ue pour la Maison du Roi 1720\/1730"},"content":{"rendered":"<p><\/p>\n","protected":false},"excerpt":{"rendered":"<p style=\"margin: 0px 0px 10px; padding: 0px; color: #636363;\" data-mce-style=\"margin: 0px 0px 10px; padding: 0px; color: #636363;\"><span style=\"margin: 0px; padding: 0px; font-weight: bold;\" data-mce-style=\"margin: 0px; padding: 0px; font-weight: bold;\">R\u00e2pe \u00e0 tabac d\u2019exception con\u00e7ue pour la Maison du Roi ex collection du Mus\u00e9e de la Seita<\/span><br style=\"margin: 0px; padding: 0px;\" data-mce-style=\"margin: 0px; padding: 0px;\">R\u00e2pe \u00e0 tabac ouverte en buis sculpt\u00e9, deux anges \u00e0 la partie sup\u00e9rieure tenant le blason aux armes de France surmont\u00e9 de la couronne royale et entour\u00e9 des colliers de Saint Michel et du Saint Esprit.<br style=\"margin: 0px; padding: 0px;\" data-mce-style=\"margin: 0px; padding: 0px;\">Enroulements de rinceaux, de fleurons dans la partie inf\u00e9rieure se terminant par un d\u00e9versoir en coquille. R\u00e2poir manquant.<br style=\"margin: 0px; padding: 0px;\" data-mce-style=\"margin: 0px; padding: 0px;\">Travail pour <strong>la Maison du Roi.<\/strong><br style=\"margin: 0px; padding: 0px;\" data-mce-style=\"margin: 0px; padding: 0px;\"><span style=\"text-decoration: underline;\" data-mce-style=\"text-decoration: underline;\">Dimension<\/span> : longueur de 23 ,3 cm.<br style=\"margin: 0px; padding: 0px;\" data-mce-style=\"margin: 0px; padding: 0px;\"><span style=\"text-decoration: underline;\" data-mce-style=\"text-decoration: underline;\">Provenance<\/span> : ex collection du Mus\u00e9e de la Seita n\u00b0 333 \u00e0 l\u2019inventaire Mus\u00e9e de la Seita Paris en photo H 92 page 85 au catalogue du mus\u00e9e.<br style=\"margin: 0px; padding: 0px;\" data-mce-style=\"margin: 0px; padding: 0px;\"><span style=\"margin: 0px; padding: 0px; font-weight: bold;\" data-mce-style=\"margin: 0px; padding: 0px; font-weight: bold;\">France datable vers 1720\/1730.<\/span><\/p>\n<p>Prix sur demande \/ price on request<\/p>\n<p style=\"margin: 0px 0px 10px; padding: 0px; color: #636363;\" data-mce-style=\"margin: 0px 0px 10px; padding: 0px; color: #636363;\"><span style=\"margin: 0px; padding: 0px; font-weight: bold;\" data-mce-style=\"margin: 0px; padding: 0px; font-weight: bold;\"><em style=\"margin: 0px; padding: 0px;\" data-mce-style=\"margin: 0px; padding: 0px;\">Exceptional tobacco rasp made for the Maison du Roi<\/em><\/span><br style=\"margin: 0px; padding: 0px;\" data-mce-style=\"margin: 0px; padding: 0px;\"><em style=\"margin: 0px; padding: 0px;\" data-mce-style=\"margin: 0px; padding: 0px;\">Tobacco rasp in carved boxwood, two angels at the top holding the coat of arms of France surmounted by the royal crown and surrounded by the necklaces of Saint Michael and the Holy Spirit.<\/em><br style=\"margin: 0px; padding: 0px;\" data-mce-style=\"margin: 0px; padding: 0px;\"><em style=\"margin: 0px; padding: 0px;\" data-mce-style=\"margin: 0px; padding: 0px;\">Windings of foliage, florets in the lower part ending in a shell spillway. Grater missing.<\/em><br style=\"margin: 0px; padding: 0px;\" data-mce-style=\"margin: 0px; padding: 0px;\"><em style=\"margin: 0px; padding: 0px;\" data-mce-style=\"margin: 0px; padding: 0px;\">Work for the Maison du Roi.<\/em><br style=\"margin: 0px; padding: 0px;\" data-mce-style=\"margin: 0px; padding: 0px;\"><em style=\"margin: 0px; padding: 0px;\" data-mce-style=\"margin: 0px; padding: 0px;\"><span style=\"text-decoration: underline;\" data-mce-style=\"text-decoration: underline;\">Dimension<\/span>: length of 23.3 cm.<\/em><br style=\"margin: 0px; padding: 0px;\" data-mce-style=\"margin: 0px; padding: 0px;\"><em style=\"margin: 0px; padding: 0px;\" data-mce-style=\"margin: 0px; padding: 0px;\"><span style=\"text-decoration: underline;\" data-mce-style=\"text-decoration: underline;\">Provenance<\/span>: ex collection of the Mus\u00e9e de la Seita n \u00b0 333 in the inventory of the Mus\u00e9e de la Seita Paris in photo H 92 page 85 in the museum catalog.<\/em><br style=\"margin: 0px; padding: 0px;\" data-mce-style=\"margin: 0px; padding: 0px;\"><span style=\"margin: 0px; padding: 0px; font-weight: bold;\" data-mce-style=\"margin: 0px; padding: 0px; font-weight: bold;\"><em style=\"margin: 0px; padding: 0px;\" data-mce-style=\"margin: 0px; padding: 0px;\">France datable around 1720\/1730.<\/em><\/span><\/p>\n","protected":false},"featured_media":8456,"template":"","meta":[],"product_brand":[],"product_cat":[241],"product_tag":[],"class_list":{"0":"post-8471","1":"product","2":"type-product","3":"status-publish","4":"has-post-thumbnail","6":"product_cat-delalande","7":"description-off","9":"first","10":"instock","11":"shipping-taxable","12":"product-type-simple"},"aioseo_notices":[],"_links":{"self":[{"href":"https:\/\/www.carrerivegauche.com\/fr\/wp-json\/wp\/v2\/product\/8471","targetHints":{"allow":["GET"]}}],"collection":[{"href":"https:\/\/www.carrerivegauche.com\/fr\/wp-json\/wp\/v2\/product"}],"about":[{"href":"https:\/\/www.carrerivegauche.com\/fr\/wp-json\/wp\/v2\/types\/product"}],"wp:featuredmedia":[{"embeddable":true,"href":"https:\/\/www.carrerivegauche.com\/fr\/wp-json\/wp\/v2\/media\/8456"}],"wp:attachment":[{"href":"https:\/\/www.carrerivegauche.com\/fr\/wp-json\/wp\/v2\/media?parent=8471"}],"wp:term":[{"taxonomy":"product_brand","embeddable":true,"href":"https:\/\/www.carrerivegauche.com\/fr\/wp-json\/wp\/v2\/product_brand?post=8471"},{"taxonomy":"product_cat","embeddable":true,"href":"https:\/\/www.carrerivegauche.com\/fr\/wp-json\/wp\/v2\/product_cat?post=8471"},{"taxonomy":"product_tag","embeddable":true,"href":"https:\/\/www.carrerivegauche.com\/fr\/wp-json\/wp\/v2\/product_tag?post=8471"}],"curies":[{"name":"wp","href":"https:\/\/api.w.org\/{rel}","templated":true}]}}