 

{"id":8299,"date":"2021-04-06T16:17:31","date_gmt":"2021-04-06T14:17:31","guid":{"rendered":"https:\/\/www.carrerivegauche.com\/testboutique\/boutique-crg\/chromointerference-carlos-cruz-diez\/"},"modified":"2021-05-06T17:10:31","modified_gmt":"2021-05-06T15:10:31","slug":"chromointerference-carlos-cruz-diez","status":"publish","type":"product","link":"https:\/\/www.carrerivegauche.com\/fr\/boutique-crg\/chromointerference-carlos-cruz-diez\/","title":{"rendered":"ChromoInterference &#8211; Carlos Cruz-Diez"},"content":{"rendered":"<p><b>Carlos Cruz-Diez<\/b>, n\u00e9 au Venezuela en 1923, est l\u2019un des acteurs<br \/>\nmajeurs et l\u2019un des principaux repr\u00e9sentants de l\u2019art optique. Ses<br \/>\nmultiples investigations ont apport\u00e9 une nouvelle approche sur le<br \/>\nph\u00e9nom\u00e8ne de la couleur dans le domaine de l\u2019art en d\u00e9veloppant<br \/>\nnotamment l\u2019univers perceptif de celle-ci. Th\u00e9oricien de la couleur, il<br \/>\nen a \u00e9labor\u00e9 les derni\u00e8res avanc\u00e9es conceptuelles. Ses recherches,<br \/>\nfond\u00e9es sur trois situations chromatiques: soustractive, additive et<br \/>\nr\u00e9fl\u00e9chie, ont permis une nouvelle approche cognitive du ph\u00e9nom\u00e8ne de la<br \/>\n couleur, amplifiant consid\u00e9rablement son champ de perception. Cruz\u2010Diez<br \/>\n appr\u00e9hende la couleur comme une r\u00e9alit\u00e9 autonome, d\u00e9pourvue d\u2019anecdote,<br \/>\n \u00e9voluant dans l\u2019espace et le temps r\u00e9els, sans pass\u00e9 ni futur, en un<br \/>\npr\u00e9sent perp\u00e9tuel. Dans ses \u0153uvres, la couleur devient une r\u00e9alit\u00e9 qui<br \/>\npeut exister sans recours \u00e0 une forme ou \u00e0 un support.<\/p>\n","protected":false},"excerpt":{"rendered":"<p>Bracelet<br \/>Or jaune 18k, pigment UV sur acrylique<br \/>2013<br \/>\u00e9dition de 5 exemplaires, sign\u00e9s et num\u00e9rot\u00e9s<br \/>PRIX SUR DEMANDE<\/p>\n<p>Bracelet<br \/>18k yellow gold, UV pigment on acrylic<br \/>2013<br \/>edition of 5, signed and numbered<br \/>PRICE UPON REQUEST<\/p>\n","protected":false},"featured_media":8293,"template":"","meta":[],"product_brand":[],"product_cat":[240],"product_tag":[],"class_list":{"0":"post-8299","1":"product","2":"type-product","3":"status-publish","4":"has-post-thumbnail","6":"product_cat-minimasterpiece","7":"description-off","9":"first","10":"instock","11":"shipping-taxable","12":"product-type-simple"},"aioseo_notices":[],"_links":{"self":[{"href":"https:\/\/www.carrerivegauche.com\/fr\/wp-json\/wp\/v2\/product\/8299","targetHints":{"allow":["GET"]}}],"collection":[{"href":"https:\/\/www.carrerivegauche.com\/fr\/wp-json\/wp\/v2\/product"}],"about":[{"href":"https:\/\/www.carrerivegauche.com\/fr\/wp-json\/wp\/v2\/types\/product"}],"wp:featuredmedia":[{"embeddable":true,"href":"https:\/\/www.carrerivegauche.com\/fr\/wp-json\/wp\/v2\/media\/8293"}],"wp:attachment":[{"href":"https:\/\/www.carrerivegauche.com\/fr\/wp-json\/wp\/v2\/media?parent=8299"}],"wp:term":[{"taxonomy":"product_brand","embeddable":true,"href":"https:\/\/www.carrerivegauche.com\/fr\/wp-json\/wp\/v2\/product_brand?post=8299"},{"taxonomy":"product_cat","embeddable":true,"href":"https:\/\/www.carrerivegauche.com\/fr\/wp-json\/wp\/v2\/product_cat?post=8299"},{"taxonomy":"product_tag","embeddable":true,"href":"https:\/\/www.carrerivegauche.com\/fr\/wp-json\/wp\/v2\/product_tag?post=8299"}],"curies":[{"name":"wp","href":"https:\/\/api.w.org\/{rel}","templated":true}]}}