 

{"id":8277,"date":"2021-03-15T10:49:20","date_gmt":"2021-03-15T09:49:20","guid":{"rendered":"https:\/\/www.carrerivegauche.com\/testboutique\/boutique-crg\/shootem-up-nicolas-buffe\/"},"modified":"2021-05-07T11:43:23","modified_gmt":"2021-05-07T09:43:23","slug":"shootem-up-nicolas-buffe","status":"publish","type":"product","link":"https:\/\/www.carrerivegauche.com\/fr\/boutique-crg\/shootem-up-nicolas-buffe\/","title":{"rendered":"Shoot&#8217;em up &#8211; Nicolas Buffe"},"content":{"rendered":"<p style=\"text-align: justify;\" data-mce-style=\"text-align: justify;\">Artiste fran\u00e7ais bas\u00e9 \u00e0 Tokyo, Nicolas Buffe est le cr\u00e9ateur d\u2019un univers prot\u00e9iforme et pluridisciplinaire m\u00ealant culture \u00e9rudite et populaire. N\u00e9 en 1978, il fait partie d\u2019une g\u00e9n\u00e9ration naturellement marqu\u00e9e par la culture japonaise, d\u00e9veloppant depuis l\u2019enfance une passion pour les anim\u00e9s, manga et jeux vid\u00e9o. \u00c0 ces r\u00e9f\u00e9rences s\u2019ajoutent, au fil de ses \u00e9tudes, des oeuvres classiques du Moyen-\u00c2ge, de la Renaissance et du baroque telles que Le Roman de la Rose ou Le Songe de Poliphile. Ce m\u00e9tissage d\u2019influences narratives et visuelles est omnipr\u00e9sent dans son travail fond\u00e9 sur la notion humaniste de \u00abserio ludere\u00bb ou \u00abjouer s\u00e9rieusement\u00bb qu\u2019il pr\u00e9sente en France et internationalement au travers d\u2019expositions et d\u2019installations hors normes, notamment \u00e0 la Maison Rouge (2007, Le Vestibule), au Mus\u00e9e d\u2019art contemporain de Tokyo (2008), au MAD Paris (2010, Circuit C\u00e9ramique), Hara Museum of contemporary art de Tokyo (2014, exposition personnelle), au Th\u00e9\u00e2tre du Ch\u00e2telet et au Ch\u00e2teau de Nijo \u2013 Kyoto (Nuit Blanche 2016), Hong Kong City Hall \u00e0 l\u2019occasion du French May puis Hong-Kong K11 (2017, expositions personnelles), S\u00e8vres : 300 Creative years (2017-2018, Suntory Museum \u2013 Tokyo puis Osaka, Hagi, Shizuoka). Roppongi Art Night (2018, Tokyo) et Magiques Licornes au Mus\u00e9e de Cluny (2018-19) mais aussi de collaborations prestigieuses et vari\u00e9es (Herm\u00e8s, Comme des Gar\u00e7ons, Maison Pierre Herm\u00e9, S\u00e8vres, Mitsukoshi-Isetan, Craft Limoges, N2, Hankyu, Tsutaya). Il est notamment le laur\u00e9at en 2010 du grand prix de la Cit\u00e9 Internationale de la Tapisserie et de l\u2019art Tiss\u00e9 d\u2019Aubusson. Nicolas Buffe s\u2019aventure dans l\u2019op\u00e9ra suite \u00e0 l\u2019invitation de Jean-Luc Choplin et est charg\u00e9 \u00e0 deux reprises pour le th\u00e9\u00e2tre du Ch\u00e2telet \u00e0 Paris de la conception visuelle de costumes et d\u00e9cors pour Orlando Paladino de Haydn (prix du syndicat de la critique 2012) et Il Re Pastore de Mozart (2015). Il dessine le rideau de sc\u00e8ne de la Seine Musicale sur le th\u00e8me d\u2019Orph\u00e9e (2017). Plus r\u00e9cemment, \u00e0 Miami, en 2018, il con\u00e7oit une des cinq fa\u00e7ades du Museum Garage, \u2013 Miami Design District (organis\u00e9 par Terence Riley, avec Work AC; J. Mayer H.; Clavel Aarquitectos; K\/R; 11 distinctions nationales et internationales) et \u00e0 l\u2019hiver 2018-2019, il d\u00e9ploie une installation monumentale \u00e0 l\u2019int\u00e9rieur de Ginza Six \u2013 Tokyo. Sa premi\u00e8re<br \/>collaboration avec S\u00e8vres remonte \u00e0 2016 o\u00f9 il est invit\u00e9 \u00e0 participer \u00e0 une cuisson exceptionnelle du plus grand four \u00e0 bois de la manufacture datant du 19 \u00e8me si\u00e8cle.<\/p>\n<p style=\"text-align: justify;\" data-mce-style=\"text-align: justify;\">Pour sa premi\u00e8re collaboration avec la galerie MiniMasterpiece, Nicolas Buffe a choisi d\u2019associer deux mondes a priori oppos\u00e9s. D\u2019une part, la Manufacture de S\u00e8vres, embl\u00e8me de l\u2019histoire prestigieuse de la porcelaine fran\u00e7aise depuis le 18\u00e8me si\u00e8cle mais aussi d\u2019une certaine id\u00e9e du raffinement et de la fragilit\u00e9. D\u2019autre part, Shoot\u2019em up, qui comme son nom l\u2019indique est un jeu vid\u00e9o d\u2019action fr\u00e9n\u00e9tique dont le but est d\u2019\u00e9liminer des ennemis venus d\u2019outre-espace toujours plus nombreux \u00e0 l\u2019\u00e9cran. Buffe a pass\u00e9 ces derni\u00e8res ann\u00e9es de longs moments dans les r\u00e9serves de la Manufacture de S\u00e8vres \u00e0 \u00e9tudier ses collections historiques. De par leurs courbes \u00e9labor\u00e9es et leurs noms \u00e9vocateurs, certains vases lui ont fait penser \u00e0 des formes de vaisseaux spatiaux futuristes tels qu\u2019il en a vu dans de nombreux jeux vid\u00e9os depuis son enfance. Avec une touche d\u2019ironie, il lui a plu de faire le lien entre les origines de la porcelaine fran\u00e7aise et celles du jeu vid\u00e9o. Ce sont deux histoires que Nicolas Buffe aime et qui ont chacune \u00e0 leur mani\u00e8re une port\u00e9e universelle. Ainsi, Buffe a transform\u00e9 le Vase pot-pourri Mercure en \u00abInvader from Mercury\u00bb et le Vase \u00e0 \u00c9toiles de 1776 en \u00abStarship Defender\u00bb. Quant aux rayons lasers que s\u2019\u00e9changent les vaisseaux, le parall\u00e8le avec la luminosit\u00e9 et la brillance des pierres \u00e9tait tout trouv\u00e9. Le raffinement des biscuits de S\u00e8vres trouve un \u00e9cho dans les miniatures de vaisseaux anim\u00e9s sur l\u2019\u00e9cran d\u2019une borne arcade.<\/p>\n","protected":false},"excerpt":{"rendered":"<p>Collier<br \/>Porcelaine de S\u00e8vres, or jaune 18k, \u00e9mail, onyxs verts et quartzites roses<br \/>2019<br \/>\u00e9dition de 10 exemplaires sign\u00e9s et num\u00e9rot\u00e9s<br \/>co-\u00e9dition MiniMasterpiece et S\u00e8vres<br \/>PRIX SUR DEMANDE<\/p>\n<p>Necklace<br \/>S\u00e8vres porcelain, 18k yellow gold, enamel, green onyx and pink quartzite<br \/>2019<br \/>edition of 10, signed and numbered<br \/>co-edition MiniMasterpiece and S\u00e8vres<br \/>PRIX UPON REQUEST<\/p>\n","protected":false},"featured_media":8280,"template":"","meta":[],"product_brand":[],"product_cat":[240],"product_tag":[],"class_list":{"0":"post-8277","1":"product","2":"type-product","3":"status-publish","4":"has-post-thumbnail","6":"product_cat-minimasterpiece","7":"description-off","9":"first","10":"instock","11":"shipping-taxable","12":"product-type-simple"},"aioseo_notices":[],"_links":{"self":[{"href":"https:\/\/www.carrerivegauche.com\/fr\/wp-json\/wp\/v2\/product\/8277","targetHints":{"allow":["GET"]}}],"collection":[{"href":"https:\/\/www.carrerivegauche.com\/fr\/wp-json\/wp\/v2\/product"}],"about":[{"href":"https:\/\/www.carrerivegauche.com\/fr\/wp-json\/wp\/v2\/types\/product"}],"wp:featuredmedia":[{"embeddable":true,"href":"https:\/\/www.carrerivegauche.com\/fr\/wp-json\/wp\/v2\/media\/8280"}],"wp:attachment":[{"href":"https:\/\/www.carrerivegauche.com\/fr\/wp-json\/wp\/v2\/media?parent=8277"}],"wp:term":[{"taxonomy":"product_brand","embeddable":true,"href":"https:\/\/www.carrerivegauche.com\/fr\/wp-json\/wp\/v2\/product_brand?post=8277"},{"taxonomy":"product_cat","embeddable":true,"href":"https:\/\/www.carrerivegauche.com\/fr\/wp-json\/wp\/v2\/product_cat?post=8277"},{"taxonomy":"product_tag","embeddable":true,"href":"https:\/\/www.carrerivegauche.com\/fr\/wp-json\/wp\/v2\/product_tag?post=8277"}],"curies":[{"name":"wp","href":"https:\/\/api.w.org\/{rel}","templated":true}]}}