 

{"id":8212,"date":"2021-04-29T17:37:56","date_gmt":"2021-04-29T15:37:56","guid":{"rendered":"https:\/\/www.carrerivegauche.com\/testboutique\/boutique-crg\/robe-transformee-en-chuba-tibetaine-en-soie-jaune-a-decor-de-dragons-imperiaux\/"},"modified":"2021-05-12T13:32:07","modified_gmt":"2021-05-12T11:32:07","slug":"robe-transformee-en-chuba-tibetaine-en-soie-jaune-a-decor-de-dragons-imperiaux","status":"publish","type":"product","link":"https:\/\/www.carrerivegauche.com\/fr\/boutique-crg\/robe-transformee-en-chuba-tibetaine-en-soie-jaune-a-decor-de-dragons-imperiaux\/","title":{"rendered":"Robe transform\u00e9e en chuba tib\u00e9taine en soie jaune \u00e0 d\u00e9cor de dragons imp\u00e9riaux"},"content":{"rendered":"","protected":false},"excerpt":{"rendered":"<p>Chine, dynastie Qing, XVIIIe si\u00e8cle<\/p>\n<p>Hauteur : 141 cm : Longueur : 154 cm<\/p>\n<p>Collection particuli\u00e8re anglaise<\/p>\n","protected":false},"featured_media":8205,"template":"","meta":[],"product_brand":[],"product_cat":[267],"product_tag":[],"class_list":{"0":"post-8212","1":"product","2":"type-product","3":"status-publish","4":"has-post-thumbnail","6":"product_cat-levesque","7":"description-off","9":"first","10":"instock","11":"shipping-taxable","12":"product-type-simple"},"aioseo_notices":[],"_links":{"self":[{"href":"https:\/\/www.carrerivegauche.com\/fr\/wp-json\/wp\/v2\/product\/8212","targetHints":{"allow":["GET"]}}],"collection":[{"href":"https:\/\/www.carrerivegauche.com\/fr\/wp-json\/wp\/v2\/product"}],"about":[{"href":"https:\/\/www.carrerivegauche.com\/fr\/wp-json\/wp\/v2\/types\/product"}],"wp:featuredmedia":[{"embeddable":true,"href":"https:\/\/www.carrerivegauche.com\/fr\/wp-json\/wp\/v2\/media\/8205"}],"wp:attachment":[{"href":"https:\/\/www.carrerivegauche.com\/fr\/wp-json\/wp\/v2\/media?parent=8212"}],"wp:term":[{"taxonomy":"product_brand","embeddable":true,"href":"https:\/\/www.carrerivegauche.com\/fr\/wp-json\/wp\/v2\/product_brand?post=8212"},{"taxonomy":"product_cat","embeddable":true,"href":"https:\/\/www.carrerivegauche.com\/fr\/wp-json\/wp\/v2\/product_cat?post=8212"},{"taxonomy":"product_tag","embeddable":true,"href":"https:\/\/www.carrerivegauche.com\/fr\/wp-json\/wp\/v2\/product_tag?post=8212"}],"curies":[{"name":"wp","href":"https:\/\/api.w.org\/{rel}","templated":true}]}}