 

{"id":8196,"date":"2021-05-01T12:48:10","date_gmt":"2021-05-01T10:48:10","guid":{"rendered":"https:\/\/www.carrerivegauche.com\/testboutique\/boutique-crg\/giuseppe-cantagalli-grand-vase-en-faience-blanche-xixe-siecle\/"},"modified":"2021-05-11T13:15:47","modified_gmt":"2021-05-11T11:15:47","slug":"giuseppe-cantagalli-grand-vase-en-faience-blanche-xixe-siecle","status":"publish","type":"product","link":"https:\/\/www.carrerivegauche.com\/fr\/boutique-crg\/giuseppe-cantagalli-grand-vase-en-faience-blanche-xixe-siecle\/","title":{"rendered":"Giuseppe Cantagalli &#8211; Grand vase en fa\u00efence blanche &#8211; XIXe si\u00e8cle"},"content":{"rendered":"<p>La manufacture de Cantagalli, qui existait depuis la fin du XVIe si\u00e8cle, \u00e9tait dirig\u00e9e par Giuseppe Cantagalli au cours du XIXe si\u00e8cle, jusqu&rsquo;\u00e0 sa mort en 1878.\u00a0Elle est ensuite pass\u00e9e \u00e0 ses deux fils, Ulisse et Romeo.\u00a0<\/p>\n<p>Le nom de la manufacture \u00e9tait Figli di Giuseppe Cantagalli, elle a vite \u00e9t\u00e9 reconnue pour son style historicisant et a expos\u00e9 \u00e0 l&rsquo;exposition italienne de Londres en 1888. Ses productions reproduisant le style des c\u00e9ramiques Renaissance, ainsi que ses copies directes de majoliques connues des collections italiennes, fran\u00e7aises et anglaises \u00e9taient c\u00e9l\u00e8bres et appr\u00e9ci\u00e9es pour leur grande qualit\u00e9.\u00a0<\/p>\n<p>____________________________________________________<\/p>\n<p>The Cantagalli factory, traditionally in existence since the end of the sixteenth century, was run in the nineteenth century by Giuseppe Cantagalli until his death in 1878, when the factory was taken over by his two sons, Ulisse (1839-1901) and Romeo. The company name was Figli di Giuseppe Cantagalli and became well-known for its historicist styles, exhibiting at the Italian Exhibition in London in 1888.<\/p>\n<p>It is best known for its production of Renaissance-style ceramics, as well as direct copies of celebrated pieces of Renaissance maiolica in collections in Italy, England and elsewhere.\u00a0<\/p>\n<p><br style=\"color: rgb(0, 0, 0); font-family: Verdana, Arial, Helvetica, sans-serif; font-size: 11px; background-color: rgb(250, 251, 252);\"><\/p>\n","protected":false},"excerpt":{"rendered":"<p><strong>Giuseppe Cantagalli.\u00a0<\/strong><br \/><strong>Grand vase de style Renaissance au d\u00e9cor de putti.<\/strong><br \/><strong>Fa\u00efence blanche.\u00a0<\/strong><br \/><strong>Florence, fin du XIX\u00e8me si\u00e8cle.<\/strong><\/p>\n<p>________________________________________________<\/p>\n<p><strong>Giuseppe Cantagalli.<\/strong><br \/><strong>Large vase in Renaissance style.<\/strong><br \/><strong>White faience.<\/strong><br \/><strong>Florence, late 19th century.<\/strong><\/p>\n","protected":false},"featured_media":8193,"template":"","meta":[],"product_brand":[],"product_cat":[264],"product_tag":[],"class_list":{"0":"post-8196","1":"product","2":"type-product","3":"status-publish","4":"has-post-thumbnail","6":"product_cat-lamy-chabolle","7":"description-off","9":"first","10":"instock","11":"shipping-taxable","12":"purchasable","13":"product-type-simple"},"aioseo_notices":[],"_links":{"self":[{"href":"https:\/\/www.carrerivegauche.com\/fr\/wp-json\/wp\/v2\/product\/8196","targetHints":{"allow":["GET"]}}],"collection":[{"href":"https:\/\/www.carrerivegauche.com\/fr\/wp-json\/wp\/v2\/product"}],"about":[{"href":"https:\/\/www.carrerivegauche.com\/fr\/wp-json\/wp\/v2\/types\/product"}],"wp:featuredmedia":[{"embeddable":true,"href":"https:\/\/www.carrerivegauche.com\/fr\/wp-json\/wp\/v2\/media\/8193"}],"wp:attachment":[{"href":"https:\/\/www.carrerivegauche.com\/fr\/wp-json\/wp\/v2\/media?parent=8196"}],"wp:term":[{"taxonomy":"product_brand","embeddable":true,"href":"https:\/\/www.carrerivegauche.com\/fr\/wp-json\/wp\/v2\/product_brand?post=8196"},{"taxonomy":"product_cat","embeddable":true,"href":"https:\/\/www.carrerivegauche.com\/fr\/wp-json\/wp\/v2\/product_cat?post=8196"},{"taxonomy":"product_tag","embeddable":true,"href":"https:\/\/www.carrerivegauche.com\/fr\/wp-json\/wp\/v2\/product_tag?post=8196"}],"curies":[{"name":"wp","href":"https:\/\/api.w.org\/{rel}","templated":true}]}}