 

{"id":8186,"date":"2021-05-06T16:40:09","date_gmt":"2021-05-06T14:40:09","guid":{"rendered":"https:\/\/www.carrerivegauche.com\/testboutique\/boutique-crg\/paire-de-bougeoirs-en-cristal-de-roche-xixe-siecle\/"},"modified":"2021-05-11T13:34:35","modified_gmt":"2021-05-11T11:34:35","slug":"paire-de-bougeoirs-en-cristal-de-roche-xixe-siecle","status":"publish","type":"product","link":"https:\/\/www.carrerivegauche.com\/fr\/boutique-crg\/paire-de-bougeoirs-en-cristal-de-roche-xixe-siecle\/","title":{"rendered":"Paire de bougeoirs en cristal de roche &#8211; XIXe si\u00e8cle"},"content":{"rendered":"<p>Paire de bougeoirs en cristal de roche et vermeil \u00e0 d\u00e9cor de sir\u00e8nes chevauchant des chim\u00e8res.\u00a0<br \/>Armoiries de la famille autrichienne Korzensky de Thereschau, (coq hardi heaume couronn\u00e9 et coq hardi en surplomb).<\/p>\n<p>Autriche, XIXe si\u00e8cle.<\/p>\n<p>__________________________________________<\/p>\n<p>Pair of candlesticks in rock crystal and vermeil. Figure of sirens riding chimeras.<br \/>Coat of arms of the austrian family Korzensky of Thereschau.<\/p>\n<p>Austria, 19th century.<\/p>\n<h5><\/h5>\n<p style=\"color: #000000; font-family: Verdana, Arial, Helvetica, sans-serif; font-size: 11px;\" data-mce-style=\"color: #000000; font-family: Verdana, Arial, Helvetica, sans-serif; font-size: 11px;\"><iframe loading=\"lazy\" title=\"Paire de Bougeoirs en cristal de roche - XIXeme si\u00e8cle\" width=\"1200\" height=\"675\" src=\"https:\/\/www.youtube.com\/embed\/cesmm6UKgw0?list=PL7lhUe9YRunLPj59b6h1OCuyfFTPvxuB9\" frameborder=\"0\" allow=\"accelerometer; autoplay; clipboard-write; encrypted-media; gyroscope; picture-in-picture\" allowfullscreen><\/iframe><\/p>\n","protected":false},"excerpt":{"rendered":"<p><strong>Paire de bougeoirs n\u00e9o-renaissance.\u00a0<\/strong><br \/><strong>Autriche, XIXe si\u00e8cle.\u00a0<\/strong><\/p>\n<p>________________________<\/p>\n<p><strong>Pair of neo-renaissance candlesticks.\u00a0<\/strong><br \/><strong>Austria, 19th century.\u00a0<\/strong><\/p>\n","protected":false},"featured_media":8187,"template":"","meta":[],"product_brand":[],"product_cat":[264],"product_tag":[],"class_list":{"0":"post-8186","1":"product","2":"type-product","3":"status-publish","4":"has-post-thumbnail","6":"product_cat-lamy-chabolle","7":"description-off","9":"first","10":"instock","11":"shipping-taxable","12":"purchasable","13":"product-type-simple"},"aioseo_notices":[],"_links":{"self":[{"href":"https:\/\/www.carrerivegauche.com\/fr\/wp-json\/wp\/v2\/product\/8186","targetHints":{"allow":["GET"]}}],"collection":[{"href":"https:\/\/www.carrerivegauche.com\/fr\/wp-json\/wp\/v2\/product"}],"about":[{"href":"https:\/\/www.carrerivegauche.com\/fr\/wp-json\/wp\/v2\/types\/product"}],"wp:featuredmedia":[{"embeddable":true,"href":"https:\/\/www.carrerivegauche.com\/fr\/wp-json\/wp\/v2\/media\/8187"}],"wp:attachment":[{"href":"https:\/\/www.carrerivegauche.com\/fr\/wp-json\/wp\/v2\/media?parent=8186"}],"wp:term":[{"taxonomy":"product_brand","embeddable":true,"href":"https:\/\/www.carrerivegauche.com\/fr\/wp-json\/wp\/v2\/product_brand?post=8186"},{"taxonomy":"product_cat","embeddable":true,"href":"https:\/\/www.carrerivegauche.com\/fr\/wp-json\/wp\/v2\/product_cat?post=8186"},{"taxonomy":"product_tag","embeddable":true,"href":"https:\/\/www.carrerivegauche.com\/fr\/wp-json\/wp\/v2\/product_tag?post=8186"}],"curies":[{"name":"wp","href":"https:\/\/api.w.org\/{rel}","templated":true}]}}