 

{"id":8175,"date":"2021-05-06T17:06:55","date_gmt":"2021-05-06T15:06:55","guid":{"rendered":"https:\/\/www.carrerivegauche.com\/testboutique\/boutique-crg\/console-louis-xvi\/"},"modified":"2021-05-12T09:59:31","modified_gmt":"2021-05-12T07:59:31","slug":"console-louis-xvi","status":"publish","type":"product","link":"https:\/\/www.carrerivegauche.com\/fr\/boutique-crg\/console-louis-xvi\/","title":{"rendered":"Console estampill\u00e9e de Charles-Louis Coste"},"content":{"rendered":"<p style=\"margin: 0px 0px 10px; color: #515151; font-family: Lato,;\">Console de forme demi-lune en bois de rose, filets de buis et d\u2019amarante, elle ouvre par un tiroir en ceinture, pieds fusel\u00e9s, tablette d\u2019entretoise, dessus de marbre vein\u00e9 blanc ceint d\u2019une galerie ajour\u00e9e, ornementation de bronzes dor\u00e9s. Epoque Louis XVI.<\/p>\n<p style=\"margin: 0px 0px 10px; color: #515151; font-family: Lato,;\">Estampill\u00e9e de Charles-Louis COSTE re\u00e7u ma\u00eetre en 1784.<\/p>\n<p style=\"margin: 0px 0px 10px; color: #515151; font-family: Lato,;\">Dimensions\u00a0: H. 86 cm, L. 78 cm, P. 38 cm<\/p>\n<p style=\"margin: 0px; color: #515151; font-family: Lato,;\">R\u00e9f : 2604<\/p>\n","protected":false},"excerpt":{"rendered":"<p style=\"margin: 0px 0px 10px; color: #515151; font-family: Lato,;\">Console de forme demi-lune en bois de rose, filets de buis et d\u2019amarante, elle ouvre par un tiroir en ceinture, pieds fusel\u00e9s, tablette d\u2019entretoise, dessus de marbre vein\u00e9 blanc ceint d\u2019une galerie ajour\u00e9e, ornementation de bronzes dor\u00e9s. Epoque Louis XVI.<\/p>\n<p style=\"margin: 0px 0px 10px; color: #515151; font-family: Lato,;\">Estampill\u00e9e de Charles-Louis COSTE re\u00e7u ma\u00eetre en 1784.<\/p>\n","protected":false},"featured_media":8163,"template":"","meta":[],"product_brand":[],"product_cat":[248],"product_tag":[],"class_list":{"0":"post-8175","1":"product","2":"type-product","3":"status-publish","4":"has-post-thumbnail","6":"product_cat-belliard","7":"description-off","9":"first","10":"instock","11":"shipping-taxable","12":"product-type-simple"},"aioseo_notices":[],"_links":{"self":[{"href":"https:\/\/www.carrerivegauche.com\/fr\/wp-json\/wp\/v2\/product\/8175","targetHints":{"allow":["GET"]}}],"collection":[{"href":"https:\/\/www.carrerivegauche.com\/fr\/wp-json\/wp\/v2\/product"}],"about":[{"href":"https:\/\/www.carrerivegauche.com\/fr\/wp-json\/wp\/v2\/types\/product"}],"wp:featuredmedia":[{"embeddable":true,"href":"https:\/\/www.carrerivegauche.com\/fr\/wp-json\/wp\/v2\/media\/8163"}],"wp:attachment":[{"href":"https:\/\/www.carrerivegauche.com\/fr\/wp-json\/wp\/v2\/media?parent=8175"}],"wp:term":[{"taxonomy":"product_brand","embeddable":true,"href":"https:\/\/www.carrerivegauche.com\/fr\/wp-json\/wp\/v2\/product_brand?post=8175"},{"taxonomy":"product_cat","embeddable":true,"href":"https:\/\/www.carrerivegauche.com\/fr\/wp-json\/wp\/v2\/product_cat?post=8175"},{"taxonomy":"product_tag","embeddable":true,"href":"https:\/\/www.carrerivegauche.com\/fr\/wp-json\/wp\/v2\/product_tag?post=8175"}],"curies":[{"name":"wp","href":"https:\/\/api.w.org\/{rel}","templated":true}]}}