 

{"id":8162,"date":"2021-04-30T18:00:07","date_gmt":"2021-04-30T16:00:07","guid":{"rendered":"https:\/\/www.carrerivegauche.com\/testboutique\/boutique-crg\/bureau-estampille-de-pierre-plee\/"},"modified":"2021-05-12T10:02:51","modified_gmt":"2021-05-12T08:02:51","slug":"bureau-estampille-de-pierre-plee","status":"publish","type":"product","link":"https:\/\/www.carrerivegauche.com\/fr\/boutique-crg\/bureau-estampille-de-pierre-plee\/","title":{"rendered":"Bureau estampill\u00e9 de Pierre Pl\u00e9e"},"content":{"rendered":"<p style=\"margin: 0px 0px 10px; color: #515151; font-family: Lato,;\">Bureau plat de forme rectangulaire en bois de rose et filets de buis. Il ouvre par trois tiroirs en ceinture et pieds gaines. Le dessus est cern\u00e9 d\u2019une galerie ajour\u00e9e sur trois c\u00f4t\u00e9s. Ornementation de bronzes cisel\u00e9s et dor\u00e9s, entr\u00e9es et rosaces allong\u00e9es.<\/p>\n<p style=\"margin: 0px 0px 10px; color: #515151; font-family: Lato,;\">Epoque XVIII\u00e8me.<\/p>\n<p style=\"margin: 0px 0px 10px; color: #515151; font-family: Lato,;\">Il est estampill\u00e9 de Pierre Pl\u00e9e, re\u00e7u maitre en 1767.<\/p>\n<p style=\"margin: 0px 0px 10px; color: #515151; font-family: Lato,;\">Dimensions : H : 74,5 cm ; L : 128 cm ; P : 64 cm<\/p>\n<p style=\"margin: 0px; color: #515151; font-family: Lato,;\">R\u00e9f : 2609<\/p>\n","protected":false},"excerpt":{"rendered":"<p style=\"margin: 0px 0px 10px; color: #515151; font-family: Lato,;\">Bureau plat de forme rectangulaire en bois de rose et filets de buis. Il ouvre par trois tiroirs en ceinture et pieds gaines. Le dessus est cern\u00e9 d\u2019une galerie ajour\u00e9e sur trois c\u00f4t\u00e9s. Ornementation de bronzes cisel\u00e9s et dor\u00e9s, entr\u00e9es et rosaces allong\u00e9es.<\/p>\n<p style=\"margin: 0px 0px 10px; color: #515151; font-family: Lato,;\">Epoque XVIII\u00e8me.<\/p>\n<p style=\"margin: 0px 0px 10px; color: #515151; font-family: Lato,;\">Il est estampill\u00e9 de Pierre Pl\u00e9e, re\u00e7u maitre en 1767.<\/p>\n","protected":false},"featured_media":8153,"template":"","meta":[],"product_brand":[],"product_cat":[248],"product_tag":[],"class_list":{"0":"post-8162","1":"product","2":"type-product","3":"status-publish","4":"has-post-thumbnail","6":"product_cat-belliard","7":"description-off","9":"first","10":"instock","11":"shipping-taxable","12":"product-type-simple"},"aioseo_notices":[],"_links":{"self":[{"href":"https:\/\/www.carrerivegauche.com\/fr\/wp-json\/wp\/v2\/product\/8162","targetHints":{"allow":["GET"]}}],"collection":[{"href":"https:\/\/www.carrerivegauche.com\/fr\/wp-json\/wp\/v2\/product"}],"about":[{"href":"https:\/\/www.carrerivegauche.com\/fr\/wp-json\/wp\/v2\/types\/product"}],"wp:featuredmedia":[{"embeddable":true,"href":"https:\/\/www.carrerivegauche.com\/fr\/wp-json\/wp\/v2\/media\/8153"}],"wp:attachment":[{"href":"https:\/\/www.carrerivegauche.com\/fr\/wp-json\/wp\/v2\/media?parent=8162"}],"wp:term":[{"taxonomy":"product_brand","embeddable":true,"href":"https:\/\/www.carrerivegauche.com\/fr\/wp-json\/wp\/v2\/product_brand?post=8162"},{"taxonomy":"product_cat","embeddable":true,"href":"https:\/\/www.carrerivegauche.com\/fr\/wp-json\/wp\/v2\/product_cat?post=8162"},{"taxonomy":"product_tag","embeddable":true,"href":"https:\/\/www.carrerivegauche.com\/fr\/wp-json\/wp\/v2\/product_tag?post=8162"}],"curies":[{"name":"wp","href":"https:\/\/api.w.org\/{rel}","templated":true}]}}