 

{"id":8126,"date":"2021-04-12T17:44:44","date_gmt":"2021-04-12T15:44:44","guid":{"rendered":"https:\/\/www.carrerivegauche.com\/testboutique\/boutique-crg\/commode-estampillee-de-reizell\/"},"modified":"2021-05-12T10:06:27","modified_gmt":"2021-05-12T08:06:27","slug":"commode-estampillee-de-reizell","status":"publish","type":"product","link":"https:\/\/www.carrerivegauche.com\/fr\/boutique-crg\/commode-estampillee-de-reizell\/","title":{"rendered":"Commode estampill\u00e9e de Reizell"},"content":{"rendered":"<div class=\"portfolio-entry\" style=\"padding: 0px; margin: 0px 0px 20px; color: #515151; font-family: Lato,;\">\n<p style=\"margin: 0px 0px 10px;\">Commode en acajou massif de forme rectangulaire. Elle ouvre par trois rangs de tiroirs dont ceux de la partie inf\u00e9rieure, sans traverse. Montants droits cannel\u00e9s et fusel\u00e9s. Ornementation\u00a0de\u00a0poign\u00e9es. Entr\u00e9es et sabots dor\u00e9s et cisel\u00e9s. Dessus de marbre\u00a0br\u00e8che.<\/p>\n<p style=\"margin: 0px 0px 10px;\">Estampill\u00e9e de Reizell en 1764.<\/p>\n<p style=\"margin: 0px 0px 10px;\">\u00c9poque Louis XVI.<\/p>\n<p style=\"margin: 0px 0px 10px;\">H : 87 cm\u00a0\u00a0 L : 112 cm\u00a0\u00a0 P : 52 cm<\/p>\n<p style=\"margin: 0px;\">R\u00e9f : 2744<\/p>\n<\/div>\n<div class=\"portfolio-meta\" style=\"color: #515151; font-family: Lato,;\">\n<div class=\"portfolio-btn-cont\" style=\"padding: 25px 0px 0px; margin-top: 20px; clear: both;\">\n<div class=\"btns-nav\" style=\"float: left;\"><\/div>\n<\/div>\n<\/div>\n","protected":false},"excerpt":{"rendered":"<div class=\"portfolio-entry\" style=\"padding: 0px; margin: 0px 0px 20px; color: #515151; font-family: Lato,;\">\n<p style=\"margin: 0px 0px 10px;\">Commode en acajou massif de forme rectangulaire. Elle ouvre par trois rangs de tiroirs dont ceux de la partie inf\u00e9rieure, sans traverse. Montants droits cannel\u00e9s et fusel\u00e9s. Ornementation\u00a0de\u00a0poign\u00e9es. Entr\u00e9es et sabots dor\u00e9s et cisel\u00e9s. Dessus de marbre\u00a0br\u00e8che.<\/p>\n<p style=\"margin: 0px 0px 10px;\">Estampill\u00e9e de Reizell en 1764.<\/p>\n<p style=\"margin: 0px 0px 10px;\">\u00c9poque Louis XVI.<\/p>\n<\/div>\n<div class=\"portfolio-meta\" style=\"color: #515151; font-family: Lato,;\">\n<div class=\"portfolio-btn-cont\" style=\"padding: 25px 0px 0px; margin-top: 20px; clear: both;\">\n<div class=\"btns-nav\" style=\"float: left;\"><\/div>\n<\/div>\n<\/div>\n","protected":false},"featured_media":8117,"template":"","meta":[],"product_brand":[],"product_cat":[248],"product_tag":[],"class_list":{"0":"post-8126","1":"product","2":"type-product","3":"status-publish","4":"has-post-thumbnail","6":"product_cat-belliard","7":"description-off","9":"first","10":"instock","11":"shipping-taxable","12":"product-type-simple"},"aioseo_notices":[],"_links":{"self":[{"href":"https:\/\/www.carrerivegauche.com\/fr\/wp-json\/wp\/v2\/product\/8126","targetHints":{"allow":["GET"]}}],"collection":[{"href":"https:\/\/www.carrerivegauche.com\/fr\/wp-json\/wp\/v2\/product"}],"about":[{"href":"https:\/\/www.carrerivegauche.com\/fr\/wp-json\/wp\/v2\/types\/product"}],"wp:featuredmedia":[{"embeddable":true,"href":"https:\/\/www.carrerivegauche.com\/fr\/wp-json\/wp\/v2\/media\/8117"}],"wp:attachment":[{"href":"https:\/\/www.carrerivegauche.com\/fr\/wp-json\/wp\/v2\/media?parent=8126"}],"wp:term":[{"taxonomy":"product_brand","embeddable":true,"href":"https:\/\/www.carrerivegauche.com\/fr\/wp-json\/wp\/v2\/product_brand?post=8126"},{"taxonomy":"product_cat","embeddable":true,"href":"https:\/\/www.carrerivegauche.com\/fr\/wp-json\/wp\/v2\/product_cat?post=8126"},{"taxonomy":"product_tag","embeddable":true,"href":"https:\/\/www.carrerivegauche.com\/fr\/wp-json\/wp\/v2\/product_tag?post=8126"}],"curies":[{"name":"wp","href":"https:\/\/api.w.org\/{rel}","templated":true}]}}