 

{"id":8116,"date":"2021-05-01T17:40:43","date_gmt":"2021-05-01T15:40:43","guid":{"rendered":"https:\/\/www.carrerivegauche.com\/testboutique\/?post_type=product&#038;p=8116"},"modified":"2021-05-12T10:02:19","modified_gmt":"2021-05-12T08:02:19","slug":"cartel-louis-xv-estampille-de-foullet","status":"publish","type":"product","link":"https:\/\/www.carrerivegauche.com\/fr\/boutique-crg\/cartel-louis-xv-estampille-de-foullet\/","title":{"rendered":"Cartel Louis XV estampill\u00e9 de Foullet"},"content":{"rendered":"<p style=\"margin: 0px 0px 10px; color: #515151; font-family: Lato,;\"><span style=\"font-size: medium;\">Cartel et sa console d\u2019applique estampill\u00e9<\/span><span style=\"font-size: medium;\">s<\/span><span style=\"font-size: medium;\">\u00a0de Foullet, de forme mouvement\u00e9e en bois laqu\u00e9<\/span><\/p>\n<p style=\"margin: 0px 0px 10px; color: #515151; font-family: Lato,;\"><span style=\"font-size: medium;\">\u00e0 d\u00e9cor\u00a0<\/span><span style=\"font-size: medium;\">de fleurs et personnages sur fond ocre. Le cadran rond sign\u00e9 Vaillant \u00e0 Paris est en \u00e9mail<\/span><\/p>\n<p style=\"margin: 0px 0px 10px; color: #515151; font-family: Lato,;\"><span style=\"font-size: medium;\">blanc avec des chiffres romains. Belle ornementation de bronzes en volutes feuillag\u00e9es,<\/span><\/p>\n<p style=\"margin: 0px 0px 10px; color: #515151; font-family: Lato,;\"><span style=\"font-size: medium;\">dragons et coquilles.<\/span><\/p>\n<p style=\"margin: 0px 0px 10px; color: #515151; font-family: Lato,;\"><span style=\"font-size: medium;\">Dimensions\u00a0: H 116 L 47\u00a0<\/span><span style=\"font-size: medium;\">cm<\/span><\/p>\n<p style=\"margin: 0px; color: #515151; font-family: Lato,;\"><span style=\"font-size: medium;\">Ref : 2390<\/span><\/p>\n","protected":false},"excerpt":{"rendered":"<p style=\"margin: 0px 0px 10px; color: #515151; font-family: Lato,;\"><span style=\"font-size: medium;\">Cartel et sa console d\u2019applique estampill\u00e9<\/span><span style=\"font-size: medium;\">s<\/span><span style=\"font-size: medium;\">\u00a0de Foullet, de forme mouvement\u00e9e en bois laqu\u00e9<\/span><\/p>\n<p style=\"margin: 0px 0px 10px; color: #515151; font-family: Lato,;\"><span style=\"font-size: medium;\">\u00e0 d\u00e9cor\u00a0<\/span><span style=\"font-size: medium;\">de fleurs et personnages sur fond ocre. Le cadran rond sign\u00e9 Vaillant \u00e0 Paris est en \u00e9mail<\/span><\/p>\n<p style=\"margin: 0px 0px 10px; color: #515151; font-family: Lato,;\"><span style=\"font-size: medium;\">blanc avec des chiffres romains. Belle ornementation de bronzes en volutes feuillag\u00e9es,<\/span><\/p>\n<p style=\"margin: 0px 0px 10px; color: #515151; font-family: Lato,;\"><span style=\"font-size: medium;\">dragons et coquilles.<\/span><\/p>\n","protected":false},"featured_media":8098,"template":"","meta":[],"product_brand":[],"product_cat":[248],"product_tag":[],"class_list":{"0":"post-8116","1":"product","2":"type-product","3":"status-publish","4":"has-post-thumbnail","6":"product_cat-belliard","7":"description-off","9":"first","10":"instock","11":"shipping-taxable","12":"product-type-simple"},"aioseo_notices":[],"_links":{"self":[{"href":"https:\/\/www.carrerivegauche.com\/fr\/wp-json\/wp\/v2\/product\/8116","targetHints":{"allow":["GET"]}}],"collection":[{"href":"https:\/\/www.carrerivegauche.com\/fr\/wp-json\/wp\/v2\/product"}],"about":[{"href":"https:\/\/www.carrerivegauche.com\/fr\/wp-json\/wp\/v2\/types\/product"}],"wp:featuredmedia":[{"embeddable":true,"href":"https:\/\/www.carrerivegauche.com\/fr\/wp-json\/wp\/v2\/media\/8098"}],"wp:attachment":[{"href":"https:\/\/www.carrerivegauche.com\/fr\/wp-json\/wp\/v2\/media?parent=8116"}],"wp:term":[{"taxonomy":"product_brand","embeddable":true,"href":"https:\/\/www.carrerivegauche.com\/fr\/wp-json\/wp\/v2\/product_brand?post=8116"},{"taxonomy":"product_cat","embeddable":true,"href":"https:\/\/www.carrerivegauche.com\/fr\/wp-json\/wp\/v2\/product_cat?post=8116"},{"taxonomy":"product_tag","embeddable":true,"href":"https:\/\/www.carrerivegauche.com\/fr\/wp-json\/wp\/v2\/product_tag?post=8116"}],"curies":[{"name":"wp","href":"https:\/\/api.w.org\/{rel}","templated":true}]}}