 

{"id":8081,"date":"2021-04-18T16:19:51","date_gmt":"2021-04-18T14:19:51","guid":{"rendered":"https:\/\/www.carrerivegauche.com\/testboutique\/boutique-crg\/paire-de-vases-medicis\/"},"modified":"2021-05-12T10:05:48","modified_gmt":"2021-05-12T08:05:48","slug":"paire-de-vases-medicis","status":"publish","type":"product","link":"https:\/\/www.carrerivegauche.com\/fr\/boutique-crg\/paire-de-vases-medicis\/","title":{"rendered":"Paire de vases M\u00e9dicis"},"content":{"rendered":"<p style=\"margin: 0px 0px 10px; color: #515151; font-family: Lato,;\">Paire de vases M\u00e9dicis en bronze dor\u00e9 reposant sur une base carr\u00e9e, ornementation de godrons, feuilles d\u2019acanthe, t\u00eates de b\u00e9liers, perles et palmettes. Le tout sur un socle de marbre jaune de Sienne.<\/p>\n<p style=\"margin: 0px 0px 10px; color: #515151; font-family: Lato,;\">\u00c9poque Restauration.<\/p>\n<p style=\"margin: 0px; color: #515151; font-family: Lato,;\">H\u00a0: 40 cm<br \/>\nBase carr\u00e9e : 15 cm<\/p>\n","protected":false},"excerpt":{"rendered":"<p style=\"margin: 0px 0px 10px; color: #515151; font-family: Lato,;\">Paire de vases M\u00e9dicis en bronze dor\u00e9 reposant sur une base carr\u00e9e, ornementation de godrons, feuilles d\u2019acanthe, t\u00eates de b\u00e9liers, perles et palmettes. Le tout sur un socle de marbre jaune de Sienne.<\/p>\n<p style=\"margin: 0px 0px 10px; color: #515151; font-family: Lato,;\">\u00c9poque Restauration.<\/p>\n","protected":false},"featured_media":8069,"template":"","meta":[],"product_brand":[],"product_cat":[248],"product_tag":[],"class_list":{"0":"post-8081","1":"product","2":"type-product","3":"status-publish","4":"has-post-thumbnail","6":"product_cat-belliard","7":"description-off","9":"first","10":"instock","11":"shipping-taxable","12":"product-type-simple"},"aioseo_notices":[],"_links":{"self":[{"href":"https:\/\/www.carrerivegauche.com\/fr\/wp-json\/wp\/v2\/product\/8081","targetHints":{"allow":["GET"]}}],"collection":[{"href":"https:\/\/www.carrerivegauche.com\/fr\/wp-json\/wp\/v2\/product"}],"about":[{"href":"https:\/\/www.carrerivegauche.com\/fr\/wp-json\/wp\/v2\/types\/product"}],"wp:featuredmedia":[{"embeddable":true,"href":"https:\/\/www.carrerivegauche.com\/fr\/wp-json\/wp\/v2\/media\/8069"}],"wp:attachment":[{"href":"https:\/\/www.carrerivegauche.com\/fr\/wp-json\/wp\/v2\/media?parent=8081"}],"wp:term":[{"taxonomy":"product_brand","embeddable":true,"href":"https:\/\/www.carrerivegauche.com\/fr\/wp-json\/wp\/v2\/product_brand?post=8081"},{"taxonomy":"product_cat","embeddable":true,"href":"https:\/\/www.carrerivegauche.com\/fr\/wp-json\/wp\/v2\/product_cat?post=8081"},{"taxonomy":"product_tag","embeddable":true,"href":"https:\/\/www.carrerivegauche.com\/fr\/wp-json\/wp\/v2\/product_tag?post=8081"}],"curies":[{"name":"wp","href":"https:\/\/api.w.org\/{rel}","templated":true}]}}