 

{"id":8055,"date":"2021-01-02T16:11:57","date_gmt":"2021-01-02T15:11:57","guid":{"rendered":"https:\/\/www.carrerivegauche.com\/testboutique\/boutique-crg\/glace-louis-xv-a-parcloses\/"},"modified":"2021-05-12T10:11:41","modified_gmt":"2021-05-12T08:11:41","slug":"glace-louis-xv-a-parcloses","status":"publish","type":"product","link":"https:\/\/www.carrerivegauche.com\/fr\/boutique-crg\/glace-louis-xv-a-parcloses\/","title":{"rendered":"Glace Louis XV \u00e0 parcloses"},"content":{"rendered":"<p><span style=\"color: #515151; font-family: Lato,;\">Glace en bois dor\u00e9 et sculpt\u00e9e de forme rectangulaire. Le fronton surmont\u00e9 d\u2019un vase de fleurs. Ornementation \u00e0 d\u00e9cors de feuilles de vigne, grappes de raisin et rinceaux. Travail du sud de la France<\/span><\/p>\n<p style=\"margin: 0px 0px 10px; color: #515151; font-family: Lato,;\">Epoque XVIII\u00e8me<\/p>\n<p style=\"margin: 0px 0px 10px; color: #515151; font-family: Lato,;\">Dimensions : H\u00a0: 123 cm x L\u00a0: 69 cm<\/p>\n<p style=\"margin: 0px; color: #515151; font-family: Lato,;\">Ref : 2622<\/p>\n","protected":false},"excerpt":{"rendered":"<p style=\"margin: 0px 0px 10px; color: #515151; font-family: Lato,;\">Glace en bois dor\u00e9 et sculpt\u00e9e de forme rectangulaire. Le fronton surmont\u00e9 d\u2019un vase de fleurs. Ornementation \u00e0 d\u00e9cors de feuilles de vigne, grappes de raisin et rinceaux. Travail du sud de la France<\/p>\n<p style=\"margin: 0px 0px 10px; color: #515151; font-family: Lato,;\">Epoque XVIII\u00e8me.<\/p>\n","protected":false},"featured_media":8040,"template":"","meta":[],"product_brand":[],"product_cat":[248],"product_tag":[],"class_list":{"0":"post-8055","1":"product","2":"type-product","3":"status-publish","4":"has-post-thumbnail","6":"product_cat-belliard","7":"description-off","9":"first","10":"instock","11":"shipping-taxable","12":"product-type-simple"},"aioseo_notices":[],"_links":{"self":[{"href":"https:\/\/www.carrerivegauche.com\/fr\/wp-json\/wp\/v2\/product\/8055","targetHints":{"allow":["GET"]}}],"collection":[{"href":"https:\/\/www.carrerivegauche.com\/fr\/wp-json\/wp\/v2\/product"}],"about":[{"href":"https:\/\/www.carrerivegauche.com\/fr\/wp-json\/wp\/v2\/types\/product"}],"wp:featuredmedia":[{"embeddable":true,"href":"https:\/\/www.carrerivegauche.com\/fr\/wp-json\/wp\/v2\/media\/8040"}],"wp:attachment":[{"href":"https:\/\/www.carrerivegauche.com\/fr\/wp-json\/wp\/v2\/media?parent=8055"}],"wp:term":[{"taxonomy":"product_brand","embeddable":true,"href":"https:\/\/www.carrerivegauche.com\/fr\/wp-json\/wp\/v2\/product_brand?post=8055"},{"taxonomy":"product_cat","embeddable":true,"href":"https:\/\/www.carrerivegauche.com\/fr\/wp-json\/wp\/v2\/product_cat?post=8055"},{"taxonomy":"product_tag","embeddable":true,"href":"https:\/\/www.carrerivegauche.com\/fr\/wp-json\/wp\/v2\/product_tag?post=8055"}],"curies":[{"name":"wp","href":"https:\/\/api.w.org\/{rel}","templated":true}]}}