 

{"id":8033,"date":"2021-02-18T15:49:45","date_gmt":"2021-02-18T14:49:45","guid":{"rendered":"https:\/\/www.carrerivegauche.com\/testboutique\/boutique-crg\/fauteuil-directoire\/"},"modified":"2021-05-12T10:09:00","modified_gmt":"2021-05-12T08:09:00","slug":"fauteuil-directoire","status":"publish","type":"product","link":"https:\/\/www.carrerivegauche.com\/fr\/boutique-crg\/fauteuil-directoire\/","title":{"rendered":"Fauteuil Directoire"},"content":{"rendered":"<p style=\"margin: 0px 0px 10px; color: #515151; font-family: Lato,;\">Fauteuil en h\u00eatre laqu\u00e9 gris \u00e0 dossier ajour\u00e9. Pieds fusel\u00e9s et cannel\u00e9s. Ornementation de lyre, macarons, colonnes et moulure. Descente de bras en retrait \u00e0 d\u00e9cors de balustre. Recouvert de cuir noir.<\/p>\n<p style=\"margin: 0px 0px 10px; color: #515151; font-family: Lato,;\">\u00c9poque Directoire.<\/p>\n<p style=\"margin: 0px 0px 10px; color: #515151; font-family: Lato,;\">H : 90 cm\u00a0\u00a0 L : 55 cm\u00a0\u00a0 P : 50 cm<\/p>\n<p style=\"margin: 0px; color: #515151; font-family: Lato,;\">R\u00e9f : 2743<\/p>\n","protected":false},"excerpt":{"rendered":"<p style=\"margin: 0px 0px 10px; color: #515151; font-family: Lato,;\">Fauteuil en h\u00eatre laqu\u00e9 gris \u00e0 dossier ajour\u00e9. Pieds fusel\u00e9s et cannel\u00e9s. Ornementation de lyre, macarons, colonnes et moulure. Descente de bras en retrait \u00e0 d\u00e9cors de balustre. Recouvert de cuir noir.<\/p>\n<p style=\"margin: 0px 0px 10px; color: #515151; font-family: Lato,;\">\u00c9poque Directoire.<\/p>\n","protected":false},"featured_media":8018,"template":"","meta":[],"product_brand":[],"product_cat":[248],"product_tag":[],"class_list":{"0":"post-8033","1":"product","2":"type-product","3":"status-publish","4":"has-post-thumbnail","6":"product_cat-belliard","7":"description-off","9":"first","10":"instock","11":"shipping-taxable","12":"product-type-simple"},"aioseo_notices":[],"_links":{"self":[{"href":"https:\/\/www.carrerivegauche.com\/fr\/wp-json\/wp\/v2\/product\/8033","targetHints":{"allow":["GET"]}}],"collection":[{"href":"https:\/\/www.carrerivegauche.com\/fr\/wp-json\/wp\/v2\/product"}],"about":[{"href":"https:\/\/www.carrerivegauche.com\/fr\/wp-json\/wp\/v2\/types\/product"}],"wp:featuredmedia":[{"embeddable":true,"href":"https:\/\/www.carrerivegauche.com\/fr\/wp-json\/wp\/v2\/media\/8018"}],"wp:attachment":[{"href":"https:\/\/www.carrerivegauche.com\/fr\/wp-json\/wp\/v2\/media?parent=8033"}],"wp:term":[{"taxonomy":"product_brand","embeddable":true,"href":"https:\/\/www.carrerivegauche.com\/fr\/wp-json\/wp\/v2\/product_brand?post=8033"},{"taxonomy":"product_cat","embeddable":true,"href":"https:\/\/www.carrerivegauche.com\/fr\/wp-json\/wp\/v2\/product_cat?post=8033"},{"taxonomy":"product_tag","embeddable":true,"href":"https:\/\/www.carrerivegauche.com\/fr\/wp-json\/wp\/v2\/product_tag?post=8033"}],"curies":[{"name":"wp","href":"https:\/\/api.w.org\/{rel}","templated":true}]}}