 

{"id":7988,"date":"2021-02-17T15:29:27","date_gmt":"2021-02-17T14:29:27","guid":{"rendered":"https:\/\/www.carrerivegauche.com\/testboutique\/boutique-crg\/table-bouillotte-louis-xvi\/"},"modified":"2021-05-12T10:09:32","modified_gmt":"2021-05-12T08:09:32","slug":"table-bouillotte-louis-xvi","status":"publish","type":"product","link":"https:\/\/www.carrerivegauche.com\/fr\/boutique-crg\/table-bouillotte-louis-xvi\/","title":{"rendered":"Table bouillotte Louis XVI"},"content":{"rendered":"<p style=\"margin: 0px 0px 10px; color: #515151; font-family: Lato,;\">Table bouillotte en acajou et placage d\u2019acajou. Pieds fusel\u00e9s et cannel\u00e9s. Elle ouvre par deux tiroirs et deux tirettes dans la ceinture. Ornementation de bronzes dor\u00e9s. Galerie, anneaux, boutons et sabots. Dessus de marbre\u00a0Sainte-Anne\u00a0.<\/p>\n<p style=\"margin: 0px 0px 10px; color: #515151; font-family: Lato,;\">Fin de l\u2019\u00e9poque Louis XVI.<\/p>\n<p style=\"margin: 0px 0px 10px; color: #515151; font-family: Lato,;\">H : 74 cm\u00a0\u00a0 D : 65 cm<\/p>\n<p style=\"margin: 0px; color: #515151; font-family: Lato,;\">R\u00e9f : 2737<\/p>\n","protected":false},"excerpt":{"rendered":"<p style=\"margin: 0px 0px 10px; color: #515151; font-family: Lato,;\">Table bouillotte en acajou et placage d\u2019acajou. Pieds fusel\u00e9s et cannel\u00e9s. Elle ouvre par deux tiroirs et deux tirettes dans la ceinture. Ornementation de bronzes dor\u00e9s. Galerie, anneaux, boutons et sabots. Dessus de marbre\u00a0Sainte-Anne\u00a0.<\/p>\n<p style=\"margin: 0px 0px 10px; color: #515151; font-family: Lato,;\">Fin de l\u2019\u00e9poque Louis XVI.<\/p>\n","protected":false},"featured_media":7976,"template":"","meta":[],"product_brand":[],"product_cat":[248],"product_tag":[],"class_list":{"0":"post-7988","1":"product","2":"type-product","3":"status-publish","4":"has-post-thumbnail","6":"product_cat-belliard","7":"description-off","9":"first","10":"instock","11":"shipping-taxable","12":"product-type-simple"},"aioseo_notices":[],"_links":{"self":[{"href":"https:\/\/www.carrerivegauche.com\/fr\/wp-json\/wp\/v2\/product\/7988","targetHints":{"allow":["GET"]}}],"collection":[{"href":"https:\/\/www.carrerivegauche.com\/fr\/wp-json\/wp\/v2\/product"}],"about":[{"href":"https:\/\/www.carrerivegauche.com\/fr\/wp-json\/wp\/v2\/types\/product"}],"wp:featuredmedia":[{"embeddable":true,"href":"https:\/\/www.carrerivegauche.com\/fr\/wp-json\/wp\/v2\/media\/7976"}],"wp:attachment":[{"href":"https:\/\/www.carrerivegauche.com\/fr\/wp-json\/wp\/v2\/media?parent=7988"}],"wp:term":[{"taxonomy":"product_brand","embeddable":true,"href":"https:\/\/www.carrerivegauche.com\/fr\/wp-json\/wp\/v2\/product_brand?post=7988"},{"taxonomy":"product_cat","embeddable":true,"href":"https:\/\/www.carrerivegauche.com\/fr\/wp-json\/wp\/v2\/product_cat?post=7988"},{"taxonomy":"product_tag","embeddable":true,"href":"https:\/\/www.carrerivegauche.com\/fr\/wp-json\/wp\/v2\/product_tag?post=7988"}],"curies":[{"name":"wp","href":"https:\/\/api.w.org\/{rel}","templated":true}]}}