 

{"id":7975,"date":"2021-03-07T15:24:41","date_gmt":"2021-03-07T14:24:41","guid":{"rendered":"https:\/\/www.carrerivegauche.com\/testboutique\/boutique-crg\/suite-de-quatre-fauteuils-en-hetre-laque\/"},"modified":"2021-05-12T10:08:31","modified_gmt":"2021-05-12T08:08:31","slug":"suite-de-quatre-fauteuils-en-hetre-laque","status":"publish","type":"product","link":"https:\/\/www.carrerivegauche.com\/fr\/boutique-crg\/suite-de-quatre-fauteuils-en-hetre-laque\/","title":{"rendered":"Suite de quatre fauteuils en h\u00eatre laqu\u00e9"},"content":{"rendered":"<p style=\"margin: 0px 0px 10px; color: #515151; font-family: Lato,;\">Suite de quatre fauteuils en h\u00eatre laqu\u00e9 gris et vert, \u00e0 dossiers droits et pieds fusel\u00e9s. Descente de bras en balustre. Ornementation de moulures, rosaces, losanges et plumets.<\/p>\n<p style=\"margin: 0px 0px 10px; color: #515151; font-family: Lato,;\">Epoque directoire.<\/p>\n<p style=\"margin: 0px 0px 10px; color: #515151; font-family: Lato,;\">H\u00a0: \u00a091 cm,\u00a0L\u00a0: 53 cm,\u00a0P\u00a0: 47 cm<\/p>\n<p style=\"margin: 0px; color: #515151; font-family: Lato,;\">R\u00e9f : 2689<\/p>\n","protected":false},"excerpt":{"rendered":"<p style=\"margin: 0px 0px 10px; color: #515151; font-family: Lato,;\">Suite de quatre fauteuils en h\u00eatre laqu\u00e9 gris et vert, \u00e0 dossiers droits et pieds fusel\u00e9s. Descente de bras en balustre. Ornementation de moulures, rosaces, losanges et plumets.<\/p>\n<p style=\"margin: 0px 0px 10px; color: #515151; font-family: Lato,;\">Epoque directoire.<\/p>\n","protected":false},"featured_media":7957,"template":"","meta":[],"product_brand":[],"product_cat":[248],"product_tag":[],"class_list":{"0":"post-7975","1":"product","2":"type-product","3":"status-publish","4":"has-post-thumbnail","6":"product_cat-belliard","7":"description-off","9":"first","10":"instock","11":"shipping-taxable","12":"product-type-simple"},"aioseo_notices":[],"_links":{"self":[{"href":"https:\/\/www.carrerivegauche.com\/fr\/wp-json\/wp\/v2\/product\/7975","targetHints":{"allow":["GET"]}}],"collection":[{"href":"https:\/\/www.carrerivegauche.com\/fr\/wp-json\/wp\/v2\/product"}],"about":[{"href":"https:\/\/www.carrerivegauche.com\/fr\/wp-json\/wp\/v2\/types\/product"}],"wp:featuredmedia":[{"embeddable":true,"href":"https:\/\/www.carrerivegauche.com\/fr\/wp-json\/wp\/v2\/media\/7957"}],"wp:attachment":[{"href":"https:\/\/www.carrerivegauche.com\/fr\/wp-json\/wp\/v2\/media?parent=7975"}],"wp:term":[{"taxonomy":"product_brand","embeddable":true,"href":"https:\/\/www.carrerivegauche.com\/fr\/wp-json\/wp\/v2\/product_brand?post=7975"},{"taxonomy":"product_cat","embeddable":true,"href":"https:\/\/www.carrerivegauche.com\/fr\/wp-json\/wp\/v2\/product_cat?post=7975"},{"taxonomy":"product_tag","embeddable":true,"href":"https:\/\/www.carrerivegauche.com\/fr\/wp-json\/wp\/v2\/product_tag?post=7975"}],"curies":[{"name":"wp","href":"https:\/\/api.w.org\/{rel}","templated":true}]}}