 

{"id":7947,"date":"2021-04-05T15:18:35","date_gmt":"2021-04-05T13:18:35","guid":{"rendered":"https:\/\/www.carrerivegauche.com\/testboutique\/boutique-crg\/table-tric-trac-louis-xv\/"},"modified":"2021-05-12T10:06:58","modified_gmt":"2021-05-12T08:06:58","slug":"table-tric-trac-louis-xv","status":"publish","type":"product","link":"https:\/\/www.carrerivegauche.com\/fr\/boutique-crg\/table-tric-trac-louis-xv\/","title":{"rendered":"Table tric trac Louis XV"},"content":{"rendered":"<p style=\"margin: 0px 0px 10px; color: #515151; font-family: Lato,;\">Table tric trac en noyer massif ouvrant par deux tiroirs. Pieds galb\u00e9s. Dessus mobile pr\u00e9sentant c\u00f4t\u00e9 cuir et l\u2019autre bois faisant \u00e9critoire. Ornementation de rinceaux, moulure, fleurs. Bout des pieds simulant des pieds d\u2019animaux.<\/p>\n<p style=\"margin: 0px 0px 10px; color: #515151; font-family: Lato,;\">Travail XVIII\u00e8me proven\u00e7al.<\/p>\n<p style=\"margin: 0px 0px 10px; color: #515151; font-family: Lato,;\">\u00c9poque Louis XV.<\/p>\n<p style=\"margin: 0px 0px 10px; color: #515151; font-family: Lato,;\">H : 75 cm\u00a0\u00a0 L : 80 cm\u00a0\u00a0 P : 55cm<\/p>\n<p style=\"margin: 0px; color: #515151; font-family: Lato,;\">R\u00e9f : 2740<\/p>\n","protected":false},"excerpt":{"rendered":"<p><span style=\"color: #515151; font-family: Lato,;\">Table tric trac en noyer massif.\u00a0<\/span><span style=\"color: #515151; font-family: Lato,;\">Travail XVIII\u00e8me proven\u00e7al.\u00a0<\/span><span style=\"color: #515151; font-family: Lato,;\">\u00c9poque Louis XV.<\/span><\/p>\n","protected":false},"featured_media":7929,"template":"","meta":[],"product_brand":[],"product_cat":[248],"product_tag":[],"class_list":{"0":"post-7947","1":"product","2":"type-product","3":"status-publish","4":"has-post-thumbnail","6":"product_cat-belliard","7":"description-off","9":"first","10":"instock","11":"shipping-taxable","12":"product-type-simple"},"aioseo_notices":[],"_links":{"self":[{"href":"https:\/\/www.carrerivegauche.com\/fr\/wp-json\/wp\/v2\/product\/7947","targetHints":{"allow":["GET"]}}],"collection":[{"href":"https:\/\/www.carrerivegauche.com\/fr\/wp-json\/wp\/v2\/product"}],"about":[{"href":"https:\/\/www.carrerivegauche.com\/fr\/wp-json\/wp\/v2\/types\/product"}],"wp:featuredmedia":[{"embeddable":true,"href":"https:\/\/www.carrerivegauche.com\/fr\/wp-json\/wp\/v2\/media\/7929"}],"wp:attachment":[{"href":"https:\/\/www.carrerivegauche.com\/fr\/wp-json\/wp\/v2\/media?parent=7947"}],"wp:term":[{"taxonomy":"product_brand","embeddable":true,"href":"https:\/\/www.carrerivegauche.com\/fr\/wp-json\/wp\/v2\/product_brand?post=7947"},{"taxonomy":"product_cat","embeddable":true,"href":"https:\/\/www.carrerivegauche.com\/fr\/wp-json\/wp\/v2\/product_cat?post=7947"},{"taxonomy":"product_tag","embeddable":true,"href":"https:\/\/www.carrerivegauche.com\/fr\/wp-json\/wp\/v2\/product_tag?post=7947"}],"curies":[{"name":"wp","href":"https:\/\/api.w.org\/{rel}","templated":true}]}}