 

{"id":7850,"date":"2021-03-10T15:08:07","date_gmt":"2021-03-10T14:08:07","guid":{"rendered":"https:\/\/www.carrerivegauche.com\/testboutique\/boutique-crg\/trumeau-italien-depoque-louis-xvi\/"},"modified":"2021-05-12T16:07:18","modified_gmt":"2021-05-12T14:07:18","slug":"trumeau-italien-depoque-louis-xvi","status":"publish","type":"product","link":"https:\/\/www.carrerivegauche.com\/fr\/boutique-crg\/trumeau-italien-depoque-louis-xvi\/","title":{"rendered":"Trumeau italien d&rsquo;\u00e9poque Louis XVI"},"content":{"rendered":"<p>Italian Trumeau Louis XVI, painted wood.<br \/>\nCarved pediment representing the mask of Medusa, a cup and vase in Antique, ribbon and laurel branches.<br \/>\nCirca 1780<\/p>\n<p>H: 96.45 in &#8211; W: 55.12 in<\/p>\n","protected":false},"excerpt":{"rendered":"<p>Trumeau italien d&rsquo;\u00e9poque Louis XVI, en bois peint.<br \/>\nFronton sculpt\u00e9 repr\u00e9sentant le masque de la M\u00e9duse en m\u00e9daillon, une coupe et un vase \u00e0 l&rsquo;Antique, ruban et branches de laurier.<br \/>\nMiroir d&rsquo;origine.<br \/>\nCirca 1780<\/p>\n<p>Hauteur 245 cm &#8211; Largeur 140 cm<\/p>\n","protected":false},"featured_media":7838,"template":"","meta":[],"product_brand":[],"product_cat":[220],"product_tag":[],"class_list":{"0":"post-7850","1":"product","2":"type-product","3":"status-publish","4":"has-post-thumbnail","6":"product_cat-pla","7":"description-off","9":"first","10":"instock","11":"shipping-taxable","12":"purchasable","13":"product-type-simple"},"aioseo_notices":[],"_links":{"self":[{"href":"https:\/\/www.carrerivegauche.com\/fr\/wp-json\/wp\/v2\/product\/7850","targetHints":{"allow":["GET"]}}],"collection":[{"href":"https:\/\/www.carrerivegauche.com\/fr\/wp-json\/wp\/v2\/product"}],"about":[{"href":"https:\/\/www.carrerivegauche.com\/fr\/wp-json\/wp\/v2\/types\/product"}],"wp:featuredmedia":[{"embeddable":true,"href":"https:\/\/www.carrerivegauche.com\/fr\/wp-json\/wp\/v2\/media\/7838"}],"wp:attachment":[{"href":"https:\/\/www.carrerivegauche.com\/fr\/wp-json\/wp\/v2\/media?parent=7850"}],"wp:term":[{"taxonomy":"product_brand","embeddable":true,"href":"https:\/\/www.carrerivegauche.com\/fr\/wp-json\/wp\/v2\/product_brand?post=7850"},{"taxonomy":"product_cat","embeddable":true,"href":"https:\/\/www.carrerivegauche.com\/fr\/wp-json\/wp\/v2\/product_cat?post=7850"},{"taxonomy":"product_tag","embeddable":true,"href":"https:\/\/www.carrerivegauche.com\/fr\/wp-json\/wp\/v2\/product_tag?post=7850"}],"curies":[{"name":"wp","href":"https:\/\/api.w.org\/{rel}","templated":true}]}}