 

{"id":7792,"date":"2021-05-03T15:35:19","date_gmt":"2021-05-03T13:35:19","guid":{"rendered":"https:\/\/www.carrerivegauche.com\/testboutique\/boutique-crg\/commode\/"},"modified":"2021-05-12T13:15:42","modified_gmt":"2021-05-12T11:15:42","slug":"commode","status":"publish","type":"product","link":"https:\/\/www.carrerivegauche.com\/fr\/boutique-crg\/commode\/","title":{"rendered":"Commode"},"content":{"rendered":"<p>Large commode par Brice P\u00e9ridiez, reproduite dans le Nicolay<\/p>\n<p>D\u00e9but de l\u2019\u00e9poque Louis XV<\/p>\n<p>Dimensions : H. 87 x L. 138,5 x P. 63,5 cm<\/p>\n<p>Rare commode haute sur pieds dite \u00ab sauteuse \u00bb du d\u00e9but de l\u2019Epoque Louis XV. La fa\u00e7ade mouvement\u00e9e ouvre \u00e0 trois tiroirs sur seulement deux rangs. Vers 1730, le gout de l\u2019\u00e9poque est \u00e0 l\u2019all\u00e8gement des commodes ouvrant traditionnellement \u00e0 trois rangs de tiroirs. La suppression du rang inf\u00e9rieur va \u00e9lancer la ligne des commodes, et mettre en avant un travail plus abouti sur les pieds, les ceintures et les tabliers. Cette commode est un des premiers mod\u00e8les de ce type. La structure est en ch\u00eane et les tiroirs en noyer, ce qui confirme un travail fran\u00e7ais circa 1730.<\/p>\n<p>Il faut remarquer les c\u00f4t\u00e9s mouvement\u00e9s se terminant par un ressaut : ils permettent \u00e9galement\u00a0 de renforcer l\u2019\u00e9l\u00e9gance en r\u00e9duisant la largeur de la fa\u00e7ade tout en conservant une grande dimension \u00e0 l\u2019arri\u00e8re. Ce principe est aussi tr\u00e8s novateur pour l\u2019\u00e9poque. La marqueterie encore d\u2019inspiration r\u00e9gence est superbe : de multiples r\u00e9serves rectangulaires encadrent des motifs g\u00e9om\u00e9triques r\u00e9alis\u00e9s dans des bois pr\u00e9cieux, le satin\u00e9 et le bois de violette. La puissance de la r\u00e9gence est sous-jacente avec les deux larges cannelures horizontales qui soulignent les tiroirs et structurent l\u2019ensemble. Notons les poign\u00e9es tombantes en bronze dor\u00e9es qui confirme la p\u00e9riode du tout d\u00e9but Louis XV, ces poign\u00e9es \u00e9tant remplac\u00e9es par des mod\u00e8les fixes d\u00e8s 1740.<\/p>\n<p>Les montants sont prolong\u00e9s par quatre pieds galb\u00e9s : \u00e0 l\u2019avant, la ligne est tendue et les faces int\u00e9rieures all\u00e9g\u00e9es. A l\u2019arri\u00e8re le galbe plus balanc\u00e9 prolonge la d\u00e9coupe des ceintures lat\u00e9rales et reprend la puissance du r\u00e8gne pr\u00e9c\u00e9dent.<\/p>\n<p>Le marbre est magnifique. Provenant du Languedoc ou d\u2019Italie et sans aucun doute d\u2019origine, il s\u2019agit d\u2019une veine rare,\u00a0 nuanc\u00e9e de brun et de violine.<\/p>\n<p>L\u2019ornementation des bronzes est aussi somptueuse qu\u2019\u00e9tonnante : Il s\u2019agit sans doute d\u2019une collaboration franco-Allemande qui naissait en ce d\u00e9but du 18\u00e8me si\u00e8cle pour donner lieu \u00e0 l\u2019excellence du mobilier fran\u00e7ais. Le r\u00e9pertoire de ces bronzes est plus baroque que ce qu\u2019il nous est donn\u00e9 de voir en g\u00e9n\u00e9ral. Les chutes en particulier, ajour\u00e9es comme de la dentelle couvrent une large partie du haut des montants. Les sabots et le tablier sont des mod\u00e8les riches et uniques. Les entr\u00e9es de serrures, rosaces et poign\u00e9es totalement ajour\u00e9es constituent un travail exceptionnel. La ciselure et fort aboutie pour cette p\u00e9riode, et la dorure au mercure dans une fraicheur rare.<\/p>\n<p>Cette commode est reproduite page 358 dans l\u2019ouvrage \u00ab L\u2019Art et la mani\u00e8re des Ma\u00eetres Eb\u00e9nistes fran\u00e7ais du XVIII\u00e8me si\u00e8cle \u00bb de Jean Nicolay, qui l\u2019attribue \u00e0 l\u2019\u00e9b\u00e9niste Brice PERIDIEZ.\u00a0 Elle porte la marque du marchand Pierre II Migeon qui, pour faire face \u00e0 la demande de ses clients prestigieux, faisait travailler les plus grands \u00e9b\u00e9nistes dont Brice Peridiez. L\u2019absence d\u2019estampille de Peridiez s\u2019explique de deux mani\u00e8res : Nous datons cette commode vers 1730 alors que Peridiez n\u2019obtint son titre qu\u2019en 1738. De plus l\u2019estampille, imp\u00f4t \u00e9tabli par Louis XV ne devient obligatoire qu\u2019en 1743.<\/p>\n","protected":false},"excerpt":{"rendered":"<p>Large commode par Brice P\u00e9ridiez, reproduite dans le Nicolay, d\u00e9but de l&rsquo;Epoque LouisXV<\/p>\n","protected":false},"featured_media":7793,"template":"","meta":[],"product_brand":[],"product_cat":[225],"product_tag":[],"class_list":{"0":"post-7792","1":"product","2":"type-product","3":"status-publish","4":"has-post-thumbnail","6":"product_cat-delvaille","7":"description-off","9":"first","10":"instock","11":"shipping-taxable","12":"purchasable","13":"product-type-simple"},"aioseo_notices":[],"_links":{"self":[{"href":"https:\/\/www.carrerivegauche.com\/fr\/wp-json\/wp\/v2\/product\/7792","targetHints":{"allow":["GET"]}}],"collection":[{"href":"https:\/\/www.carrerivegauche.com\/fr\/wp-json\/wp\/v2\/product"}],"about":[{"href":"https:\/\/www.carrerivegauche.com\/fr\/wp-json\/wp\/v2\/types\/product"}],"wp:featuredmedia":[{"embeddable":true,"href":"https:\/\/www.carrerivegauche.com\/fr\/wp-json\/wp\/v2\/media\/7793"}],"wp:attachment":[{"href":"https:\/\/www.carrerivegauche.com\/fr\/wp-json\/wp\/v2\/media?parent=7792"}],"wp:term":[{"taxonomy":"product_brand","embeddable":true,"href":"https:\/\/www.carrerivegauche.com\/fr\/wp-json\/wp\/v2\/product_brand?post=7792"},{"taxonomy":"product_cat","embeddable":true,"href":"https:\/\/www.carrerivegauche.com\/fr\/wp-json\/wp\/v2\/product_cat?post=7792"},{"taxonomy":"product_tag","embeddable":true,"href":"https:\/\/www.carrerivegauche.com\/fr\/wp-json\/wp\/v2\/product_tag?post=7792"}],"curies":[{"name":"wp","href":"https:\/\/api.w.org\/{rel}","templated":true}]}}