 

{"id":7706,"date":"2021-03-10T15:08:35","date_gmt":"2021-03-10T14:08:35","guid":{"rendered":"https:\/\/www.carrerivegauche.com\/testboutique\/boutique-crg\/canne-peson-de-marche\/"},"modified":"2021-05-11T19:37:27","modified_gmt":"2021-05-11T17:37:27","slug":"canne-peson-de-marche","status":"publish","type":"product","link":"https:\/\/www.carrerivegauche.com\/fr\/boutique-crg\/canne-peson-de-marche\/","title":{"rendered":"Canne Peson de March\u00e9"},"content":{"rendered":"<p><strong>R\u00e9f: 1182\/041218.3.0<\/strong><\/p>\n<p>Canne \u00e0 syst\u00e8me de mesure pouvant \u00eatre utilis\u00e9e sur les march\u00e9s. La poign\u00e9e de forme \u00e9querre est en corne de b\u0153uf et repr\u00e9sente un sabot de cheval, elle se d\u00e9visse pour lib\u00e9rer un peson. Le peson est une balance constitu\u00e9e d&rsquo;un ressort dont on mesure l&rsquo;allongement gr\u00e2ce \u00e0 une r\u00e9glette se d\u00e9pla\u00e7ant sur une \u00e9chelle gradu\u00e9e de 1 \u00e0 20 kilogrammes. Trois cha\u00eenettes tiennent le plateau pliant de la balance qui se trouve\u00a0 ins\u00e9r\u00e9 dans la partie basse de la canne. Il dispose \u00e9galement d&rsquo;un crochet en haut pour \u00eatre accroch\u00e9 ou tenu. Il peut \u00e9galement rester solidaire du haut de la canne pour \u00eatre tenu dans la main.<\/p>\n<p>Canne de fabrication anglaise de marque SALTER . Il est indiqu\u00e9 sur la longueur du f\u00fbt en laiton TESTUT\u00a0 &#8211; Made in England.<br \/>\nIl est\u00a0 \u00e9galement inscrit en dessous, en Fran\u00e7ais: \u00a0\u00bb Non v\u00e9rifi\u00e9 par l&rsquo;Etat &#8211; Interdit pour toute transaction\u00a0\u00bb et l&rsquo;unit\u00e9 de mesure est en kilogramme, indiquant que l&rsquo;objet \u00e9tait plut\u00f4t utilis\u00e9 en France.<\/p>\n<p>Sur un f\u00fbt enti\u00e8rement en laiton.<\/p>\n<p>Dimensions du pommeau : 10,5 cm. de large par 11,5 cm. de haut.<br \/>\nDimension du plateau : 15 cm. ouvert et 8,5 cm ferm\u00e9.<br \/>\nDimension des cha\u00eenettes de support : 19 cm.<br \/>\nLongueur totale : 90 cm.<\/p>\n<p>Dimensions du pommeau : 4.1&Prime; de large par 4.5&Prime; de haut.<br \/>\nDimension du plateau : 5.9&Prime; ouvert et\u00a0 3.3&Prime; ferm\u00e9.<br \/>\nDimension des cha\u00eenettes de support : 3.5&Prime;.<br \/>\nLongueur totale : 35.4&Prime;.<\/p>\n<p>Angleterre &#8211; d\u00e9but XX eme.<\/p>\n","protected":false},"excerpt":{"rendered":"<p><strong>R\u00e9f: 1182\/041218.3.0<\/strong><\/p>\n<p>Canne \u00e0 syst\u00e8me de peson pouvant \u00eatre utilis\u00e9e sur les march\u00e9s.<\/p>\n<p>Sur un f\u00fbt enti\u00e8rement en laiton.<\/p>\n<p>Angleterre &#8211; d\u00e9but XX eme.<\/p>\n","protected":false},"featured_media":7703,"template":"","meta":[],"product_brand":[],"product_cat":[223],"product_tag":[],"class_list":{"0":"post-7706","1":"product","2":"type-product","3":"status-publish","4":"has-post-thumbnail","6":"product_cat-artcannes","7":"description-off","9":"first","10":"instock","11":"shipping-taxable","12":"product-type-simple"},"aioseo_notices":[],"_links":{"self":[{"href":"https:\/\/www.carrerivegauche.com\/fr\/wp-json\/wp\/v2\/product\/7706","targetHints":{"allow":["GET"]}}],"collection":[{"href":"https:\/\/www.carrerivegauche.com\/fr\/wp-json\/wp\/v2\/product"}],"about":[{"href":"https:\/\/www.carrerivegauche.com\/fr\/wp-json\/wp\/v2\/types\/product"}],"wp:featuredmedia":[{"embeddable":true,"href":"https:\/\/www.carrerivegauche.com\/fr\/wp-json\/wp\/v2\/media\/7703"}],"wp:attachment":[{"href":"https:\/\/www.carrerivegauche.com\/fr\/wp-json\/wp\/v2\/media?parent=7706"}],"wp:term":[{"taxonomy":"product_brand","embeddable":true,"href":"https:\/\/www.carrerivegauche.com\/fr\/wp-json\/wp\/v2\/product_brand?post=7706"},{"taxonomy":"product_cat","embeddable":true,"href":"https:\/\/www.carrerivegauche.com\/fr\/wp-json\/wp\/v2\/product_cat?post=7706"},{"taxonomy":"product_tag","embeddable":true,"href":"https:\/\/www.carrerivegauche.com\/fr\/wp-json\/wp\/v2\/product_tag?post=7706"}],"curies":[{"name":"wp","href":"https:\/\/api.w.org\/{rel}","templated":true}]}}