 

{"id":7658,"date":"2021-05-01T10:47:04","date_gmt":"2021-05-01T08:47:04","guid":{"rendered":"https:\/\/www.carrerivegauche.com\/testboutique\/boutique-crg\/vase-ovoide-de-camille-faure\/"},"modified":"2021-05-12T16:05:37","modified_gmt":"2021-05-12T14:05:37","slug":"vase-ovoide-de-camille-faure","status":"publish","type":"product","link":"https:\/\/www.carrerivegauche.com\/fr\/boutique-crg\/vase-ovoide-de-camille-faure\/","title":{"rendered":"Vase ovo\u00efde de Camille FAURE"},"content":{"rendered":"<p>Camille FAURE (1874-1956)<br \/>\nAn ovoid enamelled copper vase with polychrome decoration of flowers and foliage.<br \/>\nSigned, Limoges France and numbered 2\/8<\/p>\n<p>Height 11.23 in<\/p>\n","protected":false},"excerpt":{"rendered":"<p>Camille FAURE (1874-1956)<br \/>\nVase ovo\u00efde en cuivre \u00e9maill\u00e9 \u00e0 d\u00e9cor polychrome de fleurs et feuillages.<br \/>\nSign\u00e9, Limoges France et num\u00e9rot\u00e9 2\/8<\/p>\n<p>Hauteur 28,5 cm<\/p>\n","protected":false},"featured_media":7646,"template":"","meta":[],"product_brand":[],"product_cat":[220],"product_tag":[],"class_list":{"0":"post-7658","1":"product","2":"type-product","3":"status-publish","4":"has-post-thumbnail","6":"product_cat-pla","7":"description-off","9":"first","10":"instock","11":"shipping-taxable","12":"purchasable","13":"product-type-simple"},"aioseo_notices":[],"_links":{"self":[{"href":"https:\/\/www.carrerivegauche.com\/fr\/wp-json\/wp\/v2\/product\/7658","targetHints":{"allow":["GET"]}}],"collection":[{"href":"https:\/\/www.carrerivegauche.com\/fr\/wp-json\/wp\/v2\/product"}],"about":[{"href":"https:\/\/www.carrerivegauche.com\/fr\/wp-json\/wp\/v2\/types\/product"}],"wp:featuredmedia":[{"embeddable":true,"href":"https:\/\/www.carrerivegauche.com\/fr\/wp-json\/wp\/v2\/media\/7646"}],"wp:attachment":[{"href":"https:\/\/www.carrerivegauche.com\/fr\/wp-json\/wp\/v2\/media?parent=7658"}],"wp:term":[{"taxonomy":"product_brand","embeddable":true,"href":"https:\/\/www.carrerivegauche.com\/fr\/wp-json\/wp\/v2\/product_brand?post=7658"},{"taxonomy":"product_cat","embeddable":true,"href":"https:\/\/www.carrerivegauche.com\/fr\/wp-json\/wp\/v2\/product_cat?post=7658"},{"taxonomy":"product_tag","embeddable":true,"href":"https:\/\/www.carrerivegauche.com\/fr\/wp-json\/wp\/v2\/product_tag?post=7658"}],"curies":[{"name":"wp","href":"https:\/\/api.w.org\/{rel}","templated":true}]}}