 

{"id":7492,"date":"2021-04-30T15:19:50","date_gmt":"2021-04-30T13:19:50","guid":{"rendered":"https:\/\/www.carrerivegauche.com\/testboutique\/boutique-crg\/cronos\/"},"modified":"2021-05-12T16:19:49","modified_gmt":"2021-05-12T14:19:49","slug":"cronos","status":"publish","type":"product","link":"https:\/\/www.carrerivegauche.com\/fr\/boutique-crg\/cronos\/","title":{"rendered":"Cronos"},"content":{"rendered":"<p dir=\"ltr\" style=\"line-height: 1.38; text-align: justify; margin-top: 0pt; margin-bottom: 0pt;\"><span style=\"font-size: 12pt; font-family: 'Times New Roman'; color: #000000; background-color: transparent; font-weight: 400; font-style: normal; font-variant: normal; text-decoration: none; vertical-align: baseline; white-space: pre-wrap;\">Ce remarquable bronze dor\u00e9 repr\u00e9sente la divinit\u00e9 grecque Cronos (Saturne pour les romains), en train de d\u00e9vorer un de ses enfants. Fils des divinit\u00e9s primordiales Ga\u00efa et Ouranos, le titan Cronos se retourne contre son p\u00e8re afin de lib\u00e9rer ses fr\u00e8res et s\u0153urs que ce dernier avait fait enfermer dans les entrailles de la terre, craignant d&rsquo;\u00eatre d\u00e9tr\u00f4n\u00e9 par sa prog\u00e9niture. A la suite de cet \u00e9pisode, Cronos devint leur roi et prend pour \u00e9pouse sa soeur Rh\u00e9a. Mais bient\u00f4t, il s&rsquo;engage dans un r\u00e8gne aussi tyrannique que le pr\u00e9c\u00e9dent. Ayant \u00e9t\u00e9 averti que l&rsquo;un de ses propres enfants le renverserait \u00e0 son tour, il d\u00e9cide de les d\u00e9vorer un \u00e0 un d\u00e8s leur naissance. Ainsi, il engloutit Hestia, D\u00e9m\u00e9ter, H\u00e9ra, Had\u00e8s et Pos\u00e9idon. Le dernier n\u00e9, Zeus, est heureusement sauv\u00e9 par sa m\u00e8re gr\u00e2ce au subterfuge de la pierre lang\u00e9e et finira d&rsquo;accomplir la proph\u00e9tie.\u00a0<\/span><\/p>\n<p dir=\"ltr\" style=\"line-height: 1.38; text-align: justify; margin-top: 0pt; margin-bottom: 0pt;\"><span style=\"font-size: 12pt; font-family: 'Times New Roman'; color: #000000; background-color: transparent; font-weight: 400; font-style: normal; font-variant: normal; text-decoration: none; vertical-align: baseline; white-space: pre-wrap;\">Confondu au fil des si\u00e8cles avec la divinit\u00e9 Chronos, personnification du temps, les artistes modernes font de ce personnage une incarnation du concept d&rsquo;\u00e9ternel retour (cycle historique se r\u00e9p\u00e9tant inlassablement) et une m\u00e9taphore du temps qui d\u00e9vore tout. Cronos est alors repr\u00e9sent\u00e9 comme sur notre bronze avec les attributs du temps, vieillissant, portant des ailes.\u00a0<\/span><\/p>\n<p dir=\"ltr\" style=\"line-height: 1.38; text-align: justify; margin-top: 0pt; margin-bottom: 0pt;\"><span style=\"font-size: 12pt; font-family: 'Times New Roman'; color: #000000; background-color: transparent; font-weight: 400; font-style: normal; font-variant: normal; text-decoration: none; vertical-align: baseline; white-space: pre-wrap;\">Le style, l&rsquo;expressivit\u00e9 et la grande th\u00e9\u00e2tralit\u00e9 de cette oeuvre nous placent dans le contexte romain du XVIIe si\u00e8cle. C\u2019est ainsi sans surprise qu\u2019elle se r\u00e9v\u00e8le, tout comme son double, non dor\u00e9, conserv\u00e9 \u00e0 la Galleria Nazionale dell\u2019Umbria de P\u00e9rouse, avoir \u00e9t\u00e9 r\u00e9alis\u00e9e d\u2019apr\u00e8s un dessin du ma\u00eetre du baroque romain : Gian Lorenzo Bernini.<\/span><\/p>\n<p dir=\"ltr\">Pour plus d&rsquo;informations :<a href=\"https:\/\/www.galerie-sismann.com\/artwork\/844196\/19175\/d-apres-un-dessin-du-bernin-chronos\"> https:\/\/www.galerie-sismann.com\/artwork\/844196\/19175\/d-apres-un-dessin-du-bernin-chronos<\/a><\/p>\n","protected":false},"excerpt":{"rendered":"<p><span style=\"color: #808080;\">D&rsquo;APRES UN DESSIN DU BERNIN\u00a0<\/span><br style=\"box-sizing: border-box; margin: 0px; padding: 0px;\" \/><span style=\"color: #808080;\">STATUETTE REPRESANTANT CHRONOS<\/span><br style=\"box-sizing: border-box; margin: 0px; padding: 0px;\" \/><span style=\"color: #808080;\">Bronze dor\u00e9<\/span><br style=\"box-sizing: border-box; margin: 0px; padding: 0px;\" \/><span style=\"color: #808080;\">Rome<\/span><br style=\"box-sizing: border-box; margin: 0px; padding: 0px;\" \/><span style=\"color: #808080;\">Fin du XVII e si\u00e8cle<\/span><br style=\"box-sizing: border-box; margin: 0px; padding: 0px;\" \/><span style=\"color: #808080;\">H. 21 cm<\/span><\/p>\n<p><em><span style=\"color: #808080; font-family: 'Open Sans', sans-serif; font-size: 14px;\">AFTER A DESIGN BY BERNINI<\/span><\/em><br style=\"box-sizing: border-box; margin: 0px; padding: 0px;\" \/><em><span style=\"color: #808080; font-family: 'Open Sans', sans-serif; font-size: 14px;\">Gilt bronze figure of Chronos<\/span><\/em><br style=\"box-sizing: border-box; margin: 0px; padding: 0px;\" \/><em><span style=\"color: #808080; font-family: 'Open Sans', sans-serif; font-size: 14px;\">Rome<\/span><\/em><br style=\"box-sizing: border-box; margin: 0px; padding: 0px;\" \/><em><span style=\"color: #808080; font-family: 'Open Sans', sans-serif; font-size: 14px;\">End of the 17th century<\/span><\/em><br style=\"box-sizing: border-box; margin: 0px; padding: 0px;\" \/><em><span style=\"color: #808080; font-family: 'Open Sans', sans-serif; font-size: 14px;\">H. 21 cm<\/span><\/em><\/p>\n","protected":false},"featured_media":7477,"template":"","meta":[],"product_brand":[],"product_cat":[229],"product_tag":[],"class_list":{"0":"post-7492","1":"product","2":"type-product","3":"status-publish","4":"has-post-thumbnail","6":"product_cat-sismann","7":"description-off","9":"first","10":"instock","11":"shipping-taxable","12":"purchasable","13":"product-type-simple"},"aioseo_notices":[],"_links":{"self":[{"href":"https:\/\/www.carrerivegauche.com\/fr\/wp-json\/wp\/v2\/product\/7492","targetHints":{"allow":["GET"]}}],"collection":[{"href":"https:\/\/www.carrerivegauche.com\/fr\/wp-json\/wp\/v2\/product"}],"about":[{"href":"https:\/\/www.carrerivegauche.com\/fr\/wp-json\/wp\/v2\/types\/product"}],"wp:featuredmedia":[{"embeddable":true,"href":"https:\/\/www.carrerivegauche.com\/fr\/wp-json\/wp\/v2\/media\/7477"}],"wp:attachment":[{"href":"https:\/\/www.carrerivegauche.com\/fr\/wp-json\/wp\/v2\/media?parent=7492"}],"wp:term":[{"taxonomy":"product_brand","embeddable":true,"href":"https:\/\/www.carrerivegauche.com\/fr\/wp-json\/wp\/v2\/product_brand?post=7492"},{"taxonomy":"product_cat","embeddable":true,"href":"https:\/\/www.carrerivegauche.com\/fr\/wp-json\/wp\/v2\/product_cat?post=7492"},{"taxonomy":"product_tag","embeddable":true,"href":"https:\/\/www.carrerivegauche.com\/fr\/wp-json\/wp\/v2\/product_tag?post=7492"}],"curies":[{"name":"wp","href":"https:\/\/api.w.org\/{rel}","templated":true}]}}