 

{"id":7286,"date":"2021-03-10T15:01:47","date_gmt":"2021-03-10T14:01:47","guid":{"rendered":"https:\/\/www.carrerivegauche.com\/testboutique\/boutique-crg\/charles-despiau-mont-de-marsan-1874-paris-1946\/"},"modified":"2021-05-12T13:54:53","modified_gmt":"2021-05-12T11:54:53","slug":"charles-despiau-mont-de-marsan-1874-paris-1946","status":"publish","type":"product","link":"https:\/\/www.carrerivegauche.com\/fr\/boutique-crg\/charles-despiau-mont-de-marsan-1874-paris-1946\/","title":{"rendered":"Charles DESPIAU (Mont-de-Marsan, 1874 &#8211; Paris, 1946)"},"content":{"rendered":"<h3 style=\"box-sizing: border-box; font-family: texgyreherosregular; font-weight: 500; line-height: 1.1; color: #7f0627; margin-top: 20px; margin-bottom: 10px; font-size: 22px; letter-spacing: 0.19em;\"><\/h3>\n<p style=\"box-sizing: border-box; margin: -5px 0px 15px; color: #727266; font-family: texgyreherosregular; text-align: justify;\"><strong style=\"box-sizing: border-box;\">Exhibitions:<\/strong><br style=\"box-sizing: border-box;\" \/>&#8211; Salon des Tuileries, Paris, 1937, an unfinished cast under the number\u00a0481<\/p>\n<p style=\"box-sizing: border-box; margin: -5px 0px 15px; color: #727266; font-family: texgyreherosregular; text-align: justify;\">&#8211;\u00a0<em style=\"box-sizing: border-box;\">Charles Despiau Sculptures et Dessin<\/em>s, Mus\u00e9e Rodin, Paris, 1974, another proof of the same model (numbered 9\/10, collection of the Despiau-Wl\u00e9rick Museum, Mont-de-Marsan) under the number 86<br style=\"box-sizing: border-box;\" \/>&#8211;\u00a0<em style=\"box-sizing: border-box;\">Charles Despiau 1874-1946<\/em>, traveling exhibition under the direction of Tetsuo Sakai in 7 museums in Japan, another proof of the same model (numbered 9\/10, Despiau-Wl\u00e9rick Museum Coll., Mont-de-Marsan) under number 59:<br style=\"box-sizing: border-box;\" \/>. The Miyagi Museum of Art, June 7 to July 13, 1997<br style=\"box-sizing: border-box;\" \/>. Mie Prefectoral Art Museum, from July 19 to August 24, 1997<br style=\"box-sizing: border-box;\" \/>. Kumamoto Prefectoral Museum of Art, September 4 to October 5, 1997<br style=\"box-sizing: border-box;\" \/>. Ohara Museum of Art, October 11 to November 16, 1997<br style=\"box-sizing: border-box;\" \/>. Yamanashi Prefectural Museum of Art, November 22 to December 21, 1997<br style=\"box-sizing: border-box;\" \/>. Hyogo Prefectural Museum of Modern Art, Kobe, January 6 to February 8, 1998<br style=\"box-sizing: border-box;\" \/>. The Museum of Modern Art, Ibaraki, February 14 to March 22, 1998<br style=\"box-sizing: border-box;\" \/>&#8211; Charles Despiau Hommage \u00e0 Baudelaire, traveling exhibition:<br style=\"box-sizing: border-box;\" \/>. Bordeaux Mus\u00e9e des Beaux-Arts, Bordeaux, 18 June to 18 September 2005<br style=\"box-sizing: border-box;\" \/>. Libourne Mus\u00e9e des Beaux-Arts, Libourne, 18 June to 18 September 2005<br style=\"box-sizing: border-box;\" \/>. Mus\u00e9e Despiau-Wl\u00e9rick, Mont-de-Marsan, from October 8, 2005 to January 16, 2006, another cast\u00a0(numbered 9\/10, collection of the Mus\u00e9e Despiau-Wl\u00e9rick, Mont-de-Marsan)<\/p>\n<p style=\"box-sizing: border-box; margin: -5px 0px 15px; color: #727266; font-family: texgyreherosregular; text-align: justify;\"><strong style=\"box-sizing: border-box;\">Selective literature:<\/strong><br style=\"box-sizing: border-box;\" \/>&#8211;\u00a0<em style=\"box-sizing: border-box;\">Regards sur l\u2019\u0153uvre de Charles Despiau\u00a0<\/em>by L\u00e9on Deshairs, 1937, another proof reproduced p. 140<br style=\"box-sizing: border-box;\" \/>&#8211; \u00a0<em style=\"box-sizing: border-box;\">Sculpteurs de ce temps<\/em>, by Jacques Baschet, New French Editions, Paris, 1946, plaster reproduced p. 37<br style=\"box-sizing: border-box;\" \/>&#8211;\u00a0<em style=\"box-sizing: border-box;\">Despiau vivant L\u2019homme et l\u2019\u0153uvre<\/em>\u00a0by Waldemar George, editions Paul Dupont, 1947, original size plaster reproduced pl. 8<br style=\"box-sizing: border-box;\" \/>&#8211;\u00a0<em style=\"box-sizing: border-box;\">Despiau<\/em>\u00a0by Maximilian Gautier, Gemini, Paris, 1949, another proof of the same model reproduced pl. XIX<br style=\"box-sizing: border-box;\" \/>&#8211;\u00a0<em style=\"box-sizing: border-box;\">Ch. Despiau<\/em>\u00a0by W. George, 1954, another proof of the same model reproduced pl. 26<br style=\"box-sizing: border-box;\" \/>&#8211;\u00a0<em style=\"box-sizing: border-box;\">Dictionnaire universel de l\u2019art et des artistes<\/em>\u00a0by J.-E. Muller, Paris, 1967, another proof of the same model reproduced on p. 389<br style=\"box-sizing: border-box;\" \/>&#8211;\u00a0<em style=\"box-sizing: border-box;\">Charles Despiau Sculptures et dessins<\/em>, catalogue of the exhibition of the Mus\u00e9e Rodin, Paris, 1974, texts by Monique Laurent and Claude Roger-Marx, another proof of the same model is described and reproduced under the number 86<br style=\"box-sizing: border-box;\" \/>&#8211;\u00a0<em style=\"box-sizing: border-box;\">Charles Albert Despiau (1874-1946)<\/em>, Collections of the Mus\u00e9e Municipal\u00a0of Mont-de-Marsan, 1982, another proof of the same model (cast Bisceglia numbered 9\/10, collection of the Mus\u00e9e Despiau-Wl\u00e9rick, Mont-de-Marsan) is described and reproduced as No. 64 at p. 52<br style=\"box-sizing: border-box;\" \/>&#8211;\u00a0<em style=\"box-sizing: border-box;\">Charles Despiau (1874-1946) Catalogue Raisonn\u00e9 de l\u2019\u0152uvre Sculpt\u00e9<\/em>\u00a0by Elisabeth Lebon, PhD Thesis of Art History, University Paris I Panth\u00e9on-Sorbonne, unpublished, 1995, catalogue 135<br style=\"box-sizing: border-box;\" \/>&#8211;\u00a0<em style=\"box-sizing: border-box;\">Charles Despiau 1874-1946<\/em>, catalogue of the traveling exhibition in Japan, notices by Elisabeth Lebon, The Yomiuri Shimbun &amp; The Japan Association of Art Museums Spatial Design Consultants Co. Ltd., 1997, another test of the same model described in the\u00a0pages\u00a0207 and 208 and reproduced in color at p. 164 under the number 59<br style=\"box-sizing: border-box;\" \/>&#8211;\u00a0<em style=\"box-sizing: border-box;\">Charles Despiau Hommage \u00e0 Baudelaire<\/em>, catalogue of the traveling exhibition of the Mus\u00e9e des Beaux-Arts\u00a0 of Bordeaux, the Mus\u00e9e des Beaux-Arts\u00a0 of Libourne and the Museum Despiau-Wl\u00e9rick, Mont-de-Marsan, texts by Ludivine Al\u00e9gria, Olivier Le Bihan, Marguerite Stahl, Alexandre P\u00e9raud and Marie-Christine Herv\u00e9, editions Le Festin, 2005, another proof of the same model (circa 1944-1946, collection of the Mus\u00e9e Despiau-Wl\u00e9rick, Mont-de-Marsan) is reproduced in color at the p. 8<br style=\"box-sizing: border-box;\" \/>&#8211; This sculpture will be included in the Catalogue critique de l\u2019oeuvre sculpt\u00e9 de Charles Despiau being prepared by the Galerie Malaquais under the direction of \u00c9lisabeth Lebon.<\/p>\n","protected":false},"excerpt":{"rendered":"<p class=\"txt18 main\" style=\"box-sizing: border-box; margin: -5px 0px 15px; color: #727266; font-size: 18px; font-family: texgyreherosregular; text-align: justify;\"><span class=\"inventoryTitle\" style=\"box-sizing: border-box; font-style: italic;\">Madame Paul-Louis Weiller, dite aussi La Grecque<\/span>, Circa 1944 -1946<\/p>\n<p style=\"box-sizing: border-box; margin: -5px 0px 15px; color: #727266; font-family: texgyreherosregular; text-align: justify;\">Original bronze\u00a0with gold patina<br style=\"box-sizing: border-box;\" \/>Cast, Bisceglia, Paris<br style=\"box-sizing: border-box;\" \/>Foundry stamp on the back on the right shoulder\u00a0<em style=\"box-sizing: border-box;\">CIRE PERDUE \/ BISCEGLIA<\/em><br style=\"box-sizing: border-box;\" \/>Signed and numbered under the left breast\u00a0<em style=\"box-sizing: border-box;\">C. Despiau 7\/10<\/em><br style=\"box-sizing: border-box;\" \/>Re-signed on the back on the right shoulder\u00a0<em style=\"box-sizing: border-box;\">C. Despiau<\/em><br style=\"box-sizing: border-box;\" \/>Height: 60 cm Width: 47 cm Depth: 27.5 cm<\/p>\n<p style=\"box-sizing: border-box; margin: -5px 0px 15px; color: #727266; font-family: texgyreherosregular; text-align: justify;\">Work initiated around 1932 and completed around 1944-1946<br style=\"box-sizing: border-box;\" \/>Limited edition of 10\u00a0each numbered out of 10<br style=\"box-sizing: border-box;\" \/>According to Elisabeth Lebon, bronze by Bisceglia from 1947 authorized by Mrs. Charles Despiau<\/p>\n","protected":false},"featured_media":7270,"template":"","meta":[],"product_brand":[],"product_cat":[228],"product_tag":[],"class_list":{"0":"post-7286","1":"product","2":"type-product","3":"status-publish","4":"has-post-thumbnail","6":"product_cat-modernes","7":"description-off","9":"first","10":"instock","11":"shipping-taxable","12":"product-type-simple"},"aioseo_notices":[],"_links":{"self":[{"href":"https:\/\/www.carrerivegauche.com\/fr\/wp-json\/wp\/v2\/product\/7286","targetHints":{"allow":["GET"]}}],"collection":[{"href":"https:\/\/www.carrerivegauche.com\/fr\/wp-json\/wp\/v2\/product"}],"about":[{"href":"https:\/\/www.carrerivegauche.com\/fr\/wp-json\/wp\/v2\/types\/product"}],"wp:featuredmedia":[{"embeddable":true,"href":"https:\/\/www.carrerivegauche.com\/fr\/wp-json\/wp\/v2\/media\/7270"}],"wp:attachment":[{"href":"https:\/\/www.carrerivegauche.com\/fr\/wp-json\/wp\/v2\/media?parent=7286"}],"wp:term":[{"taxonomy":"product_brand","embeddable":true,"href":"https:\/\/www.carrerivegauche.com\/fr\/wp-json\/wp\/v2\/product_brand?post=7286"},{"taxonomy":"product_cat","embeddable":true,"href":"https:\/\/www.carrerivegauche.com\/fr\/wp-json\/wp\/v2\/product_cat?post=7286"},{"taxonomy":"product_tag","embeddable":true,"href":"https:\/\/www.carrerivegauche.com\/fr\/wp-json\/wp\/v2\/product_tag?post=7286"}],"curies":[{"name":"wp","href":"https:\/\/api.w.org\/{rel}","templated":true}]}}