 

{"id":7285,"date":"2021-04-29T18:38:23","date_gmt":"2021-04-29T16:38:23","guid":{"rendered":"https:\/\/www.carrerivegauche.com\/testboutique\/boutique-crg\/console-de-milieu-depoque-louis-xiv\/"},"modified":"2021-05-07T10:08:46","modified_gmt":"2021-05-07T08:08:46","slug":"console-de-milieu-depoque-louis-xiv","status":"publish","type":"product","link":"https:\/\/www.carrerivegauche.com\/fr\/boutique-crg\/console-de-milieu-depoque-louis-xiv\/","title":{"rendered":"Console de milieu d&rsquo;\u00e9poque Louis XIV"},"content":{"rendered":"<p class=\"MsoNormal\" style=\"margin: 0cm 0cm 0.0001pt; font-size: 10pt; font-family: \"Times New Roman\"; color: rgb(0, 0, 0); text-indent: 0.25pt;\"><span style=\"font-size: 14pt;\">Console de milieu Louis XIV<o:p><\/o:p><\/span><\/p>\n<p class=\"MsoNormal\" style=\"margin: 0cm 0cm 0.0001pt; font-size: 10pt; font-family: \"Times New Roman\"; color: rgb(0, 0, 0); text-indent: 0.25pt;\"><span style=\"font-size: 14pt;\">Attribu\u00e9 \u00e0 Pierre GOLE ( 1620-1684 ), \u00e9b\u00e9niste du roi Louis XIV<o:p><\/o:p><\/span><\/p>\n<p class=\"MsoNormal\" style=\"margin: 0cm 0cm 0.0001pt; font-size: 10pt; font-family: \"Times New Roman\"; color: rgb(0, 0, 0);\"><span style=\"font-size: 12pt;\">En bois dor\u00e9, la ceinture droite, elle repose sur quatre pieds en gaine sculpt\u00e9s de bustes de femme \u00e0 haute coiffe fournie de plumes, sur un enroulement \u00e0 cannelures en fa\u00e7ade et guirlande de fleurs sur l\u2019int\u00e9rieur, reli\u00e9s entre eux par une entretoise de forme g\u00e9om\u00e9trique, le tout sur des boules aplaties couvertes d\u2019une large feuille d\u2019acanthe d\u00e9bordante.<o:p><\/o:p><\/span><\/p>\n<p class=\"MsoNormal\" style=\"margin: 0cm 0cm 0.0001pt; font-size: 10pt; font-family: \"Times New Roman\"; color: rgb(0, 0, 0);\"><span style=\"font-size: 12pt;\">Elle est coiff\u00e9e d\u2019un plateau de marbre Grand Antique.<o:p><\/o:p><\/span><\/p>\n<p class=\"MsoNormal\" style=\"margin: 0cm 0cm 0.0001pt; font-size: 10pt; font-family: \"Times New Roman\"; color: rgb(0, 0, 0);\"><span style=\"font-size: 12pt;\">France, \u00e9poque fin XVII\u00e8me-d\u00e9but du XVIII\u00e8me si\u00e8cle<o:p><\/o:p><\/span><\/p>\n<p class=\"MsoNormal\" style=\"margin: 0cm 0cm 0.0001pt; font-size: 10pt; font-family: \"Times New Roman\"; color: rgb(0, 0, 0);\"><span style=\"font-size: 12pt;\">Le plateau d\u2019\u00e9poque post\u00e9rieure.<o:p><\/o:p><\/span><\/p>\n<p class=\"MsoNormal\" style=\"margin: 0cm 0cm 0.0001pt; font-size: 10pt; font-family: \"Times New Roman\"; color: rgb(0, 0, 0);\"><span style=\"font-size: 12pt;\">Dimensions : H : 86 cm &#8211; L : 149 cm &#8211; P : 68 cm.<o:p><\/o:p><\/span><\/p>\n<p class=\"MsoNormal\" style=\"margin: 0cm 0cm 0.0001pt; font-size: 10pt; font-family: \"Times New Roman\"; color: rgb(0, 0, 0);\"><span style=\"font-size: 12pt;\">\u00a0<\/span><\/p>\n<p class=\"MsoNormal\" style=\"margin: 0cm 0cm 0.0001pt; font-size: 10pt; font-family: \"Times New Roman\"; color: rgb(0, 0, 0);\"><span style=\"font-size: 12pt;\">Provenance\u00a0: ancienne collection Giovanni Paolo Quinteri, palazzo Blumenstihl de Rome. Vente de la succession \u00e0 Rome, mai 1971, lot illustr\u00e9 n\u00b0221.<o:p><\/o:p><\/span><\/p>\n<p class=\"MsoNormal\" style=\"margin: 0cm 0cm 0.0001pt; font-size: 10pt; font-family: \"Times New Roman\"; color: rgb(0, 0, 0);\"><span style=\"font-size: 12pt;\">Cette console peut \u00eatre attribu\u00e9e \u00e0 l\u2019\u00e9b\u00e9niste Pierre Gole. Elle pr\u00e9sente de fortes analogies avec plusieurs de ses consoles. Bibliographie\u00a0: <u>Pierre Gole,\u00e9b\u00e9niste de Louis XIV<\/u>, TH.H. Lunsingh Scheurleer, editions Faton, illustrations pages 90 \u00e0 97 pour des consoles au pi\u00e8tement d\u2019un dessin similaire, tr\u00e8s caract\u00e9ristique.<o:p><\/o:p><\/span><\/p>\n","protected":false},"excerpt":{"rendered":"<p>Console de milieu Louis XIV en bois richement sculpt\u00e9 et dor\u00e9.<\/p>\n<p>Attribu\u00e9 \u00e0 Pierre GOLE (1620-1684), \u00e9b\u00e9niste du roi Louis XIV<\/p>\n<p>Origine : France<\/p>\n<p>Epoque : Fin 17\u00e8me-d\u00e9but du 18\u00e8me si\u00e8cle<\/p>\n<p>Plateau en marbre Grand Antique d&rsquo;\u00e9poque post\u00e9rieure.\u00a0<\/p>\n","protected":false},"featured_media":7276,"template":"","meta":[],"product_brand":[],"product_cat":[231],"product_tag":[],"class_list":{"0":"post-7285","1":"product","2":"type-product","3":"status-publish","4":"has-post-thumbnail","6":"product_cat-vichot","7":"description-off","9":"first","10":"instock","11":"shipping-taxable","12":"product-type-simple"},"aioseo_notices":[],"_links":{"self":[{"href":"https:\/\/www.carrerivegauche.com\/fr\/wp-json\/wp\/v2\/product\/7285","targetHints":{"allow":["GET"]}}],"collection":[{"href":"https:\/\/www.carrerivegauche.com\/fr\/wp-json\/wp\/v2\/product"}],"about":[{"href":"https:\/\/www.carrerivegauche.com\/fr\/wp-json\/wp\/v2\/types\/product"}],"wp:featuredmedia":[{"embeddable":true,"href":"https:\/\/www.carrerivegauche.com\/fr\/wp-json\/wp\/v2\/media\/7276"}],"wp:attachment":[{"href":"https:\/\/www.carrerivegauche.com\/fr\/wp-json\/wp\/v2\/media?parent=7285"}],"wp:term":[{"taxonomy":"product_brand","embeddable":true,"href":"https:\/\/www.carrerivegauche.com\/fr\/wp-json\/wp\/v2\/product_brand?post=7285"},{"taxonomy":"product_cat","embeddable":true,"href":"https:\/\/www.carrerivegauche.com\/fr\/wp-json\/wp\/v2\/product_cat?post=7285"},{"taxonomy":"product_tag","embeddable":true,"href":"https:\/\/www.carrerivegauche.com\/fr\/wp-json\/wp\/v2\/product_tag?post=7285"}],"curies":[{"name":"wp","href":"https:\/\/api.w.org\/{rel}","templated":true}]}}