 

{"id":7098,"date":"2021-06-19T12:40:42","date_gmt":"2021-06-19T10:40:42","guid":{"rendered":"https:\/\/www.carrerivegauche.com\/testboutique\/boutique-crg\/grue-couronnee-agenouillee\/"},"modified":"2022-10-17T15:46:58","modified_gmt":"2022-10-17T13:46:58","slug":"grue-couronnee-agenouillee","status":"publish","type":"product","link":"https:\/\/www.carrerivegauche.com\/fr\/boutique-crg\/grue-couronnee-agenouillee\/","title":{"rendered":"Mateo HERNANDEZ (1885-1949) Grue couronn\u00e9e agenouill\u00e9e"},"content":{"rendered":"<p><strong>Mateo Hernandez<\/strong>, n\u00e9 \u00e0 B\u00e9jar dans la province de Salamanque, a fait avec son p\u00e8re son apprentissage de tailleur de pierre. Tr\u00e8s jeune il s\u2019int\u00e9resse au monde animal et fait preuve d\u2019une grande ma\u00eetrise technique. Apr\u00e8s un s\u00e9jour \u00e0 l\u2019Ecole des Beaux-Arts de Madrid, il d\u00e9cide de se rendre \u00e0 Paris en 1911. Il devient sculpteur animalier par vocation et trouve ses mod\u00e8les au Jardin des Plantes, mais aussi dans son atelier o\u00f9 il vit entour\u00e9 d\u2019une m\u00e9nagerie dans une vaste demeure de Meudon.<\/p>\n<p>Ses mod\u00e8les sont transpos\u00e9s dans les pierres les plus dures ou les plus difficiles \u00e0 travailler : granit noir de Belgique, basalte, porphyre rouge, granit rose d\u2019Egypte, granit vert, gr\u00e8s rouge de Strasbourg, diorite, schiste. Il aime le marbre, la pierre plus tendre et le bois exotique avec une pr\u00e9f\u00e9rence pour l\u2019acajou de Cuba et le bois d\u2019\u00e9b\u00e8ne du Congo. Ma\u00eetrisant toutes les techniques de taille, sa m\u00e9thode consiste \u00e0 d\u00e9grossir la mati\u00e8re sans points de rep\u00e8re, \u00e0 coups de marteau ; il ach\u00e8ve la pi\u00e8ce en travaillant les d\u00e9tails au ciseau jusque dans les moindres d\u00e9tails n\u00e9cessaires et la termine en la polissant \u00e0 la main.<\/p>\n<p>Sa premi\u00e8re exposition en Espagne se tiendra \u00e0 Madrid en 1927. Il y montre 37 sculptures, toutes en taille directe qui remporteront un grand succ\u00e8s, avec des achats de la famille royale.<\/p>\n<p>C\u2019est un artiste dont toute r\u00e9alisation est imm\u00e9diatement reconnaissable par son aspect hi\u00e9ratique, \u00e0 la sensibilit\u00e9 proche de celle des artistes de l\u2019Egypte pharaonique. Notre Grue couronn\u00e9e qui est un oiseau \u00e0 l\u2019envergure spectaculaire est ici repr\u00e9sent\u00e9e recroquevill\u00e9e sur elle-m\u00eame, dans une vision \u00e9pur\u00e9e et synth\u00e9tique, qui met en valeur la limpidit\u00e9 des volumes et la s\u00e9r\u00e9nit\u00e9 de son expression.<\/p>\n","protected":false},"excerpt":{"rendered":"<p><strong>Mateo HERN\u00c1NDEZ (1885-1949)<\/strong><br \/>Granit noir en taille directe, pi\u00e8ce unique, sign\u00e9e \u00ab MATEO HERN\u00c1NDEZ \u00bb.<br \/>Porte la mention \u00ab Talla Directa \u00bb, dat\u00e9e 1919.<br \/>Porte la lettre P sur les c\u00f4t\u00e9s de la terrasse.<br \/>Circa 1919<\/p>\n<p><strong>Provenance<\/strong> : Collection Fernande Hern\u00e1ndez, don de l\u2019artiste ; collection Rimsky, offerte par cette derni\u00e8re ; dans la famille depuis.<\/p>\n<p><strong>Expositions<\/strong> :\u00a0 Salon d\u2019Automne, Paris 1921 ; Mateo Hern\u00e1ndez, Sociedad Espanola de Amigos del Arte, Madrid, 15 janvier-15 f\u00e9vrier 1927, n\u00b026 ; Exposition des \u0153uvres de Mateo Hern\u00e1ndez , Mus\u00e9e des Arts D\u00e9coratifs, Pavillon de Marsan, f\u00e9vrier-mars 1928, Paris, n\u00b036 ; Faune &amp; flore exotiques dans l\u2019art, le Louvre des Antiquaires, Paris, 25 juin-25 septembre 1983, n\u00b0 29 ; Bestiaire contemporain \u00e0 Paris, Mairie du VIIe, Paris, juin-juillet 1985, n\u00b017 ; Mateo Hern\u00e1ndez, 1885-1949, catalogue d\u2019exposition, Mus\u00e9e d\u2019art et d\u2019histoire, Meudon, 10 janvier-16 f\u00e9vrier 1986.<\/p>\n<p><strong>Bibliographie<\/strong> : Ren\u00e9-Jean \u00ab Un sculpteur de pierres dures \u00bb, Art et d\u00e9coration, octobre 1924, p.107 pour une vue de l\u2019\u0153uvre au Salon d\u2019Automne de 1921 ; Fernande Hern\u00e1ndez, Mateo Hern\u00e1ndez, sculpteur espagnol 1885-1949, Paris 1952, p. 33 ; Faune &amp; flore exotiques dans l\u2019art, le Louvre des Antiquaires, Paris, 25 juin-25 septembre 1983, n\u00b0 29, pl. 12 ; Mateo Hern\u00e1ndez, 1885-1949, catalogue d\u2019exposition, Mus\u00e9e d\u2019art et d\u2019histoire, Meudon, 10 janvier-16 f\u00e9vrier 1986, p. 30 ; J.C. Brasas Egido et L.B. Villarroel, Mateo Hern\u00e1ndez, 1885-1949. Un escultor espa\u00f1ol en Par\u00eds, Junta de Castilla y Le\u00f3n-Consejer\u00eda de Educaci\u00f3n y Cultura, Valladolid, 1998, p.61, fig.13 et pp. 206-207, fig. 84, cat.22.<\/p>\n","protected":false},"featured_media":7095,"template":"","meta":[],"product_brand":[],"product_cat":[233],"product_tag":[],"class_list":{"0":"post-7098","1":"product","2":"type-product","3":"status-publish","4":"has-post-thumbnail","6":"product_cat-bourriaud","7":"description-off","9":"first","10":"instock","11":"shipping-taxable","12":"product-type-simple"},"aioseo_notices":[],"_links":{"self":[{"href":"https:\/\/www.carrerivegauche.com\/fr\/wp-json\/wp\/v2\/product\/7098","targetHints":{"allow":["GET"]}}],"collection":[{"href":"https:\/\/www.carrerivegauche.com\/fr\/wp-json\/wp\/v2\/product"}],"about":[{"href":"https:\/\/www.carrerivegauche.com\/fr\/wp-json\/wp\/v2\/types\/product"}],"wp:featuredmedia":[{"embeddable":true,"href":"https:\/\/www.carrerivegauche.com\/fr\/wp-json\/wp\/v2\/media\/7095"}],"wp:attachment":[{"href":"https:\/\/www.carrerivegauche.com\/fr\/wp-json\/wp\/v2\/media?parent=7098"}],"wp:term":[{"taxonomy":"product_brand","embeddable":true,"href":"https:\/\/www.carrerivegauche.com\/fr\/wp-json\/wp\/v2\/product_brand?post=7098"},{"taxonomy":"product_cat","embeddable":true,"href":"https:\/\/www.carrerivegauche.com\/fr\/wp-json\/wp\/v2\/product_cat?post=7098"},{"taxonomy":"product_tag","embeddable":true,"href":"https:\/\/www.carrerivegauche.com\/fr\/wp-json\/wp\/v2\/product_tag?post=7098"}],"curies":[{"name":"wp","href":"https:\/\/api.w.org\/{rel}","templated":true}]}}