 

{"id":7094,"date":"2021-04-22T14:03:28","date_gmt":"2021-04-22T12:03:28","guid":{"rendered":"https:\/\/www.carrerivegauche.com\/testboutique\/boutique-crg\/paire-de-medaillons-octogonaux\/"},"modified":"2021-05-12T10:20:17","modified_gmt":"2021-05-12T08:20:17","slug":"paire-de-medaillons-octogonaux","status":"publish","type":"product","link":"https:\/\/www.carrerivegauche.com\/fr\/boutique-crg\/paire-de-medaillons-octogonaux\/","title":{"rendered":"Paire de m\u00e9daillons octogonaux"},"content":{"rendered":"","protected":false},"excerpt":{"rendered":"<p><strong>Paire de m\u00e9daillons octogonaux repr\u00e9sentant des reliefs d\u2019empereurs romains<\/strong><br \/>\nEncadrement en bronze dor\u00e9e, marbre noir sur marbre blanc<br \/>\nHauteur : 40 cm \u2013 Largeur : 32 cm<br \/>\nD\u00e9but du 20e si\u00e8cle, Italie.<\/p>\n<p>\u00a9 inustudio courtesy BJF Antiquit\u00e9s<\/p>\n","protected":false},"featured_media":7091,"template":"","meta":[],"product_brand":[],"product_cat":[234],"product_tag":[],"class_list":{"0":"post-7094","1":"product","2":"type-product","3":"status-publish","4":"has-post-thumbnail","6":"product_cat-bjf-antiques","7":"description-off","9":"first","10":"instock","11":"shipping-taxable","12":"product-type-simple"},"aioseo_notices":[],"_links":{"self":[{"href":"https:\/\/www.carrerivegauche.com\/fr\/wp-json\/wp\/v2\/product\/7094","targetHints":{"allow":["GET"]}}],"collection":[{"href":"https:\/\/www.carrerivegauche.com\/fr\/wp-json\/wp\/v2\/product"}],"about":[{"href":"https:\/\/www.carrerivegauche.com\/fr\/wp-json\/wp\/v2\/types\/product"}],"wp:featuredmedia":[{"embeddable":true,"href":"https:\/\/www.carrerivegauche.com\/fr\/wp-json\/wp\/v2\/media\/7091"}],"wp:attachment":[{"href":"https:\/\/www.carrerivegauche.com\/fr\/wp-json\/wp\/v2\/media?parent=7094"}],"wp:term":[{"taxonomy":"product_brand","embeddable":true,"href":"https:\/\/www.carrerivegauche.com\/fr\/wp-json\/wp\/v2\/product_brand?post=7094"},{"taxonomy":"product_cat","embeddable":true,"href":"https:\/\/www.carrerivegauche.com\/fr\/wp-json\/wp\/v2\/product_cat?post=7094"},{"taxonomy":"product_tag","embeddable":true,"href":"https:\/\/www.carrerivegauche.com\/fr\/wp-json\/wp\/v2\/product_tag?post=7094"}],"curies":[{"name":"wp","href":"https:\/\/api.w.org\/{rel}","templated":true}]}}