 

{"id":7074,"date":"2021-04-22T12:34:35","date_gmt":"2021-04-22T10:34:35","guid":{"rendered":"https:\/\/www.carrerivegauche.com\/testboutique\/boutique-crg\/lampe-fleur-par-paolo-venini\/"},"modified":"2021-05-11T19:33:12","modified_gmt":"2021-05-11T17:33:12","slug":"lampe-fleur-par-paolo-venini","status":"publish","type":"product","link":"https:\/\/www.carrerivegauche.com\/fr\/boutique-crg\/lampe-fleur-par-paolo-venini\/","title":{"rendered":"Lampe Fleur par Paolo Venini"},"content":{"rendered":"","protected":false},"excerpt":{"rendered":"<p>Structure en m\u00e9tal dor\u00e9, \u00e9l\u00e9ments diffuseurs en verre de Murano ambre et transparent.<br \/>\nFabriqu\u00e9 en Italie vers 1960.<br \/>\n168 x 50cm<br \/>\n\u00a9 courtesy A.J Antiquit\u00e9s<\/p>\n<p><em><strong>1960&rsquo;s Venini Murano flower floor lamp<\/strong><\/em><br \/>\n<em>Murano glass and gold steel structure floor lamp by Venini for VeArt.<\/em><br \/>\n<em>Flowers \u00e9lements in amber and transparent Murano glass.<\/em><br \/>\n<em>Round base Italy 1960s.<\/em><br \/>\n<em>168 x 50 cm<\/em><\/p>\n","protected":false},"featured_media":7071,"template":"","meta":[],"product_brand":[],"product_cat":[221],"product_tag":[],"class_list":{"0":"post-7074","1":"product","2":"type-product","3":"status-publish","4":"has-post-thumbnail","6":"product_cat-aj-antiquites","7":"description-off","9":"first","10":"instock","11":"shipping-taxable","12":"product-type-simple"},"aioseo_notices":[],"_links":{"self":[{"href":"https:\/\/www.carrerivegauche.com\/fr\/wp-json\/wp\/v2\/product\/7074","targetHints":{"allow":["GET"]}}],"collection":[{"href":"https:\/\/www.carrerivegauche.com\/fr\/wp-json\/wp\/v2\/product"}],"about":[{"href":"https:\/\/www.carrerivegauche.com\/fr\/wp-json\/wp\/v2\/types\/product"}],"wp:featuredmedia":[{"embeddable":true,"href":"https:\/\/www.carrerivegauche.com\/fr\/wp-json\/wp\/v2\/media\/7071"}],"wp:attachment":[{"href":"https:\/\/www.carrerivegauche.com\/fr\/wp-json\/wp\/v2\/media?parent=7074"}],"wp:term":[{"taxonomy":"product_brand","embeddable":true,"href":"https:\/\/www.carrerivegauche.com\/fr\/wp-json\/wp\/v2\/product_brand?post=7074"},{"taxonomy":"product_cat","embeddable":true,"href":"https:\/\/www.carrerivegauche.com\/fr\/wp-json\/wp\/v2\/product_cat?post=7074"},{"taxonomy":"product_tag","embeddable":true,"href":"https:\/\/www.carrerivegauche.com\/fr\/wp-json\/wp\/v2\/product_tag?post=7074"}],"curies":[{"name":"wp","href":"https:\/\/api.w.org\/{rel}","templated":true}]}}