 

{"id":6941,"date":"2021-03-10T15:08:06","date_gmt":"2021-03-10T14:08:06","guid":{"rendered":"https:\/\/www.carrerivegauche.com\/testboutique\/boutique-crg\/charles-ix-tronant-ivoire-france-xvie-siecle\/"},"modified":"2021-05-12T16:14:40","modified_gmt":"2021-05-12T14:14:40","slug":"charles-ix-tronant-ivoire-france-xvie-siecle","status":"publish","type":"product","link":"https:\/\/www.carrerivegauche.com\/fr\/boutique-crg\/charles-ix-tronant-ivoire-france-xvie-siecle\/","title":{"rendered":"Charles IX Tronant, ivoire France XVIe si\u00e8cle"},"content":{"rendered":"","protected":false},"excerpt":{"rendered":"<p>M\u00e9daillon en ivoire sculpt\u00e9<\/p>\n<p>Diam\u00e8tre: 10,9cm<\/p>\n<p style=\"margin: 0px; text-align: justify; font-stretch: normal; font-size: 12px; line-height: normal;\">Sur notre m\u00e9daillon en ivoire sculpt\u00e9, Charles IX est assis sous un dais dont deux anges \u00e9cartent les pans. Il tient la main de justice et le sceptre royal, symboles de son pouvoir au m\u00eame titre que la couronne dont il est coiff\u00e9 ainsi que les lions sur lesquels reposent ses pieds, rappel du tr\u00f4ne de Salomon. Notre m\u00e9daillon, qui reproduit le sceau de l\u2019ordre de Saint Michel (fond\u00e9 le 1<sup>er<\/sup> ao\u00fbt 1469 par Louis XI, et dont le roi de France est le grand ma\u00eetre) \u00e9tait peut-\u00eatre le couvercle de l\u2019\u00e9crin destin\u00e9 \u00e0 ce sceau. Peu d\u2019objets fran\u00e7ais en ivoire nous sont parvenus de cette p\u00e9riode.<\/p>\n<p style=\"margin: 0px; font-stretch: normal; font-size: 12px; line-height: normal;\">\n<p style=\"margin: 0px; text-align: justify; font-stretch: normal; font-size: 12px; line-height: normal;\">Charles IX est n\u00e9 \u00e0 Saint-Germain-en-Laye en 1550. Il \u00e9tait le deuxi\u00e8me fils d\u2019Henri II et de Catherine de M\u00e9dicis. Il succ\u00e9da \u00e0 son fr\u00e8re Fran\u00e7ois II qui n\u2019avait r\u00e9gn\u00e9 que quelques mois. Il monta sur le tr\u00f4ne \u00e0 un \u00e2ge encore plus pr\u00e9coce\u00a0: dix ans. Sa m\u00e8re assura l\u2019exercice du pouvoir. Charles IX \u00e9tait tout aussi fragile physiquement et psychologiquement que ses fr\u00e8res.<\/p>\n<p style=\"margin: 0px; text-align: justify; font-stretch: normal; font-size: 12px; line-height: normal;\">\n<p style=\"margin: 0px; text-align: justify; font-stretch: normal; font-size: 12px; line-height: normal;\">Tout au long de son r\u00e8gne, il souffrit de la pr\u00e9f\u00e9rence de sa m\u00e8re pour son fr\u00e8re Henri. Il se r\u00e9jouit lorsque celui-ci dut partir apr\u00e8s son \u00e9lection au tr\u00f4ne de Pologne en 1573. Mais malade, il mourut \u00e0 la veille de ses 24 ans en 1574.Initialement favorable aux protestants, c\u2019est malgr\u00e9 tout sous son r\u00e8gne qu\u2019eut lieu en 1572 l\u2019horrible nuit de la saint Barth\u00e9l\u00e9my.<\/p>\n<p>&nbsp;<\/p>\n","protected":false},"featured_media":6938,"template":"","meta":[],"product_brand":[],"product_cat":[232],"product_tag":[],"class_list":{"0":"post-6941","1":"product","2":"type-product","3":"status-publish","4":"has-post-thumbnail","6":"product_cat-ratton-ladriere","7":"description-off","9":"first","10":"instock","11":"shipping-taxable","12":"product-type-simple"},"aioseo_notices":[],"_links":{"self":[{"href":"https:\/\/www.carrerivegauche.com\/fr\/wp-json\/wp\/v2\/product\/6941","targetHints":{"allow":["GET"]}}],"collection":[{"href":"https:\/\/www.carrerivegauche.com\/fr\/wp-json\/wp\/v2\/product"}],"about":[{"href":"https:\/\/www.carrerivegauche.com\/fr\/wp-json\/wp\/v2\/types\/product"}],"wp:featuredmedia":[{"embeddable":true,"href":"https:\/\/www.carrerivegauche.com\/fr\/wp-json\/wp\/v2\/media\/6938"}],"wp:attachment":[{"href":"https:\/\/www.carrerivegauche.com\/fr\/wp-json\/wp\/v2\/media?parent=6941"}],"wp:term":[{"taxonomy":"product_brand","embeddable":true,"href":"https:\/\/www.carrerivegauche.com\/fr\/wp-json\/wp\/v2\/product_brand?post=6941"},{"taxonomy":"product_cat","embeddable":true,"href":"https:\/\/www.carrerivegauche.com\/fr\/wp-json\/wp\/v2\/product_cat?post=6941"},{"taxonomy":"product_tag","embeddable":true,"href":"https:\/\/www.carrerivegauche.com\/fr\/wp-json\/wp\/v2\/product_tag?post=6941"}],"curies":[{"name":"wp","href":"https:\/\/api.w.org\/{rel}","templated":true}]}}