 

{"id":6635,"date":"2021-03-23T12:32:58","date_gmt":"2021-03-23T11:32:58","guid":{"rendered":"https:\/\/www.carrerivegauche.com\/testboutique\/boutique-crg\/yes-jacques-villegle\/"},"modified":"2021-05-06T15:39:00","modified_gmt":"2021-05-06T13:39:00","slug":"yes-jacques-villegle","status":"publish","type":"product","link":"https:\/\/www.carrerivegauche.com\/fr\/boutique-crg\/yes-jacques-villegle\/","title":{"rendered":"YES &#8211; Jacques Villegl\u00e9"},"content":{"rendered":"<p>Figure majeure des Nouveaux R\u00e9alistes, ayant marqu\u00e9 le champs de l\u2019art contemporain par son invention du concept d\u2019affiches lac\u00e9r\u00e9es, Jacques Villegl\u00e9 investit le champ de la sculpture \u00e0 partir des ann\u00e9es 2000, prolongeant ainsi dans les trois dimensions son alphabet socio-politique inspir\u00e9 des graffitis urbains.<\/p>\n<p><em>Born in France in 1926, Jacques Villegl\u00e9 is a leading visual artist who belongs to the group of New Realists, founded in Paris in 1960. He first studied painting and design at the Beaux Arts of Rennes where he met his faithful accomplice Raymond Hains, before moving on to study architecture. Recuperating objects for use in his work, he began to collect torn posters. Using almost only this unique material, Villegl\u00e9 has developed an astonishingly, rish body of work. In 2000, he starts investigating the field of sculptures using the social-political alphabet he invented in the late 1960s.<\/em><\/p>\n","protected":false},"excerpt":{"rendered":"<p><strong>YES<\/strong><\/p>\n<p><strong>Bague<\/strong><br \/>or jaune 18 carats et argent 925<br \/>2.7 x 3.8 cm<br \/>2008<br \/>\u00c9dition de 8 exemplaires<br \/>PRIX SUR DEMANDE<\/p>\n<p><strong><em>YES<\/em><\/strong><\/p>\n<p><strong><em>Ring<\/em><\/strong><br \/><em>sterling silver and 18 carats yellow gold<\/em><br \/><em>2.7 x 3.8 cm<\/em><br \/><em>Edition of 8<br \/><\/em>PRICE ON REQUEST<br data-mce-bogus=\"1\"><\/p>\n","protected":false},"featured_media":6636,"template":"","meta":[],"product_brand":[],"product_cat":[240],"product_tag":[],"class_list":{"0":"post-6635","1":"product","2":"type-product","3":"status-publish","4":"has-post-thumbnail","6":"product_cat-minimasterpiece","7":"description-off","9":"first","10":"instock","11":"shipping-taxable","12":"purchasable","13":"product-type-simple"},"aioseo_notices":[],"_links":{"self":[{"href":"https:\/\/www.carrerivegauche.com\/fr\/wp-json\/wp\/v2\/product\/6635","targetHints":{"allow":["GET"]}}],"collection":[{"href":"https:\/\/www.carrerivegauche.com\/fr\/wp-json\/wp\/v2\/product"}],"about":[{"href":"https:\/\/www.carrerivegauche.com\/fr\/wp-json\/wp\/v2\/types\/product"}],"wp:featuredmedia":[{"embeddable":true,"href":"https:\/\/www.carrerivegauche.com\/fr\/wp-json\/wp\/v2\/media\/6636"}],"wp:attachment":[{"href":"https:\/\/www.carrerivegauche.com\/fr\/wp-json\/wp\/v2\/media?parent=6635"}],"wp:term":[{"taxonomy":"product_brand","embeddable":true,"href":"https:\/\/www.carrerivegauche.com\/fr\/wp-json\/wp\/v2\/product_brand?post=6635"},{"taxonomy":"product_cat","embeddable":true,"href":"https:\/\/www.carrerivegauche.com\/fr\/wp-json\/wp\/v2\/product_cat?post=6635"},{"taxonomy":"product_tag","embeddable":true,"href":"https:\/\/www.carrerivegauche.com\/fr\/wp-json\/wp\/v2\/product_tag?post=6635"}],"curies":[{"name":"wp","href":"https:\/\/api.w.org\/{rel}","templated":true}]}}