 

{"id":6632,"date":"2021-03-19T12:13:18","date_gmt":"2021-03-19T11:13:18","guid":{"rendered":"https:\/\/www.carrerivegauche.com\/testboutique\/?post_type=product&#038;p=6632"},"modified":"2023-11-09T17:14:43","modified_gmt":"2023-11-09T16:14:43","slug":"monika-debus-form-b-2","status":"publish","type":"product","link":"https:\/\/www.carrerivegauche.com\/fr\/boutique-crg\/monika-debus-form-b-2\/","title":{"rendered":"Monika Debus &#8211; Form B"},"content":{"rendered":"<p>Monika Debus<br class=\"\">Allemande, n\u00e9e en 1961<br class=\"\">C\u00e9ramiste<br class=\"\"><br class=\"\">Les c\u00e9ramiques de Monika Debus m\u00e8lent l\u2019abstraction et la peinture. Leur force principale r\u00e9side dans un vocabulaire universel de base.\u00a0Des combinaisons de formes simples, peintes spontan\u00e9ment avec des signes \u00e9l\u00e9mentaires, \u00e9voquent une multitude d\u2019associations en tant\u00a0qu\u2019entit\u00e9s individuelles. Un vernis sp\u00e9cial de gr\u00e8s au sel donne \u00e0 la surface des c\u00e9ramiques une profondeur subtile qui les singularisent.\u00a0Ses c\u00e9ramiques nous d\u00e9voilent un univers intime \u00e0 lire travers les formes et les signes instinctifs.<\/p>\n<hr>\n<p><\/p>\n<p><em>German woman, b. 1961<\/em><br \/><em>Ceramist<\/em><\/p>\n<p><em>The artistic ceramic works of Monika Debus move silently between abstraction and representation while balancing on the cusp of painting.<\/em><br \/><em>Their primary strength lies in a basic universal vocabulary. Combinations of simple forms, spontaneously painted with elementary signs evoke a multitude of associations as individual entities A special saltglaze finish gives the surface of the works a subtle depth which enhances their originality as well as their mystical aura.<\/em><br \/><em>The pieces unveil a private cosmos to the viewer while remaining reminders of instinctive bodily movements.<\/em><\/p>\n","protected":false},"excerpt":{"rendered":"<div class=\"page\" title=\"Page 1\">\n<div class=\"section\">\n<div class=\"layoutArea\">\n<div class=\"column\">\n<p><span style=\"font-size: 11.000000pt;font-family: 'AvenirNext';font-weight: 700;font-style: italic\">Memory II &#8211; <\/span><span style=\"font-size: 11.000000pt;font-family: 'AvenirNext';font-weight: 700\">2022<br \/>\n<\/span><span style=\"font-size: 11.000000pt;font-family: 'AvenirNext'\">Ce\u0301ramique en gre\u0300s &#8211; De\u0301cor peint en poudre de porcelaine<br \/>\n<\/span><\/p>\n<p><span style=\"font-size: 11.000000pt;font-family: 'AvenirNext'\">Ceramic in stoneware clay &#8211; painted with porcelain powder<br \/>\n<\/span><\/p>\n<p><span style=\"font-size: 11.000000pt;font-family: 'AvenirNext'\">23,5 x 40 x 29 cm &#8211; 9,25 x 15,7 x 11,4 inches<br \/>\n<\/span><\/p>\n<\/p><\/div>\n<\/p><\/div>\n<\/p><\/div>\n<\/p><\/div>\n<p><br data-mce-bogus=\"1\"><\/p>\n","protected":false},"featured_media":23223,"template":"","meta":[],"product_brand":[],"product_cat":[230],"product_tag":[],"class_list":{"0":"post-6632","1":"product","2":"type-product","3":"status-publish","4":"has-post-thumbnail","6":"product_cat-art-1831","7":"description-off","9":"first","10":"instock","11":"shipping-taxable","12":"purchasable","13":"product-type-simple"},"aioseo_notices":[],"_links":{"self":[{"href":"https:\/\/www.carrerivegauche.com\/fr\/wp-json\/wp\/v2\/product\/6632","targetHints":{"allow":["GET"]}}],"collection":[{"href":"https:\/\/www.carrerivegauche.com\/fr\/wp-json\/wp\/v2\/product"}],"about":[{"href":"https:\/\/www.carrerivegauche.com\/fr\/wp-json\/wp\/v2\/types\/product"}],"wp:featuredmedia":[{"embeddable":true,"href":"https:\/\/www.carrerivegauche.com\/fr\/wp-json\/wp\/v2\/media\/23223"}],"wp:attachment":[{"href":"https:\/\/www.carrerivegauche.com\/fr\/wp-json\/wp\/v2\/media?parent=6632"}],"wp:term":[{"taxonomy":"product_brand","embeddable":true,"href":"https:\/\/www.carrerivegauche.com\/fr\/wp-json\/wp\/v2\/product_brand?post=6632"},{"taxonomy":"product_cat","embeddable":true,"href":"https:\/\/www.carrerivegauche.com\/fr\/wp-json\/wp\/v2\/product_cat?post=6632"},{"taxonomy":"product_tag","embeddable":true,"href":"https:\/\/www.carrerivegauche.com\/fr\/wp-json\/wp\/v2\/product_tag?post=6632"}],"curies":[{"name":"wp","href":"https:\/\/api.w.org\/{rel}","templated":true}]}}